{"id":20186,"date":"2020-01-28T15:23:10","date_gmt":"2020-01-28T13:23:10","guid":{"rendered":"https:\/\/www.barista-warehouse.com\/wmf-chilled-coffee\/"},"modified":"2020-01-28T16:08:19","modified_gmt":"2020-01-28T14:08:19","slug":"wmf-chilled-coffee","status":"publish","type":"page","link":"https:\/\/www.barista-warehouse.com\/de\/wmf-chilled-coffee\/","title":{"rendered":"WMF Chilled Coffee"},"content":{"rendered":"<div class=\"wpb-content-wrapper\"><p>[vc_row][vc_column width=&#8221;1\/12&#8243;][\/vc_column][vc_column width=&#8221;1\/4&#8243;][vc_wp_custommenu nav_menu=&#8221;439&#8243; el_id=&#8221;SideMenu&#8221;][\/vc_column][vc_column width=&#8221;7\/12&#8243;][vc_single_image image=&#8221;20163&#8243; img_size=&#8221;full&#8221;][\/vc_column][vc_column width=&#8221;1\/12&#8243;][\/vc_column][\/vc_row][vc_row][vc_column width=&#8221;1\/12&#8243;][\/vc_column][vc_column width=&#8221;1\/4&#8243;][\/vc_column][vc_column width=&#8221;7\/12&#8243;][vc_column_text]<\/p>\n<h1>Dieses System erm\u00f6glicht die Zubereitung von neuen Getr\u00e4nkespezialit\u00e4ten mit gek\u00fchltem Kaffee.<\/h1>\n<p>&nbsp;<\/p>\n<p>Mit diesem ausgekl\u00fcgelten System k\u00f6nnen Sie eine neue Auswahl von Getr\u00e4nkespezialit\u00e4ten mit gek\u00fchltem Kaffee zubereiten. Dazu wird frisch gebr\u00fchter hei\u00dfer Kaffee mit einem W\u00e4rmetauscher auf unter 50\u00a0\u00b0C gek\u00fchlt. Dies bietet eine schnelle L\u00f6sung zur Zubereitung k\u00f6stlicher Eiskaffee- und anderer Kaltgetr\u00e4nke.<\/p>\n<p>Aufgrund der niedrigeren Temperatur bleiben die Eisw\u00fcrfel oder die Eiscreme l\u00e4nger gefroren \u2013 f\u00fcr ein besser aussehendes, wohlschmeckenderes gek\u00fchltes Getr\u00e4nk. Da der gek\u00fchlte Kaffee zudem \u00fcber ein separates Ventil produziert wird, werden alle anderen Kaffeespezialit\u00e4ten mit der \u00fcblichen Temperatur serviert.[\/vc_column_text][\/vc_column][vc_column width=&#8221;1\/12&#8243;][\/vc_column][\/vc_row][vc_row][vc_column width=&#8221;1\/12&#8243;][\/vc_column][vc_column width=&#8221;1\/4&#8243;][\/vc_column][vc_column width=&#8221;7\/12&#8243;][vc_single_image image=&#8221;20168&#8243; img_size=&#8221;full&#8221;][\/vc_column][vc_column width=&#8221;1\/12&#8243;][\/vc_column][\/vc_row][vc_row][vc_column width=&#8221;1\/12&#8243;][\/vc_column][vc_column width=&#8221;1\/4&#8243;][\/vc_column][vc_column width=&#8221;7\/12&#8243;][vc_column_text]Chilled Coffee ist f\u00fcr die <strong><a href=\"https:\/\/www.wmf-coffeemachines.com\/de_de\/produkte\/kaffeevollautomaten\/wmf-5000-s-plus-44.html\">WMF 5000 S+<\/a><\/strong>\u00a0verf\u00fcgbar.<\/p>\n<p>Rezepte f\u00fcr Kaffeespezialit\u00e4ten mit Chilled Coffee gibt es\u00a0<strong><a href=\"https:\/\/www.wmf-coffeemachines.com\/de_de\/kaffeekompetenz\/kaffeerezepte\/spezialitaeten.html\">hier.<\/a><\/strong>[\/vc_column_text][\/vc_column][vc_column width=&#8221;1\/12&#8243;][\/vc_column][\/vc_row][vc_row][vc_column width=&#8221;1\/12&#8243;][\/vc_column][vc_column width=&#8221;1\/4&#8243;][\/vc_column][vc_column width=&#8221;7\/12&#8243;][vc_single_image image=&#8221;20171&#8243; img_size=&#8221;full&#8221;][\/vc_column][vc_column width=&#8221;1\/12&#8243;][\/vc_column][\/vc_row][vc_row][vc_column][vc_raw_html]JTVCaW5jbHVkZS1wYWdlJTIwaWQlM0QlMjIxNzc4MCUyMiU1RA==[\/vc_raw_html][\/vc_column][\/vc_row]<\/p>\n<\/div>","protected":false},"excerpt":{"rendered":"<p>[vc_row][vc_column width=&#8221;1\/12&#8243;][\/vc_column][vc_column width=&#8221;1\/4&#8243;][vc_wp_custommenu nav_menu=&#8221;439&#8243; el_id=&#8221;SideMenu&#8221;][\/vc_column][vc_column width=&#8221;7\/12&#8243;][vc_single_image image=&#8221;20163&#8243; img_size=&#8221;full&#8221;][\/vc_column][vc_column width=&#8221;1\/12&#8243;][\/vc_column][\/vc_row][vc_row][vc_column width=&#8221;1\/12&#8243;][\/vc_column][vc_column width=&#8221;1\/4&#8243;][\/vc_column][vc_column width=&#8221;7\/12&#8243;][vc_column_text] Dieses System erm\u00f6glicht die Zubereitung von neuen Getr\u00e4nkespezialit\u00e4ten mit gek\u00fchltem Kaffee. &nbsp; Mit diesem ausgekl\u00fcgelten System k\u00f6nnen Sie eine neue Auswahl von Getr\u00e4nkespezialit\u00e4ten mit gek\u00fchltem Kaffee zubereiten. Dazu wird frisch gebr\u00fchter hei\u00dfer Kaffee mit einem W\u00e4rmetauscher auf unter 50\u00a0\u00b0C gek\u00fchlt. Dies bietet eine [&hellip;]<\/p>\n","protected":false},"author":1,"featured_media":0,"parent":0,"menu_order":0,"comment_status":"closed","ping_status":"closed","template":"fullwidth.php","meta":{"footnotes":""},"class_list":["post-20186","page","type-page","status-publish","hentry"],"yoast_head":"<!-- This site is optimized with the Yoast SEO plugin v27.5 - https:\/\/yoast.com\/product\/yoast-seo-wordpress\/ -->\n<title>WMF Chilled Coffee - WMF, \u039c\u03b7\u03c7\u03b1\u03bd\u03ad\u03c2 Espresso, \u03c0\u03bb\u03ae\u03c1\u03c9\u03c2 \u03b1\u03c5\u03c4\u03cc\u03bc\u03b1\u03c4\u03b1 \u03c3\u03c5\u03c3\u03c4\u03ae\u03bc\u03b1\u03c4\u03b1, MADE IN GERMANY<\/title>\n<meta name=\"robots\" content=\"index, follow, max-snippet:-1, max-image-preview:large, max-video-preview:-1\" \/>\n<link rel=\"canonical\" href=\"https:\/\/www.barista-warehouse.com\/de\/wmf-chilled-coffee\/\" \/>\n<meta property=\"og:locale\" content=\"de_DE\" \/>\n<meta property=\"og:type\" content=\"article\" \/>\n<meta property=\"og:title\" content=\"WMF Chilled Coffee - WMF, \u039c\u03b7\u03c7\u03b1\u03bd\u03ad\u03c2 Espresso, \u03c0\u03bb\u03ae\u03c1\u03c9\u03c2 \u03b1\u03c5\u03c4\u03cc\u03bc\u03b1\u03c4\u03b1 \u03c3\u03c5\u03c3\u03c4\u03ae\u03bc\u03b1\u03c4\u03b1, MADE IN GERMANY\" \/>\n<meta property=\"og:description\" content=\"[vc_row][vc_column width=&#8221;1\/12&#8243;][\/vc_column][vc_column width=&#8221;1\/4&#8243;][vc_wp_custommenu nav_menu=&#8221;439&#8243; el_id=&#8221;SideMenu&#8221;][\/vc_column][vc_column width=&#8221;7\/12&#8243;][vc_single_image image=&#8221;20163&#8243; img_size=&#8221;full&#8221;][\/vc_column][vc_column width=&#8221;1\/12&#8243;][\/vc_column][\/vc_row][vc_row][vc_column width=&#8221;1\/12&#8243;][\/vc_column][vc_column width=&#8221;1\/4&#8243;][\/vc_column][vc_column width=&#8221;7\/12&#8243;][vc_column_text] Dieses System erm\u00f6glicht die Zubereitung von neuen Getr\u00e4nkespezialit\u00e4ten mit gek\u00fchltem Kaffee. &nbsp; Mit diesem ausgekl\u00fcgelten System k\u00f6nnen Sie eine neue Auswahl von Getr\u00e4nkespezialit\u00e4ten mit gek\u00fchltem Kaffee zubereiten. Dazu wird frisch gebr\u00fchter hei\u00dfer Kaffee mit einem W\u00e4rmetauscher auf unter 50\u00a0\u00b0C gek\u00fchlt. Dies bietet eine [&hellip;]\" \/>\n<meta property=\"og:url\" content=\"https:\/\/www.barista-warehouse.com\/de\/wmf-chilled-coffee\/\" \/>\n<meta property=\"og:site_name\" content=\"WMF, \u039c\u03b7\u03c7\u03b1\u03bd\u03ad\u03c2 Espresso, \u03c0\u03bb\u03ae\u03c1\u03c9\u03c2 \u03b1\u03c5\u03c4\u03cc\u03bc\u03b1\u03c4\u03b1 \u03c3\u03c5\u03c3\u03c4\u03ae\u03bc\u03b1\u03c4\u03b1, MADE IN GERMANY\" \/>\n<meta property=\"article:publisher\" content=\"https:\/\/www.facebook.com\/Barista-Warehousecom-476441349775216\/\" \/>\n<meta property=\"article:modified_time\" content=\"2020-01-28T14:08:19+00:00\" \/>\n<meta name=\"twitter:card\" content=\"summary_large_image\" \/>\n<meta name=\"twitter:label1\" content=\"Gesch\u00e4tzte Lesezeit\" \/>\n\t<meta name=\"twitter:data1\" content=\"2\u00a0Minuten\" \/>\n<script type=\"application\/ld+json\" class=\"yoast-schema-graph\">{\"@context\":\"https:\\\/\\\/schema.org\",\"@graph\":[{\"@type\":\"WebPage\",\"@id\":\"https:\\\/\\\/www.barista-warehouse.com\\\/de\\\/wmf-chilled-coffee\\\/\",\"url\":\"https:\\\/\\\/www.barista-warehouse.com\\\/de\\\/wmf-chilled-coffee\\\/\",\"name\":\"WMF Chilled Coffee - WMF, \u039c\u03b7\u03c7\u03b1\u03bd\u03ad\u03c2 Espresso, \u03c0\u03bb\u03ae\u03c1\u03c9\u03c2 \u03b1\u03c5\u03c4\u03cc\u03bc\u03b1\u03c4\u03b1 \u03c3\u03c5\u03c3\u03c4\u03ae\u03bc\u03b1\u03c4\u03b1, MADE IN GERMANY\",\"isPartOf\":{\"@id\":\"https:\\\/\\\/www.barista-warehouse.com\\\/de\\\/#website\"},\"datePublished\":\"2020-01-28T13:23:10+00:00\",\"dateModified\":\"2020-01-28T14:08:19+00:00\",\"breadcrumb\":{\"@id\":\"https:\\\/\\\/www.barista-warehouse.com\\\/de\\\/wmf-chilled-coffee\\\/#breadcrumb\"},\"inLanguage\":\"de\",\"potentialAction\":[{\"@type\":\"ReadAction\",\"target\":[\"https:\\\/\\\/www.barista-warehouse.com\\\/de\\\/wmf-chilled-coffee\\\/\"]}]},{\"@type\":\"BreadcrumbList\",\"@id\":\"https:\\\/\\\/www.barista-warehouse.com\\\/de\\\/wmf-chilled-coffee\\\/#breadcrumb\",\"itemListElement\":[{\"@type\":\"ListItem\",\"position\":1,\"name\":\"Startseite\",\"item\":\"https:\\\/\\\/www.barista-warehouse.com\\\/de\\\/\"},{\"@type\":\"ListItem\",\"position\":2,\"name\":\"WMF Chilled Coffee\"}]},{\"@type\":\"WebSite\",\"@id\":\"https:\\\/\\\/www.barista-warehouse.com\\\/de\\\/#website\",\"url\":\"https:\\\/\\\/www.barista-warehouse.com\\\/de\\\/\",\"name\":\"Barista Warehouse\",\"description\":\"\u0395\u03c0\u03b1\u03b3\u03b3\u03b5\u03bb\u03bc\u03b1\u03c4\u03b9\u03ba\u03ad\u03c2 \u03bc\u03b7\u03c7\u03b1\u03bd\u03ad\u03c2 \u03b5\u03c3\u03c0\u03c1\u03ad\u03c3\u03c3\u03bf \u03b3\u03b9\u03b1 \u03ba\u03b1\u03c6\u03b5\u03c4\u03ad\u03c1\u03b9\u03b1, \u03bc\u03c0\u03b1\u03c1, \u03b1\u03bd\u03b1\u03c8\u03c5\u03ba\u03c4\u03ae\u03c1\u03b9\u03bf, \u03be\u03b5\u03bd\u03bf\u03b4\u03bf\u03c7\u03b5\u03af\u03bf \u03ba\u03b1\u03b9 \u03c0\u03c1\u03b1\u03c4\u03ae\u03c1\u03b9\u03bf \u03ac\u03c1\u03c4\u03bf\u03c5\",\"publisher\":{\"@id\":\"https:\\\/\\\/www.barista-warehouse.com\\\/de\\\/#organization\"},\"potentialAction\":[{\"@type\":\"SearchAction\",\"target\":{\"@type\":\"EntryPoint\",\"urlTemplate\":\"https:\\\/\\\/www.barista-warehouse.com\\\/de\\\/?s={search_term_string}\"},\"query-input\":{\"@type\":\"PropertyValueSpecification\",\"valueRequired\":true,\"valueName\":\"search_term_string\"}}],\"inLanguage\":\"de\"},{\"@type\":\"Organization\",\"@id\":\"https:\\\/\\\/www.barista-warehouse.com\\\/de\\\/#organization\",\"name\":\"Baristawarehouse\",\"url\":\"https:\\\/\\\/www.barista-warehouse.com\\\/de\\\/\",\"logo\":{\"@type\":\"ImageObject\",\"inLanguage\":\"de\",\"@id\":\"https:\\\/\\\/www.barista-warehouse.com\\\/de\\\/#\\\/schema\\\/logo\\\/image\\\/\",\"url\":\"https:\\\/\\\/i0.wp.com\\\/www.barista-warehouse.com\\\/wp-content\\\/uploads\\\/2019\\\/05\\\/logo-barista-final.png?fit=479%2C273&ssl=1\",\"contentUrl\":\"https:\\\/\\\/i0.wp.com\\\/www.barista-warehouse.com\\\/wp-content\\\/uploads\\\/2019\\\/05\\\/logo-barista-final.png?fit=479%2C273&ssl=1\",\"width\":479,\"height\":273,\"caption\":\"Baristawarehouse\"},\"image\":{\"@id\":\"https:\\\/\\\/www.barista-warehouse.com\\\/de\\\/#\\\/schema\\\/logo\\\/image\\\/\"},\"sameAs\":[\"https:\\\/\\\/www.facebook.com\\\/Barista-Warehousecom-476441349775216\\\/\"]}]}<\/script>\n<!-- \/ Yoast SEO plugin. -->","yoast_head_json":{"title":"WMF Chilled Coffee - WMF, \u039c\u03b7\u03c7\u03b1\u03bd\u03ad\u03c2 Espresso, \u03c0\u03bb\u03ae\u03c1\u03c9\u03c2 \u03b1\u03c5\u03c4\u03cc\u03bc\u03b1\u03c4\u03b1 \u03c3\u03c5\u03c3\u03c4\u03ae\u03bc\u03b1\u03c4\u03b1, MADE IN GERMANY","robots":{"index":"index","follow":"follow","max-snippet":"max-snippet:-1","max-image-preview":"max-image-preview:large","max-video-preview":"max-video-preview:-1"},"canonical":"https:\/\/www.barista-warehouse.com\/de\/wmf-chilled-coffee\/","og_locale":"de_DE","og_type":"article","og_title":"WMF Chilled Coffee - WMF, \u039c\u03b7\u03c7\u03b1\u03bd\u03ad\u03c2 Espresso, \u03c0\u03bb\u03ae\u03c1\u03c9\u03c2 \u03b1\u03c5\u03c4\u03cc\u03bc\u03b1\u03c4\u03b1 \u03c3\u03c5\u03c3\u03c4\u03ae\u03bc\u03b1\u03c4\u03b1, MADE IN GERMANY","og_description":"[vc_row][vc_column width=&#8221;1\/12&#8243;][\/vc_column][vc_column width=&#8221;1\/4&#8243;][vc_wp_custommenu nav_menu=&#8221;439&#8243; el_id=&#8221;SideMenu&#8221;][\/vc_column][vc_column width=&#8221;7\/12&#8243;][vc_single_image image=&#8221;20163&#8243; img_size=&#8221;full&#8221;][\/vc_column][vc_column width=&#8221;1\/12&#8243;][\/vc_column][\/vc_row][vc_row][vc_column width=&#8221;1\/12&#8243;][\/vc_column][vc_column width=&#8221;1\/4&#8243;][\/vc_column][vc_column width=&#8221;7\/12&#8243;][vc_column_text] Dieses System erm\u00f6glicht die Zubereitung von neuen Getr\u00e4nkespezialit\u00e4ten mit gek\u00fchltem Kaffee. &nbsp; Mit diesem ausgekl\u00fcgelten System k\u00f6nnen Sie eine neue Auswahl von Getr\u00e4nkespezialit\u00e4ten mit gek\u00fchltem Kaffee zubereiten. Dazu wird frisch gebr\u00fchter hei\u00dfer Kaffee mit einem W\u00e4rmetauscher auf unter 50\u00a0\u00b0C gek\u00fchlt. Dies bietet eine [&hellip;]","og_url":"https:\/\/www.barista-warehouse.com\/de\/wmf-chilled-coffee\/","og_site_name":"WMF, \u039c\u03b7\u03c7\u03b1\u03bd\u03ad\u03c2 Espresso, \u03c0\u03bb\u03ae\u03c1\u03c9\u03c2 \u03b1\u03c5\u03c4\u03cc\u03bc\u03b1\u03c4\u03b1 \u03c3\u03c5\u03c3\u03c4\u03ae\u03bc\u03b1\u03c4\u03b1, MADE IN GERMANY","article_publisher":"https:\/\/www.facebook.com\/Barista-Warehousecom-476441349775216\/","article_modified_time":"2020-01-28T14:08:19+00:00","twitter_card":"summary_large_image","twitter_misc":{"Gesch\u00e4tzte Lesezeit":"2\u00a0Minuten"},"schema":{"@context":"https:\/\/schema.org","@graph":[{"@type":"WebPage","@id":"https:\/\/www.barista-warehouse.com\/de\/wmf-chilled-coffee\/","url":"https:\/\/www.barista-warehouse.com\/de\/wmf-chilled-coffee\/","name":"WMF Chilled Coffee - WMF, \u039c\u03b7\u03c7\u03b1\u03bd\u03ad\u03c2 Espresso, \u03c0\u03bb\u03ae\u03c1\u03c9\u03c2 \u03b1\u03c5\u03c4\u03cc\u03bc\u03b1\u03c4\u03b1 \u03c3\u03c5\u03c3\u03c4\u03ae\u03bc\u03b1\u03c4\u03b1, MADE IN GERMANY","isPartOf":{"@id":"https:\/\/www.barista-warehouse.com\/de\/#website"},"datePublished":"2020-01-28T13:23:10+00:00","dateModified":"2020-01-28T14:08:19+00:00","breadcrumb":{"@id":"https:\/\/www.barista-warehouse.com\/de\/wmf-chilled-coffee\/#breadcrumb"},"inLanguage":"de","potentialAction":[{"@type":"ReadAction","target":["https:\/\/www.barista-warehouse.com\/de\/wmf-chilled-coffee\/"]}]},{"@type":"BreadcrumbList","@id":"https:\/\/www.barista-warehouse.com\/de\/wmf-chilled-coffee\/#breadcrumb","itemListElement":[{"@type":"ListItem","position":1,"name":"Startseite","item":"https:\/\/www.barista-warehouse.com\/de\/"},{"@type":"ListItem","position":2,"name":"WMF Chilled Coffee"}]},{"@type":"WebSite","@id":"https:\/\/www.barista-warehouse.com\/de\/#website","url":"https:\/\/www.barista-warehouse.com\/de\/","name":"Barista Warehouse","description":"\u0395\u03c0\u03b1\u03b3\u03b3\u03b5\u03bb\u03bc\u03b1\u03c4\u03b9\u03ba\u03ad\u03c2 \u03bc\u03b7\u03c7\u03b1\u03bd\u03ad\u03c2 \u03b5\u03c3\u03c0\u03c1\u03ad\u03c3\u03c3\u03bf \u03b3\u03b9\u03b1 \u03ba\u03b1\u03c6\u03b5\u03c4\u03ad\u03c1\u03b9\u03b1, \u03bc\u03c0\u03b1\u03c1, \u03b1\u03bd\u03b1\u03c8\u03c5\u03ba\u03c4\u03ae\u03c1\u03b9\u03bf, \u03be\u03b5\u03bd\u03bf\u03b4\u03bf\u03c7\u03b5\u03af\u03bf \u03ba\u03b1\u03b9 \u03c0\u03c1\u03b1\u03c4\u03ae\u03c1\u03b9\u03bf \u03ac\u03c1\u03c4\u03bf\u03c5","publisher":{"@id":"https:\/\/www.barista-warehouse.com\/de\/#organization"},"potentialAction":[{"@type":"SearchAction","target":{"@type":"EntryPoint","urlTemplate":"https:\/\/www.barista-warehouse.com\/de\/?s={search_term_string}"},"query-input":{"@type":"PropertyValueSpecification","valueRequired":true,"valueName":"search_term_string"}}],"inLanguage":"de"},{"@type":"Organization","@id":"https:\/\/www.barista-warehouse.com\/de\/#organization","name":"Baristawarehouse","url":"https:\/\/www.barista-warehouse.com\/de\/","logo":{"@type":"ImageObject","inLanguage":"de","@id":"https:\/\/www.barista-warehouse.com\/de\/#\/schema\/logo\/image\/","url":"https:\/\/i0.wp.com\/www.barista-warehouse.com\/wp-content\/uploads\/2019\/05\/logo-barista-final.png?fit=479%2C273&ssl=1","contentUrl":"https:\/\/i0.wp.com\/www.barista-warehouse.com\/wp-content\/uploads\/2019\/05\/logo-barista-final.png?fit=479%2C273&ssl=1","width":479,"height":273,"caption":"Baristawarehouse"},"image":{"@id":"https:\/\/www.barista-warehouse.com\/de\/#\/schema\/logo\/image\/"},"sameAs":["https:\/\/www.facebook.com\/Barista-Warehousecom-476441349775216\/"]}]}},"_links":{"self":[{"href":"https:\/\/www.barista-warehouse.com\/de\/wp-json\/wp\/v2\/pages\/20186","targetHints":{"allow":["GET"]}}],"collection":[{"href":"https:\/\/www.barista-warehouse.com\/de\/wp-json\/wp\/v2\/pages"}],"about":[{"href":"https:\/\/www.barista-warehouse.com\/de\/wp-json\/wp\/v2\/types\/page"}],"author":[{"embeddable":true,"href":"https:\/\/www.barista-warehouse.com\/de\/wp-json\/wp\/v2\/users\/1"}],"replies":[{"embeddable":true,"href":"https:\/\/www.barista-warehouse.com\/de\/wp-json\/wp\/v2\/comments?post=20186"}],"version-history":[{"count":3,"href":"https:\/\/www.barista-warehouse.com\/de\/wp-json\/wp\/v2\/pages\/20186\/revisions"}],"predecessor-version":[{"id":20189,"href":"https:\/\/www.barista-warehouse.com\/de\/wp-json\/wp\/v2\/pages\/20186\/revisions\/20189"}],"wp:attachment":[{"href":"https:\/\/www.barista-warehouse.com\/de\/wp-json\/wp\/v2\/media?parent=20186"}],"curies":[{"name":"wp","href":"https:\/\/api.w.org\/{rel}","templated":true}]}}