{"id":21230,"date":"2020-08-14T13:21:32","date_gmt":"2020-08-14T11:21:32","guid":{"rendered":"https:\/\/www.barista-warehouse.com\/?page_id=21230"},"modified":"2020-08-14T13:21:32","modified_gmt":"2020-08-14T11:21:32","slug":"wmf-smartremote","status":"publish","type":"page","link":"https:\/\/www.barista-warehouse.com\/de\/wmf-smartremote\/","title":{"rendered":"WMF SmartRemote"},"content":{"rendered":"<div class=\"wpb-content-wrapper\"><p>[vc_row][vc_column width=&#8221;1\/12&#8243;][\/vc_column][vc_column width=&#8221;1\/4&#8243;][vc_wp_custommenu nav_menu=&#8221;443&#8243; el_id=&#8221;SideMenu&#8221;][\/vc_column][vc_column width=&#8221;7\/12&#8243;][vc_single_image image=&#8221;21231&#8243; img_size=&#8221;full&#8221; alignment=&#8221;center&#8221;][vc_custom_heading text=&#8221;WMF SmartRemote&#8221; font_container=&#8221;tag:h4|text_align:left&#8221;][vc_column_text]<\/p>\n<h3>Selbstbedienung vom Feinsten \u2013 kontaktlos, hygienisch und sicher<\/h3>\n<p>Mit der neuen SmartRemote-Solution kommt das Auswahlfeld der Spezialit\u00e4tenmaschine auf das Display der Nutzer &#8211; f\u00fcr eine einfache, vollst\u00e4ndig kontaktlose Getr\u00e4nkebestellung und Zubereitung im SB-Bereich. Mithilfe seines Smartphones oder Tablets scannt der SB-Gast einen QR-Code auf dem Display der Maschine und startet so automatisch die WMF SmartRemote-Solution. Hier sind alle verf\u00fcgbaren Kaffeespezialit\u00e4ten visualisiert und der Kunde w\u00e4hlt sein Produkt per Touch am Smartphone oder Tablet aus und \u00fcbermittelt so die Bestellung an die Maschine. Nach der Bestellung wird das Getr\u00e4nk produziert und die Anwendung schlie\u00dft automatisch.<\/p>\n<p>Die WMF SmartRemote-Solution ist\u00a0<strong>mit jedem mobilen Betriebsystem kompatibel, ohne Download oder Installation einer App.<\/strong>\u00a0Ein kostenloses Softwareupdate f\u00fcr mehr Hygiene, Service und Komfort. Durch einfaches Tippen auf das Touchdisplay der Kaffeemaschine ist die normale Getr\u00e4nkeausl\u00f6sung trotzdem m\u00f6glich.<\/p>\n<p>Ber\u00fchrungslose Getr\u00e4nkeauswahl fur maximale Hygiene im SB-Bereich.<\/p>\n<p><strong>Voraussetzungen:<\/strong><br \/>\nDie Kaffeemaschine verf\u00fcgt \u00fcber ein integriertes Modem. Das Feature steht bei neu gefertigten Maschinen ab Software-Verf\u00fcgbarkeit kostenfrei zur Verf\u00fcgung. Bei Bestandsger\u00e4ten kann es \u00fcber ein Software-Update nachger\u00fcstet werden, hier k\u00f6nnen lokale Kosten fur den Serviceeinsatz und ggfs. die Nachr\u00fcstung eines Modems anfallen.[\/vc_column_text][\/vc_column][vc_column width=&#8221;1\/12&#8243;][\/vc_column][\/vc_row][vc_row][vc_column width=&#8221;1\/12&#8243;][vc_separator][\/vc_column][vc_column width=&#8221;1\/4&#8243;][\/vc_column][vc_column width=&#8221;7\/12&#8243;][vc_video link=&#8221;https:\/\/youtu.be\/6Q-qC5mt3Ec&#8221;][\/vc_column][vc_column width=&#8221;1\/12&#8243;][\/vc_column][\/vc_row]<\/p>\n<\/div>","protected":false},"excerpt":{"rendered":"<p>[vc_row][vc_column width=&#8221;1\/12&#8243;][\/vc_column][vc_column width=&#8221;1\/4&#8243;][vc_wp_custommenu nav_menu=&#8221;443&#8243; el_id=&#8221;SideMenu&#8221;][\/vc_column][vc_column width=&#8221;7\/12&#8243;][vc_single_image image=&#8221;21231&#8243; img_size=&#8221;full&#8221; alignment=&#8221;center&#8221;][vc_custom_heading text=&#8221;WMF SmartRemote&#8221; font_container=&#8221;tag:h4|text_align:left&#8221;][vc_column_text] Selbstbedienung vom Feinsten \u2013 kontaktlos, hygienisch und sicher Mit der neuen SmartRemote-Solution kommt das Auswahlfeld der Spezialit\u00e4tenmaschine auf das Display der Nutzer &#8211; f\u00fcr eine einfache, vollst\u00e4ndig kontaktlose Getr\u00e4nkebestellung und Zubereitung im SB-Bereich. Mithilfe seines Smartphones oder Tablets scannt der SB-Gast einen QR-Code [&hellip;]<\/p>\n","protected":false},"author":1,"featured_media":0,"parent":0,"menu_order":0,"comment_status":"closed","ping_status":"closed","template":"fullwidth.php","meta":{"footnotes":""},"class_list":["post-21230","page","type-page","status-publish","hentry"],"yoast_head":"<!-- This site is optimized with the Yoast SEO plugin v27.5 - https:\/\/yoast.com\/product\/yoast-seo-wordpress\/ -->\n<title>WMF SmartRemote -<\/title>\n<meta name=\"description\" content=\"Mit der neuen SmartRemote-Solution kommt das Auswahlfeld der Spezialit\u00e4tenmaschine auf das Display der Nutzer - f\u00fcr eine einfache, vollst\u00e4ndig kontaktlose Getr\u00e4nkebestellung und Zubereitung im SB-Bereich. Mithilfe seines Smartphones oder Tablets scannt der SB-Gast einen QR-Code auf dem Display der Maschine und startet so automatisch die WMF SmartRemote-Solution. Hier sind alle verf\u00fcgbaren Kaffeespezialit\u00e4ten visualisiert und der Kunde w\u00e4hlt sein Produkt per Touch am Smartphone oder Tablet aus und \u00fcbermittelt so die Bestellung an die Maschine. Nach der Bestellung wird das Getr\u00e4nk produziert und die Anwendung schlie\u00dft automatisch.\" \/>\n<meta name=\"robots\" content=\"index, follow, max-snippet:-1, max-image-preview:large, max-video-preview:-1\" \/>\n<link rel=\"canonical\" href=\"https:\/\/www.barista-warehouse.com\/de\/wmf-smartremote\/\" \/>\n<meta property=\"og:locale\" content=\"de_DE\" \/>\n<meta property=\"og:type\" content=\"article\" \/>\n<meta property=\"og:title\" content=\"WMF SmartRemote -\" \/>\n<meta property=\"og:description\" content=\"Mit der neuen SmartRemote-Solution kommt das Auswahlfeld der Spezialit\u00e4tenmaschine auf das Display der Nutzer - f\u00fcr eine einfache, vollst\u00e4ndig kontaktlose Getr\u00e4nkebestellung und Zubereitung im SB-Bereich. Mithilfe seines Smartphones oder Tablets scannt der SB-Gast einen QR-Code auf dem Display der Maschine und startet so automatisch die WMF SmartRemote-Solution. Hier sind alle verf\u00fcgbaren Kaffeespezialit\u00e4ten visualisiert und der Kunde w\u00e4hlt sein Produkt per Touch am Smartphone oder Tablet aus und \u00fcbermittelt so die Bestellung an die Maschine. Nach der Bestellung wird das Getr\u00e4nk produziert und die Anwendung schlie\u00dft automatisch.\" \/>\n<meta property=\"og:url\" content=\"https:\/\/www.barista-warehouse.com\/de\/wmf-smartremote\/\" \/>\n<meta property=\"og:site_name\" content=\"WMF, \u039c\u03b7\u03c7\u03b1\u03bd\u03ad\u03c2 Espresso, \u03c0\u03bb\u03ae\u03c1\u03c9\u03c2 \u03b1\u03c5\u03c4\u03cc\u03bc\u03b1\u03c4\u03b1 \u03c3\u03c5\u03c3\u03c4\u03ae\u03bc\u03b1\u03c4\u03b1, MADE IN GERMANY\" \/>\n<meta property=\"article:publisher\" content=\"https:\/\/www.facebook.com\/Barista-Warehousecom-476441349775216\/\" \/>\n<meta name=\"twitter:card\" content=\"summary_large_image\" \/>\n<meta name=\"twitter:label1\" content=\"Gesch\u00e4tzte Lesezeit\" \/>\n\t<meta name=\"twitter:data1\" content=\"1\u00a0Minute\" \/>\n<script type=\"application\/ld+json\" class=\"yoast-schema-graph\">{\"@context\":\"https:\\\/\\\/schema.org\",\"@graph\":[{\"@type\":\"WebPage\",\"@id\":\"https:\\\/\\\/www.barista-warehouse.com\\\/de\\\/wmf-smartremote\\\/\",\"url\":\"https:\\\/\\\/www.barista-warehouse.com\\\/de\\\/wmf-smartremote\\\/\",\"name\":\"WMF SmartRemote -\",\"isPartOf\":{\"@id\":\"https:\\\/\\\/www.barista-warehouse.com\\\/de\\\/#website\"},\"datePublished\":\"2020-08-14T11:21:32+00:00\",\"description\":\"Mit der neuen SmartRemote-Solution kommt das Auswahlfeld der Spezialit\u00e4tenmaschine auf das Display der Nutzer - f\u00fcr eine einfache, vollst\u00e4ndig kontaktlose Getr\u00e4nkebestellung und Zubereitung im SB-Bereich. Mithilfe seines Smartphones oder Tablets scannt der SB-Gast einen QR-Code auf dem Display der Maschine und startet so automatisch die WMF SmartRemote-Solution. Hier sind alle verf\u00fcgbaren Kaffeespezialit\u00e4ten visualisiert und der Kunde w\u00e4hlt sein Produkt per Touch am Smartphone oder Tablet aus und \u00fcbermittelt so die Bestellung an die Maschine. Nach der Bestellung wird das Getr\u00e4nk produziert und die Anwendung schlie\u00dft automatisch.\",\"breadcrumb\":{\"@id\":\"https:\\\/\\\/www.barista-warehouse.com\\\/de\\\/wmf-smartremote\\\/#breadcrumb\"},\"inLanguage\":\"de\",\"potentialAction\":[{\"@type\":\"ReadAction\",\"target\":[\"https:\\\/\\\/www.barista-warehouse.com\\\/de\\\/wmf-smartremote\\\/\"]}]},{\"@type\":\"BreadcrumbList\",\"@id\":\"https:\\\/\\\/www.barista-warehouse.com\\\/de\\\/wmf-smartremote\\\/#breadcrumb\",\"itemListElement\":[{\"@type\":\"ListItem\",\"position\":1,\"name\":\"Startseite\",\"item\":\"https:\\\/\\\/www.barista-warehouse.com\\\/de\\\/\"},{\"@type\":\"ListItem\",\"position\":2,\"name\":\"WMF SmartRemote\"}]},{\"@type\":\"WebSite\",\"@id\":\"https:\\\/\\\/www.barista-warehouse.com\\\/de\\\/#website\",\"url\":\"https:\\\/\\\/www.barista-warehouse.com\\\/de\\\/\",\"name\":\"Barista Warehouse\",\"description\":\"\u0395\u03c0\u03b1\u03b3\u03b3\u03b5\u03bb\u03bc\u03b1\u03c4\u03b9\u03ba\u03ad\u03c2 \u03bc\u03b7\u03c7\u03b1\u03bd\u03ad\u03c2 \u03b5\u03c3\u03c0\u03c1\u03ad\u03c3\u03c3\u03bf \u03b3\u03b9\u03b1 \u03ba\u03b1\u03c6\u03b5\u03c4\u03ad\u03c1\u03b9\u03b1, \u03bc\u03c0\u03b1\u03c1, \u03b1\u03bd\u03b1\u03c8\u03c5\u03ba\u03c4\u03ae\u03c1\u03b9\u03bf, \u03be\u03b5\u03bd\u03bf\u03b4\u03bf\u03c7\u03b5\u03af\u03bf \u03ba\u03b1\u03b9 \u03c0\u03c1\u03b1\u03c4\u03ae\u03c1\u03b9\u03bf \u03ac\u03c1\u03c4\u03bf\u03c5\",\"publisher\":{\"@id\":\"https:\\\/\\\/www.barista-warehouse.com\\\/de\\\/#organization\"},\"potentialAction\":[{\"@type\":\"SearchAction\",\"target\":{\"@type\":\"EntryPoint\",\"urlTemplate\":\"https:\\\/\\\/www.barista-warehouse.com\\\/de\\\/?s={search_term_string}\"},\"query-input\":{\"@type\":\"PropertyValueSpecification\",\"valueRequired\":true,\"valueName\":\"search_term_string\"}}],\"inLanguage\":\"de\"},{\"@type\":\"Organization\",\"@id\":\"https:\\\/\\\/www.barista-warehouse.com\\\/de\\\/#organization\",\"name\":\"Baristawarehouse\",\"url\":\"https:\\\/\\\/www.barista-warehouse.com\\\/de\\\/\",\"logo\":{\"@type\":\"ImageObject\",\"inLanguage\":\"de\",\"@id\":\"https:\\\/\\\/www.barista-warehouse.com\\\/de\\\/#\\\/schema\\\/logo\\\/image\\\/\",\"url\":\"https:\\\/\\\/i0.wp.com\\\/www.barista-warehouse.com\\\/wp-content\\\/uploads\\\/2019\\\/05\\\/logo-barista-final.png?fit=479%2C273&ssl=1\",\"contentUrl\":\"https:\\\/\\\/i0.wp.com\\\/www.barista-warehouse.com\\\/wp-content\\\/uploads\\\/2019\\\/05\\\/logo-barista-final.png?fit=479%2C273&ssl=1\",\"width\":479,\"height\":273,\"caption\":\"Baristawarehouse\"},\"image\":{\"@id\":\"https:\\\/\\\/www.barista-warehouse.com\\\/de\\\/#\\\/schema\\\/logo\\\/image\\\/\"},\"sameAs\":[\"https:\\\/\\\/www.facebook.com\\\/Barista-Warehousecom-476441349775216\\\/\"]}]}<\/script>\n<!-- \/ Yoast SEO plugin. -->","yoast_head_json":{"title":"WMF SmartRemote -","description":"Mit der neuen SmartRemote-Solution kommt das Auswahlfeld der Spezialit\u00e4tenmaschine auf das Display der Nutzer - f\u00fcr eine einfache, vollst\u00e4ndig kontaktlose Getr\u00e4nkebestellung und Zubereitung im SB-Bereich. Mithilfe seines Smartphones oder Tablets scannt der SB-Gast einen QR-Code auf dem Display der Maschine und startet so automatisch die WMF SmartRemote-Solution. Hier sind alle verf\u00fcgbaren Kaffeespezialit\u00e4ten visualisiert und der Kunde w\u00e4hlt sein Produkt per Touch am Smartphone oder Tablet aus und \u00fcbermittelt so die Bestellung an die Maschine. Nach der Bestellung wird das Getr\u00e4nk produziert und die Anwendung schlie\u00dft automatisch.","robots":{"index":"index","follow":"follow","max-snippet":"max-snippet:-1","max-image-preview":"max-image-preview:large","max-video-preview":"max-video-preview:-1"},"canonical":"https:\/\/www.barista-warehouse.com\/de\/wmf-smartremote\/","og_locale":"de_DE","og_type":"article","og_title":"WMF SmartRemote -","og_description":"Mit der neuen SmartRemote-Solution kommt das Auswahlfeld der Spezialit\u00e4tenmaschine auf das Display der Nutzer - f\u00fcr eine einfache, vollst\u00e4ndig kontaktlose Getr\u00e4nkebestellung und Zubereitung im SB-Bereich. Mithilfe seines Smartphones oder Tablets scannt der SB-Gast einen QR-Code auf dem Display der Maschine und startet so automatisch die WMF SmartRemote-Solution. Hier sind alle verf\u00fcgbaren Kaffeespezialit\u00e4ten visualisiert und der Kunde w\u00e4hlt sein Produkt per Touch am Smartphone oder Tablet aus und \u00fcbermittelt so die Bestellung an die Maschine. Nach der Bestellung wird das Getr\u00e4nk produziert und die Anwendung schlie\u00dft automatisch.","og_url":"https:\/\/www.barista-warehouse.com\/de\/wmf-smartremote\/","og_site_name":"WMF, \u039c\u03b7\u03c7\u03b1\u03bd\u03ad\u03c2 Espresso, \u03c0\u03bb\u03ae\u03c1\u03c9\u03c2 \u03b1\u03c5\u03c4\u03cc\u03bc\u03b1\u03c4\u03b1 \u03c3\u03c5\u03c3\u03c4\u03ae\u03bc\u03b1\u03c4\u03b1, MADE IN GERMANY","article_publisher":"https:\/\/www.facebook.com\/Barista-Warehousecom-476441349775216\/","twitter_card":"summary_large_image","twitter_misc":{"Gesch\u00e4tzte Lesezeit":"1\u00a0Minute"},"schema":{"@context":"https:\/\/schema.org","@graph":[{"@type":"WebPage","@id":"https:\/\/www.barista-warehouse.com\/de\/wmf-smartremote\/","url":"https:\/\/www.barista-warehouse.com\/de\/wmf-smartremote\/","name":"WMF SmartRemote -","isPartOf":{"@id":"https:\/\/www.barista-warehouse.com\/de\/#website"},"datePublished":"2020-08-14T11:21:32+00:00","description":"Mit der neuen SmartRemote-Solution kommt das Auswahlfeld der Spezialit\u00e4tenmaschine auf das Display der Nutzer - f\u00fcr eine einfache, vollst\u00e4ndig kontaktlose Getr\u00e4nkebestellung und Zubereitung im SB-Bereich. Mithilfe seines Smartphones oder Tablets scannt der SB-Gast einen QR-Code auf dem Display der Maschine und startet so automatisch die WMF SmartRemote-Solution. Hier sind alle verf\u00fcgbaren Kaffeespezialit\u00e4ten visualisiert und der Kunde w\u00e4hlt sein Produkt per Touch am Smartphone oder Tablet aus und \u00fcbermittelt so die Bestellung an die Maschine. Nach der Bestellung wird das Getr\u00e4nk produziert und die Anwendung schlie\u00dft automatisch.","breadcrumb":{"@id":"https:\/\/www.barista-warehouse.com\/de\/wmf-smartremote\/#breadcrumb"},"inLanguage":"de","potentialAction":[{"@type":"ReadAction","target":["https:\/\/www.barista-warehouse.com\/de\/wmf-smartremote\/"]}]},{"@type":"BreadcrumbList","@id":"https:\/\/www.barista-warehouse.com\/de\/wmf-smartremote\/#breadcrumb","itemListElement":[{"@type":"ListItem","position":1,"name":"Startseite","item":"https:\/\/www.barista-warehouse.com\/de\/"},{"@type":"ListItem","position":2,"name":"WMF SmartRemote"}]},{"@type":"WebSite","@id":"https:\/\/www.barista-warehouse.com\/de\/#website","url":"https:\/\/www.barista-warehouse.com\/de\/","name":"Barista Warehouse","description":"\u0395\u03c0\u03b1\u03b3\u03b3\u03b5\u03bb\u03bc\u03b1\u03c4\u03b9\u03ba\u03ad\u03c2 \u03bc\u03b7\u03c7\u03b1\u03bd\u03ad\u03c2 \u03b5\u03c3\u03c0\u03c1\u03ad\u03c3\u03c3\u03bf \u03b3\u03b9\u03b1 \u03ba\u03b1\u03c6\u03b5\u03c4\u03ad\u03c1\u03b9\u03b1, \u03bc\u03c0\u03b1\u03c1, \u03b1\u03bd\u03b1\u03c8\u03c5\u03ba\u03c4\u03ae\u03c1\u03b9\u03bf, \u03be\u03b5\u03bd\u03bf\u03b4\u03bf\u03c7\u03b5\u03af\u03bf \u03ba\u03b1\u03b9 \u03c0\u03c1\u03b1\u03c4\u03ae\u03c1\u03b9\u03bf \u03ac\u03c1\u03c4\u03bf\u03c5","publisher":{"@id":"https:\/\/www.barista-warehouse.com\/de\/#organization"},"potentialAction":[{"@type":"SearchAction","target":{"@type":"EntryPoint","urlTemplate":"https:\/\/www.barista-warehouse.com\/de\/?s={search_term_string}"},"query-input":{"@type":"PropertyValueSpecification","valueRequired":true,"valueName":"search_term_string"}}],"inLanguage":"de"},{"@type":"Organization","@id":"https:\/\/www.barista-warehouse.com\/de\/#organization","name":"Baristawarehouse","url":"https:\/\/www.barista-warehouse.com\/de\/","logo":{"@type":"ImageObject","inLanguage":"de","@id":"https:\/\/www.barista-warehouse.com\/de\/#\/schema\/logo\/image\/","url":"https:\/\/i0.wp.com\/www.barista-warehouse.com\/wp-content\/uploads\/2019\/05\/logo-barista-final.png?fit=479%2C273&ssl=1","contentUrl":"https:\/\/i0.wp.com\/www.barista-warehouse.com\/wp-content\/uploads\/2019\/05\/logo-barista-final.png?fit=479%2C273&ssl=1","width":479,"height":273,"caption":"Baristawarehouse"},"image":{"@id":"https:\/\/www.barista-warehouse.com\/de\/#\/schema\/logo\/image\/"},"sameAs":["https:\/\/www.facebook.com\/Barista-Warehousecom-476441349775216\/"]}]}},"_links":{"self":[{"href":"https:\/\/www.barista-warehouse.com\/de\/wp-json\/wp\/v2\/pages\/21230","targetHints":{"allow":["GET"]}}],"collection":[{"href":"https:\/\/www.barista-warehouse.com\/de\/wp-json\/wp\/v2\/pages"}],"about":[{"href":"https:\/\/www.barista-warehouse.com\/de\/wp-json\/wp\/v2\/types\/page"}],"author":[{"embeddable":true,"href":"https:\/\/www.barista-warehouse.com\/de\/wp-json\/wp\/v2\/users\/1"}],"replies":[{"embeddable":true,"href":"https:\/\/www.barista-warehouse.com\/de\/wp-json\/wp\/v2\/comments?post=21230"}],"version-history":[{"count":1,"href":"https:\/\/www.barista-warehouse.com\/de\/wp-json\/wp\/v2\/pages\/21230\/revisions"}],"predecessor-version":[{"id":21234,"href":"https:\/\/www.barista-warehouse.com\/de\/wp-json\/wp\/v2\/pages\/21230\/revisions\/21234"}],"wp:attachment":[{"href":"https:\/\/www.barista-warehouse.com\/de\/wp-json\/wp\/v2\/media?parent=21230"}],"curies":[{"name":"wp","href":"https:\/\/api.w.org\/{rel}","templated":true}]}}