{"id":5574,"date":"2019-03-30T22:37:46","date_gmt":"2019-03-30T20:37:46","guid":{"rendered":"https:\/\/www.barista-warehouse.com\/system-technologies\/"},"modified":"2019-04-27T17:03:28","modified_gmt":"2019-04-27T15:03:28","slug":"system-technologies","status":"publish","type":"page","link":"https:\/\/www.barista-warehouse.com\/de\/system-technologies\/","title":{"rendered":"WMF Systemtechnologien"},"content":{"rendered":"<div class=\"wpb-content-wrapper\"><p>[vc_row][vc_column width=&#8221;1\/12&#8243;][\/vc_column][vc_column width=&#8221;1\/4&#8243;][vc_wp_custommenu nav_menu=&#8221;466&#8243; el_id=&#8221;SideMenu&#8221;][\/vc_column][vc_column width=&#8221;7\/12&#8243;][vc_single_image image=&#8221;5166&#8243; img_size=&#8221;full&#8221; alignment=&#8221;center&#8221;][vc_custom_heading text=&#8221;Systemtechnologien&#8221; font_container=&#8221;tag:h4|text_align:left&#8221;][vc_column_text]Vollautomaten-Konfiguration f\u00fcr individuelle Anspr\u00fcche. Mit den WMF Systemtechnologien k\u00f6nnen Sie noch besser auf die W\u00fcnsche Ihrer Kunden eingehen. Arbeiten Sie mit unterschiedlichen Arten von Milch: mit den WMF Milch- und Dampfystemen erhalten Sie immer ein Top-Ergebnis! Individualisieren Sie Ihr Angebot via Telemetrie und erleichtern Sie das Zusammenspiel zwischen Mensch und Maschine. Mit den WMF Systemtechnologien machen Sie das Optimum aus Ihrem t\u00e4glichen Gesch\u00e4ft.<\/p>\n<p><strong>Neu:<\/strong>\u00a0Bereiten Sie mit WMF Fresh Filtered Coffee sowohl Kaffeespezialit\u00e4ten als auch frisch gefilterten Kaffee in einer Maschine zu![\/vc_column_text][\/vc_column][vc_column width=&#8221;1\/12&#8243;][\/vc_column][\/vc_row][vc_row][vc_column width=&#8221;2\/6&#8243;][\/vc_column][vc_column width=&#8221;4\/6&#8243;][vc_custom_heading text=&#8221;NEU! WMF Fresh Filtered Coffee&#8221;][vc_column_text]Mit WMF&#8217;s innovativer Fresh Filtered Coffee Option k\u00f6nnen Sie das erste Mal exzellente Kaffeespezialit\u00e4ten und frisch gefilterten Kaffee aus einer Maschine anbieten![\/vc_column_text][vc_btn title=&#8221;WMF Fresh Filtered Coffee&#8221; color=&#8221;orange&#8221; align=&#8221;center&#8221; button_block=&#8221;true&#8221; link=&#8221;|title:WMF%20Fresh%20Filtered%20Coffee||&#8221;][vc_custom_heading text=&#8221;WMF Milchsysteme&#8221;][vc_column_text]Milchschaum in Perfektion. Durch die patentierten Milchsysteme von WMF kreieren Sie professionell Kaffeeklassiker und neueste Kaffeetrends.[\/vc_column_text][vc_btn title=&#8221;WMF Milchsysteme&#8221; color=&#8221;orange&#8221; align=&#8221;center&#8221; button_block=&#8221;true&#8221; link=&#8221;|title:WMF%20Milchsysteme||&#8221;][vc_custom_heading text=&#8221;WMF Dampfsysteme&#8221;][vc_column_text]Statten Sie Ihre WMF Kaffeemaschine zus\u00e4tzlich mit unseren Dampfsystemen aus und Sie erf\u00fcllen jeden Wunsch Ihres Kunden. Schnell und einfach.[\/vc_column_text][vc_btn title=&#8221;WMF Steam Systems&#8221; color=&#8221;orange&#8221; align=&#8221;center&#8221; button_block=&#8221;true&#8221;][vc_custom_heading text=&#8221;WMF Reinigungssysteme&#8221;][vc_column_text]<\/p>\n<div class=\"cms-widget-iconbox-content-text\">\n<p>HACCP-konforme Reinigung. Schneller zu einem sauberen Ergebnis mit unseren WMF Reinigungssystemen.<\/p>\n<\/div>\n<p>[\/vc_column_text][vc_btn title=&#8221;WMF Cleaning Systems&#8221; color=&#8221;orange&#8221; align=&#8221;center&#8221; button_block=&#8221;true&#8221;][\/vc_column][\/vc_row]<\/p>\n<\/div>","protected":false},"excerpt":{"rendered":"<p>[vc_row][vc_column width=&#8221;1\/12&#8243;][\/vc_column][vc_column width=&#8221;1\/4&#8243;][vc_wp_custommenu nav_menu=&#8221;466&#8243; el_id=&#8221;SideMenu&#8221;][\/vc_column][vc_column width=&#8221;7\/12&#8243;][vc_single_image image=&#8221;5166&#8243; img_size=&#8221;full&#8221; alignment=&#8221;center&#8221;][vc_custom_heading text=&#8221;Systemtechnologien&#8221; font_container=&#8221;tag:h4|text_align:left&#8221;][vc_column_text]Vollautomaten-Konfiguration f\u00fcr individuelle Anspr\u00fcche. Mit den WMF Systemtechnologien k\u00f6nnen Sie noch besser auf die W\u00fcnsche Ihrer Kunden eingehen. Arbeiten Sie mit unterschiedlichen Arten von Milch: mit den WMF Milch- und Dampfystemen erhalten Sie immer ein Top-Ergebnis! Individualisieren Sie Ihr Angebot via Telemetrie und erleichtern Sie [&hellip;]<\/p>\n","protected":false},"author":1,"featured_media":0,"parent":0,"menu_order":0,"comment_status":"closed","ping_status":"closed","template":"fullwidth.php","meta":{"footnotes":""},"class_list":["post-5574","page","type-page","status-publish","hentry"],"yoast_head":"<!-- This site is optimized with the Yoast SEO plugin v27.4 - https:\/\/yoast.com\/product\/yoast-seo-wordpress\/ -->\n<title>WMF Systemtechnologien - WMF, \u039c\u03b7\u03c7\u03b1\u03bd\u03ad\u03c2 Espresso, \u03c0\u03bb\u03ae\u03c1\u03c9\u03c2 \u03b1\u03c5\u03c4\u03cc\u03bc\u03b1\u03c4\u03b1 \u03c3\u03c5\u03c3\u03c4\u03ae\u03bc\u03b1\u03c4\u03b1, MADE IN GERMANY<\/title>\n<meta name=\"robots\" content=\"index, follow, max-snippet:-1, max-image-preview:large, max-video-preview:-1\" \/>\n<link rel=\"canonical\" href=\"https:\/\/www.barista-warehouse.com\/de\/system-technologies\/\" \/>\n<meta property=\"og:locale\" content=\"de_DE\" \/>\n<meta property=\"og:type\" content=\"article\" \/>\n<meta property=\"og:title\" content=\"WMF Systemtechnologien - WMF, \u039c\u03b7\u03c7\u03b1\u03bd\u03ad\u03c2 Espresso, \u03c0\u03bb\u03ae\u03c1\u03c9\u03c2 \u03b1\u03c5\u03c4\u03cc\u03bc\u03b1\u03c4\u03b1 \u03c3\u03c5\u03c3\u03c4\u03ae\u03bc\u03b1\u03c4\u03b1, MADE IN GERMANY\" \/>\n<meta property=\"og:description\" content=\"[vc_row][vc_column width=&#8221;1\/12&#8243;][\/vc_column][vc_column width=&#8221;1\/4&#8243;][vc_wp_custommenu nav_menu=&#8221;466&#8243; el_id=&#8221;SideMenu&#8221;][\/vc_column][vc_column width=&#8221;7\/12&#8243;][vc_single_image image=&#8221;5166&#8243; img_size=&#8221;full&#8221; alignment=&#8221;center&#8221;][vc_custom_heading text=&#8221;Systemtechnologien&#8221; font_container=&#8221;tag:h4|text_align:left&#8221;][vc_column_text]Vollautomaten-Konfiguration f\u00fcr individuelle Anspr\u00fcche. Mit den WMF Systemtechnologien k\u00f6nnen Sie noch besser auf die W\u00fcnsche Ihrer Kunden eingehen. Arbeiten Sie mit unterschiedlichen Arten von Milch: mit den WMF Milch- und Dampfystemen erhalten Sie immer ein Top-Ergebnis! Individualisieren Sie Ihr Angebot via Telemetrie und erleichtern Sie [&hellip;]\" \/>\n<meta property=\"og:url\" content=\"https:\/\/www.barista-warehouse.com\/de\/system-technologies\/\" \/>\n<meta property=\"og:site_name\" content=\"WMF, \u039c\u03b7\u03c7\u03b1\u03bd\u03ad\u03c2 Espresso, \u03c0\u03bb\u03ae\u03c1\u03c9\u03c2 \u03b1\u03c5\u03c4\u03cc\u03bc\u03b1\u03c4\u03b1 \u03c3\u03c5\u03c3\u03c4\u03ae\u03bc\u03b1\u03c4\u03b1, MADE IN GERMANY\" \/>\n<meta property=\"article:publisher\" content=\"https:\/\/www.facebook.com\/Barista-Warehousecom-476441349775216\/\" \/>\n<meta property=\"article:modified_time\" content=\"2019-04-27T15:03:28+00:00\" \/>\n<meta name=\"twitter:card\" content=\"summary_large_image\" \/>\n<meta name=\"twitter:label1\" content=\"Gesch\u00e4tzte Lesezeit\" \/>\n\t<meta name=\"twitter:data1\" content=\"2\u00a0Minuten\" \/>\n<script type=\"application\/ld+json\" class=\"yoast-schema-graph\">{\"@context\":\"https:\\\/\\\/schema.org\",\"@graph\":[{\"@type\":\"WebPage\",\"@id\":\"https:\\\/\\\/www.barista-warehouse.com\\\/de\\\/system-technologies\\\/\",\"url\":\"https:\\\/\\\/www.barista-warehouse.com\\\/de\\\/system-technologies\\\/\",\"name\":\"WMF Systemtechnologien - WMF, \u039c\u03b7\u03c7\u03b1\u03bd\u03ad\u03c2 Espresso, \u03c0\u03bb\u03ae\u03c1\u03c9\u03c2 \u03b1\u03c5\u03c4\u03cc\u03bc\u03b1\u03c4\u03b1 \u03c3\u03c5\u03c3\u03c4\u03ae\u03bc\u03b1\u03c4\u03b1, MADE IN GERMANY\",\"isPartOf\":{\"@id\":\"https:\\\/\\\/www.barista-warehouse.com\\\/de\\\/#website\"},\"datePublished\":\"2019-03-30T20:37:46+00:00\",\"dateModified\":\"2019-04-27T15:03:28+00:00\",\"breadcrumb\":{\"@id\":\"https:\\\/\\\/www.barista-warehouse.com\\\/de\\\/system-technologies\\\/#breadcrumb\"},\"inLanguage\":\"de\",\"potentialAction\":[{\"@type\":\"ReadAction\",\"target\":[\"https:\\\/\\\/www.barista-warehouse.com\\\/de\\\/system-technologies\\\/\"]}]},{\"@type\":\"BreadcrumbList\",\"@id\":\"https:\\\/\\\/www.barista-warehouse.com\\\/de\\\/system-technologies\\\/#breadcrumb\",\"itemListElement\":[{\"@type\":\"ListItem\",\"position\":1,\"name\":\"Startseite\",\"item\":\"https:\\\/\\\/www.barista-warehouse.com\\\/de\\\/\"},{\"@type\":\"ListItem\",\"position\":2,\"name\":\"WMF Systemtechnologien\"}]},{\"@type\":\"WebSite\",\"@id\":\"https:\\\/\\\/www.barista-warehouse.com\\\/de\\\/#website\",\"url\":\"https:\\\/\\\/www.barista-warehouse.com\\\/de\\\/\",\"name\":\"Barista Warehouse\",\"description\":\"\u0395\u03c0\u03b1\u03b3\u03b3\u03b5\u03bb\u03bc\u03b1\u03c4\u03b9\u03ba\u03ad\u03c2 \u03bc\u03b7\u03c7\u03b1\u03bd\u03ad\u03c2 \u03b5\u03c3\u03c0\u03c1\u03ad\u03c3\u03c3\u03bf \u03b3\u03b9\u03b1 \u03ba\u03b1\u03c6\u03b5\u03c4\u03ad\u03c1\u03b9\u03b1, \u03bc\u03c0\u03b1\u03c1, \u03b1\u03bd\u03b1\u03c8\u03c5\u03ba\u03c4\u03ae\u03c1\u03b9\u03bf, \u03be\u03b5\u03bd\u03bf\u03b4\u03bf\u03c7\u03b5\u03af\u03bf \u03ba\u03b1\u03b9 \u03c0\u03c1\u03b1\u03c4\u03ae\u03c1\u03b9\u03bf \u03ac\u03c1\u03c4\u03bf\u03c5\",\"publisher\":{\"@id\":\"https:\\\/\\\/www.barista-warehouse.com\\\/de\\\/#organization\"},\"potentialAction\":[{\"@type\":\"SearchAction\",\"target\":{\"@type\":\"EntryPoint\",\"urlTemplate\":\"https:\\\/\\\/www.barista-warehouse.com\\\/de\\\/?s={search_term_string}\"},\"query-input\":{\"@type\":\"PropertyValueSpecification\",\"valueRequired\":true,\"valueName\":\"search_term_string\"}}],\"inLanguage\":\"de\"},{\"@type\":\"Organization\",\"@id\":\"https:\\\/\\\/www.barista-warehouse.com\\\/de\\\/#organization\",\"name\":\"Baristawarehouse\",\"url\":\"https:\\\/\\\/www.barista-warehouse.com\\\/de\\\/\",\"logo\":{\"@type\":\"ImageObject\",\"inLanguage\":\"de\",\"@id\":\"https:\\\/\\\/www.barista-warehouse.com\\\/de\\\/#\\\/schema\\\/logo\\\/image\\\/\",\"url\":\"https:\\\/\\\/i0.wp.com\\\/www.barista-warehouse.com\\\/wp-content\\\/uploads\\\/2019\\\/05\\\/logo-barista-final.png?fit=479%2C273&ssl=1\",\"contentUrl\":\"https:\\\/\\\/i0.wp.com\\\/www.barista-warehouse.com\\\/wp-content\\\/uploads\\\/2019\\\/05\\\/logo-barista-final.png?fit=479%2C273&ssl=1\",\"width\":479,\"height\":273,\"caption\":\"Baristawarehouse\"},\"image\":{\"@id\":\"https:\\\/\\\/www.barista-warehouse.com\\\/de\\\/#\\\/schema\\\/logo\\\/image\\\/\"},\"sameAs\":[\"https:\\\/\\\/www.facebook.com\\\/Barista-Warehousecom-476441349775216\\\/\"]}]}<\/script>\n<!-- \/ Yoast SEO plugin. -->","yoast_head_json":{"title":"WMF Systemtechnologien - WMF, \u039c\u03b7\u03c7\u03b1\u03bd\u03ad\u03c2 Espresso, \u03c0\u03bb\u03ae\u03c1\u03c9\u03c2 \u03b1\u03c5\u03c4\u03cc\u03bc\u03b1\u03c4\u03b1 \u03c3\u03c5\u03c3\u03c4\u03ae\u03bc\u03b1\u03c4\u03b1, MADE IN GERMANY","robots":{"index":"index","follow":"follow","max-snippet":"max-snippet:-1","max-image-preview":"max-image-preview:large","max-video-preview":"max-video-preview:-1"},"canonical":"https:\/\/www.barista-warehouse.com\/de\/system-technologies\/","og_locale":"de_DE","og_type":"article","og_title":"WMF Systemtechnologien - WMF, \u039c\u03b7\u03c7\u03b1\u03bd\u03ad\u03c2 Espresso, \u03c0\u03bb\u03ae\u03c1\u03c9\u03c2 \u03b1\u03c5\u03c4\u03cc\u03bc\u03b1\u03c4\u03b1 \u03c3\u03c5\u03c3\u03c4\u03ae\u03bc\u03b1\u03c4\u03b1, MADE IN GERMANY","og_description":"[vc_row][vc_column width=&#8221;1\/12&#8243;][\/vc_column][vc_column width=&#8221;1\/4&#8243;][vc_wp_custommenu nav_menu=&#8221;466&#8243; el_id=&#8221;SideMenu&#8221;][\/vc_column][vc_column width=&#8221;7\/12&#8243;][vc_single_image image=&#8221;5166&#8243; img_size=&#8221;full&#8221; alignment=&#8221;center&#8221;][vc_custom_heading text=&#8221;Systemtechnologien&#8221; font_container=&#8221;tag:h4|text_align:left&#8221;][vc_column_text]Vollautomaten-Konfiguration f\u00fcr individuelle Anspr\u00fcche. Mit den WMF Systemtechnologien k\u00f6nnen Sie noch besser auf die W\u00fcnsche Ihrer Kunden eingehen. Arbeiten Sie mit unterschiedlichen Arten von Milch: mit den WMF Milch- und Dampfystemen erhalten Sie immer ein Top-Ergebnis! Individualisieren Sie Ihr Angebot via Telemetrie und erleichtern Sie [&hellip;]","og_url":"https:\/\/www.barista-warehouse.com\/de\/system-technologies\/","og_site_name":"WMF, \u039c\u03b7\u03c7\u03b1\u03bd\u03ad\u03c2 Espresso, \u03c0\u03bb\u03ae\u03c1\u03c9\u03c2 \u03b1\u03c5\u03c4\u03cc\u03bc\u03b1\u03c4\u03b1 \u03c3\u03c5\u03c3\u03c4\u03ae\u03bc\u03b1\u03c4\u03b1, MADE IN GERMANY","article_publisher":"https:\/\/www.facebook.com\/Barista-Warehousecom-476441349775216\/","article_modified_time":"2019-04-27T15:03:28+00:00","twitter_card":"summary_large_image","twitter_misc":{"Gesch\u00e4tzte Lesezeit":"2\u00a0Minuten"},"schema":{"@context":"https:\/\/schema.org","@graph":[{"@type":"WebPage","@id":"https:\/\/www.barista-warehouse.com\/de\/system-technologies\/","url":"https:\/\/www.barista-warehouse.com\/de\/system-technologies\/","name":"WMF Systemtechnologien - WMF, \u039c\u03b7\u03c7\u03b1\u03bd\u03ad\u03c2 Espresso, \u03c0\u03bb\u03ae\u03c1\u03c9\u03c2 \u03b1\u03c5\u03c4\u03cc\u03bc\u03b1\u03c4\u03b1 \u03c3\u03c5\u03c3\u03c4\u03ae\u03bc\u03b1\u03c4\u03b1, MADE IN GERMANY","isPartOf":{"@id":"https:\/\/www.barista-warehouse.com\/de\/#website"},"datePublished":"2019-03-30T20:37:46+00:00","dateModified":"2019-04-27T15:03:28+00:00","breadcrumb":{"@id":"https:\/\/www.barista-warehouse.com\/de\/system-technologies\/#breadcrumb"},"inLanguage":"de","potentialAction":[{"@type":"ReadAction","target":["https:\/\/www.barista-warehouse.com\/de\/system-technologies\/"]}]},{"@type":"BreadcrumbList","@id":"https:\/\/www.barista-warehouse.com\/de\/system-technologies\/#breadcrumb","itemListElement":[{"@type":"ListItem","position":1,"name":"Startseite","item":"https:\/\/www.barista-warehouse.com\/de\/"},{"@type":"ListItem","position":2,"name":"WMF Systemtechnologien"}]},{"@type":"WebSite","@id":"https:\/\/www.barista-warehouse.com\/de\/#website","url":"https:\/\/www.barista-warehouse.com\/de\/","name":"Barista Warehouse","description":"\u0395\u03c0\u03b1\u03b3\u03b3\u03b5\u03bb\u03bc\u03b1\u03c4\u03b9\u03ba\u03ad\u03c2 \u03bc\u03b7\u03c7\u03b1\u03bd\u03ad\u03c2 \u03b5\u03c3\u03c0\u03c1\u03ad\u03c3\u03c3\u03bf \u03b3\u03b9\u03b1 \u03ba\u03b1\u03c6\u03b5\u03c4\u03ad\u03c1\u03b9\u03b1, \u03bc\u03c0\u03b1\u03c1, \u03b1\u03bd\u03b1\u03c8\u03c5\u03ba\u03c4\u03ae\u03c1\u03b9\u03bf, \u03be\u03b5\u03bd\u03bf\u03b4\u03bf\u03c7\u03b5\u03af\u03bf \u03ba\u03b1\u03b9 \u03c0\u03c1\u03b1\u03c4\u03ae\u03c1\u03b9\u03bf \u03ac\u03c1\u03c4\u03bf\u03c5","publisher":{"@id":"https:\/\/www.barista-warehouse.com\/de\/#organization"},"potentialAction":[{"@type":"SearchAction","target":{"@type":"EntryPoint","urlTemplate":"https:\/\/www.barista-warehouse.com\/de\/?s={search_term_string}"},"query-input":{"@type":"PropertyValueSpecification","valueRequired":true,"valueName":"search_term_string"}}],"inLanguage":"de"},{"@type":"Organization","@id":"https:\/\/www.barista-warehouse.com\/de\/#organization","name":"Baristawarehouse","url":"https:\/\/www.barista-warehouse.com\/de\/","logo":{"@type":"ImageObject","inLanguage":"de","@id":"https:\/\/www.barista-warehouse.com\/de\/#\/schema\/logo\/image\/","url":"https:\/\/i0.wp.com\/www.barista-warehouse.com\/wp-content\/uploads\/2019\/05\/logo-barista-final.png?fit=479%2C273&ssl=1","contentUrl":"https:\/\/i0.wp.com\/www.barista-warehouse.com\/wp-content\/uploads\/2019\/05\/logo-barista-final.png?fit=479%2C273&ssl=1","width":479,"height":273,"caption":"Baristawarehouse"},"image":{"@id":"https:\/\/www.barista-warehouse.com\/de\/#\/schema\/logo\/image\/"},"sameAs":["https:\/\/www.facebook.com\/Barista-Warehousecom-476441349775216\/"]}]}},"_links":{"self":[{"href":"https:\/\/www.barista-warehouse.com\/de\/wp-json\/wp\/v2\/pages\/5574","targetHints":{"allow":["GET"]}}],"collection":[{"href":"https:\/\/www.barista-warehouse.com\/de\/wp-json\/wp\/v2\/pages"}],"about":[{"href":"https:\/\/www.barista-warehouse.com\/de\/wp-json\/wp\/v2\/types\/page"}],"author":[{"embeddable":true,"href":"https:\/\/www.barista-warehouse.com\/de\/wp-json\/wp\/v2\/users\/1"}],"replies":[{"embeddable":true,"href":"https:\/\/www.barista-warehouse.com\/de\/wp-json\/wp\/v2\/comments?post=5574"}],"version-history":[{"count":0,"href":"https:\/\/www.barista-warehouse.com\/de\/wp-json\/wp\/v2\/pages\/5574\/revisions"}],"wp:attachment":[{"href":"https:\/\/www.barista-warehouse.com\/de\/wp-json\/wp\/v2\/media?parent=5574"}],"curies":[{"name":"wp","href":"https:\/\/api.w.org\/{rel}","templated":true}]}}