{"id":6298,"date":"2019-04-03T21:25:08","date_gmt":"2019-04-03T19:25:08","guid":{"rendered":"https:\/\/www.barista-warehouse.com\/milk-systems\/"},"modified":"2019-05-06T13:43:28","modified_gmt":"2019-05-06T11:43:28","slug":"milchsysteme","status":"publish","type":"page","link":"https:\/\/www.barista-warehouse.com\/de\/milchsysteme\/","title":{"rendered":"WMF Milchsysteme"},"content":{"rendered":"<div class=\"wpb-content-wrapper\"><p>[vc_row][vc_column width=&#8221;1\/12&#8243;][\/vc_column][vc_column width=&#8221;1\/4&#8243;][vc_wp_custommenu nav_menu=&#8221;439&#8243; el_id=&#8221;SideMenu&#8221;][\/vc_column][vc_column width=&#8221;7\/12&#8243;][vc_single_image image=&#8221;5742&#8243; img_size=&#8221;full&#8221; alignment=&#8221;center&#8221;][vc_custom_heading text=&#8221;WMF Milchsysteme&#8221; font_container=&#8221;tag:h4|text_align:left&#8221;][vc_column_text]<\/p>\n<p style=\"text-align: justify;\">Mit den <strong>WMF Milchsystemen<\/strong> k\u00f6nnen Sie professionelle Kaffeekreationen ohne besondere Vorkenntnisse innerhalb kurzer Zeit zubereiten!<\/p>\n<p><strong>Basic Milk<\/strong>\u00a0f\u00fcr Kaffeeklassiker und<strong>\u00a0Easy Milk<\/strong>\u00a0f\u00fcr warme und kalte Milchmixgetr\u00e4nke.<\/p>\n<p>Mit unserem <strong>neuen Dynamic Milk system<\/strong>\u00a0gelingen Ihnen sogar hei\u00dfe und kalte Getr\u00e4nke mit Milchschaum in verschiedenen Konsistenz: fl\u00fcssig, cremig, fest, schaumig&#8230;<\/p>\n<p style=\"text-align: justify;\">[\/vc_column_text][\/vc_column][vc_column width=&#8221;1\/12&#8243;][\/vc_column][\/vc_row][vc_row][vc_column width=&#8221;1\/3&#8243;][\/vc_column][vc_column width=&#8221;1\/3&#8243;][vc_single_image image=&#8221;5745&#8243;][\/vc_column][vc_column width=&#8221;1\/3&#8243;][vc_column_text]<\/p>\n<h3>WMF Basic Milk<\/h3>\n<p style=\"text-align: justify;\">Das Basic-Milk-System ist f\u00fcr alle Kaffeeklassiker wie Cappuccino, Latte Macchiato und Milchkaffee, die mit hei\u00dfer Milch und hei\u00dfem Milchschaum zubereitet werden, die richtige Wahl.<br \/>\nBasic Milk ist f\u00fcr alle WMF Spezialit\u00e4tenmaschinen verf\u00fcgbar.<\/p>\n<p style=\"text-align: justify;\">[\/vc_column_text][\/vc_column][\/vc_row][vc_row][vc_column width=&#8221;1\/3&#8243;][\/vc_column][vc_column width=&#8221;1\/3&#8243;][vc_single_image image=&#8221;5751&#8243;][\/vc_column][vc_column width=&#8221;1\/3&#8243;][vc_column_text]<\/p>\n<h3>WMF Easy Milk<\/h3>\n<p style=\"text-align: justify;\">Die Kaffeeklassiker und zahlreiche kalte Milchmischgetr\u00e4nke k\u00f6nnen mit Easy-Milk-System zubereitet werden.<br \/>\nDas System ist verf\u00fcgbar f\u00fcr die WMF 1200 S, WMF 1500 S, WMF 1500 S+, WMF 5000 S und WMF 5000 S+.<\/p>\n<p style=\"text-align: justify;\">[\/vc_column_text][\/vc_column][\/vc_row][vc_row][vc_column][vc_separator][\/vc_column][\/vc_row][vc_row][vc_column width=&#8221;1\/3&#8243;][\/vc_column][vc_column width=&#8221;1\/3&#8243;][vc_single_image image=&#8221;5748&#8243;][\/vc_column][vc_column width=&#8221;1\/3&#8243;][vc_column_text]<\/p>\n<h3>WMF Dynamic Milk<\/h3>\n<p style=\"text-align: justify;\">Das Dynamic-Milk-System erm\u00f6glicht die vollautomatische Zubereitung von warmen und kalten Milch- und Milchschaum-Getr\u00e4nken. Das Dynamic-Milk-System bietet eine noch gr\u00f6\u00dfere Vielfalt an Milchschaumkonsistenzen.<br \/>\nDas Dynamic-Milk-System ist f\u00fcr die WMF 1500 S, WMF 1500 S+, WMF 5000 S, WMF 5000 S+ und WMF 9000 S+ verf\u00fcgbar.<\/p>\n<p style=\"text-align: justify;\">[\/vc_column_text][\/vc_column][\/vc_row][vc_row][vc_column][vc_separator][\/vc_column][\/vc_row][vc_row][vc_column width=&#8221;1\/4&#8243;][\/vc_column][vc_column width=&#8221;3\/4&#8243;][vc_column_text]<\/p>\n<h2>K\u00fchler mit Milchtemperatursensor:<\/h2>\n<p>&nbsp;<\/p>\n<p style=\"text-align: justify;\">Die <strong>Milchtemperatur<\/strong>\u00a0ist entscheidend f\u00fcr die Milchschaumqualit\u00e4t. Ein optionaler Sensor im K\u00fchler \u00fcberwacht die Milchtemperatur und zeigt diese im Display grafisch an.<\/p>\n<p>&nbsp;<\/p>\n<p>Als ideale Erg\u00e4nzung sind die WMF Dampfsysteme <strong>Basic Steam<\/strong>,\u00a0<strong>Easy Steam<\/strong>\u00a0und <strong>Auto Steam<\/strong>\u00a0mit den <strong>Milchsystemen<\/strong> kombinierbar und sorgen f\u00fcr eine enorme Getr\u00e4nkevielfalt, die benutzerfreundlich und komfortabel hergestellt werden kann.<\/p>\n<p style=\"text-align: justify;\">[\/vc_column_text][vc_column_text]<\/p>\n<h3>Sicherheitsdatenblatt:<\/h3>\n<p><a class=\"filetype-pdf\" title=\"Sicherheitsdatenblatt Milchsystemreiniger fl\u00fcssig\" href=\"https:\/\/www.wmf-coffeemachines.com\/media\/wysiwyg\/downloads\/PDF\/Downloadbereich\/DE\/WMF_Coffee_Machines_safety_data_sheet_Milk_system_cleaning_liquid_de.pdf\">Sicherheitsdatenblatt Milchsystemreiniger fl\u00fcssig<\/a>\u00a0<span class=\"fileinfo\">(<span class=\"attachment-filetype\">PDF<\/span>,\u00a0<span class=\"attachment-size\">1.56 MB<\/span>)<\/span>[\/vc_column_text][vc_separator][\/vc_column][\/vc_row]<\/p>\n<\/div>","protected":false},"excerpt":{"rendered":"<p>[vc_row][vc_column width=&#8221;1\/12&#8243;][\/vc_column][vc_column width=&#8221;1\/4&#8243;][vc_wp_custommenu nav_menu=&#8221;439&#8243; el_id=&#8221;SideMenu&#8221;][\/vc_column][vc_column width=&#8221;7\/12&#8243;][vc_single_image image=&#8221;5742&#8243; img_size=&#8221;full&#8221; alignment=&#8221;center&#8221;][vc_custom_heading text=&#8221;WMF Milchsysteme&#8221; font_container=&#8221;tag:h4|text_align:left&#8221;][vc_column_text] Mit den WMF Milchsystemen k\u00f6nnen Sie professionelle Kaffeekreationen ohne besondere Vorkenntnisse innerhalb kurzer Zeit zubereiten! Basic Milk\u00a0f\u00fcr Kaffeeklassiker und\u00a0Easy Milk\u00a0f\u00fcr warme und kalte Milchmixgetr\u00e4nke. Mit unserem neuen Dynamic Milk system\u00a0gelingen Ihnen sogar hei\u00dfe und kalte Getr\u00e4nke mit Milchschaum in verschiedenen Konsistenz: fl\u00fcssig, cremig, [&hellip;]<\/p>\n","protected":false},"author":1,"featured_media":0,"parent":0,"menu_order":0,"comment_status":"closed","ping_status":"closed","template":"fullwidth.php","meta":{"footnotes":""},"class_list":["post-6298","page","type-page","status-publish","hentry"],"yoast_head":"<!-- This site is optimized with the Yoast SEO plugin v27.4 - https:\/\/yoast.com\/product\/yoast-seo-wordpress\/ -->\n<title>WMF Milchsysteme - WMF, \u039c\u03b7\u03c7\u03b1\u03bd\u03ad\u03c2 Espresso, \u03c0\u03bb\u03ae\u03c1\u03c9\u03c2 \u03b1\u03c5\u03c4\u03cc\u03bc\u03b1\u03c4\u03b1 \u03c3\u03c5\u03c3\u03c4\u03ae\u03bc\u03b1\u03c4\u03b1, MADE IN GERMANY<\/title>\n<meta name=\"robots\" content=\"index, follow, max-snippet:-1, max-image-preview:large, max-video-preview:-1\" \/>\n<link rel=\"canonical\" href=\"https:\/\/www.barista-warehouse.com\/de\/milchsysteme\/\" \/>\n<meta property=\"og:locale\" content=\"de_DE\" \/>\n<meta property=\"og:type\" content=\"article\" \/>\n<meta property=\"og:title\" content=\"WMF Milchsysteme - WMF, \u039c\u03b7\u03c7\u03b1\u03bd\u03ad\u03c2 Espresso, \u03c0\u03bb\u03ae\u03c1\u03c9\u03c2 \u03b1\u03c5\u03c4\u03cc\u03bc\u03b1\u03c4\u03b1 \u03c3\u03c5\u03c3\u03c4\u03ae\u03bc\u03b1\u03c4\u03b1, MADE IN GERMANY\" \/>\n<meta property=\"og:description\" content=\"[vc_row][vc_column width=&#8221;1\/12&#8243;][\/vc_column][vc_column width=&#8221;1\/4&#8243;][vc_wp_custommenu nav_menu=&#8221;439&#8243; el_id=&#8221;SideMenu&#8221;][\/vc_column][vc_column width=&#8221;7\/12&#8243;][vc_single_image image=&#8221;5742&#8243; img_size=&#8221;full&#8221; alignment=&#8221;center&#8221;][vc_custom_heading text=&#8221;WMF Milchsysteme&#8221; font_container=&#8221;tag:h4|text_align:left&#8221;][vc_column_text] Mit den WMF Milchsystemen k\u00f6nnen Sie professionelle Kaffeekreationen ohne besondere Vorkenntnisse innerhalb kurzer Zeit zubereiten! Basic Milk\u00a0f\u00fcr Kaffeeklassiker und\u00a0Easy Milk\u00a0f\u00fcr warme und kalte Milchmixgetr\u00e4nke. Mit unserem neuen Dynamic Milk system\u00a0gelingen Ihnen sogar hei\u00dfe und kalte Getr\u00e4nke mit Milchschaum in verschiedenen Konsistenz: fl\u00fcssig, cremig, [&hellip;]\" \/>\n<meta property=\"og:url\" content=\"https:\/\/www.barista-warehouse.com\/de\/milchsysteme\/\" \/>\n<meta property=\"og:site_name\" content=\"WMF, \u039c\u03b7\u03c7\u03b1\u03bd\u03ad\u03c2 Espresso, \u03c0\u03bb\u03ae\u03c1\u03c9\u03c2 \u03b1\u03c5\u03c4\u03cc\u03bc\u03b1\u03c4\u03b1 \u03c3\u03c5\u03c3\u03c4\u03ae\u03bc\u03b1\u03c4\u03b1, MADE IN GERMANY\" \/>\n<meta property=\"article:publisher\" content=\"https:\/\/www.facebook.com\/Barista-Warehousecom-476441349775216\/\" \/>\n<meta property=\"article:modified_time\" content=\"2019-05-06T11:43:28+00:00\" \/>\n<meta name=\"twitter:card\" content=\"summary_large_image\" \/>\n<meta name=\"twitter:label1\" content=\"Gesch\u00e4tzte Lesezeit\" \/>\n\t<meta name=\"twitter:data1\" content=\"2\u00a0Minuten\" \/>\n<script type=\"application\/ld+json\" class=\"yoast-schema-graph\">{\"@context\":\"https:\\\/\\\/schema.org\",\"@graph\":[{\"@type\":\"WebPage\",\"@id\":\"https:\\\/\\\/www.barista-warehouse.com\\\/de\\\/milchsysteme\\\/\",\"url\":\"https:\\\/\\\/www.barista-warehouse.com\\\/de\\\/milchsysteme\\\/\",\"name\":\"WMF Milchsysteme - WMF, \u039c\u03b7\u03c7\u03b1\u03bd\u03ad\u03c2 Espresso, \u03c0\u03bb\u03ae\u03c1\u03c9\u03c2 \u03b1\u03c5\u03c4\u03cc\u03bc\u03b1\u03c4\u03b1 \u03c3\u03c5\u03c3\u03c4\u03ae\u03bc\u03b1\u03c4\u03b1, MADE IN GERMANY\",\"isPartOf\":{\"@id\":\"https:\\\/\\\/www.barista-warehouse.com\\\/de\\\/#website\"},\"datePublished\":\"2019-04-03T19:25:08+00:00\",\"dateModified\":\"2019-05-06T11:43:28+00:00\",\"breadcrumb\":{\"@id\":\"https:\\\/\\\/www.barista-warehouse.com\\\/de\\\/milchsysteme\\\/#breadcrumb\"},\"inLanguage\":\"de\",\"potentialAction\":[{\"@type\":\"ReadAction\",\"target\":[\"https:\\\/\\\/www.barista-warehouse.com\\\/de\\\/milchsysteme\\\/\"]}]},{\"@type\":\"BreadcrumbList\",\"@id\":\"https:\\\/\\\/www.barista-warehouse.com\\\/de\\\/milchsysteme\\\/#breadcrumb\",\"itemListElement\":[{\"@type\":\"ListItem\",\"position\":1,\"name\":\"Startseite\",\"item\":\"https:\\\/\\\/www.barista-warehouse.com\\\/de\\\/\"},{\"@type\":\"ListItem\",\"position\":2,\"name\":\"WMF Milchsysteme\"}]},{\"@type\":\"WebSite\",\"@id\":\"https:\\\/\\\/www.barista-warehouse.com\\\/de\\\/#website\",\"url\":\"https:\\\/\\\/www.barista-warehouse.com\\\/de\\\/\",\"name\":\"Barista Warehouse\",\"description\":\"\u0395\u03c0\u03b1\u03b3\u03b3\u03b5\u03bb\u03bc\u03b1\u03c4\u03b9\u03ba\u03ad\u03c2 \u03bc\u03b7\u03c7\u03b1\u03bd\u03ad\u03c2 \u03b5\u03c3\u03c0\u03c1\u03ad\u03c3\u03c3\u03bf \u03b3\u03b9\u03b1 \u03ba\u03b1\u03c6\u03b5\u03c4\u03ad\u03c1\u03b9\u03b1, \u03bc\u03c0\u03b1\u03c1, \u03b1\u03bd\u03b1\u03c8\u03c5\u03ba\u03c4\u03ae\u03c1\u03b9\u03bf, \u03be\u03b5\u03bd\u03bf\u03b4\u03bf\u03c7\u03b5\u03af\u03bf \u03ba\u03b1\u03b9 \u03c0\u03c1\u03b1\u03c4\u03ae\u03c1\u03b9\u03bf \u03ac\u03c1\u03c4\u03bf\u03c5\",\"publisher\":{\"@id\":\"https:\\\/\\\/www.barista-warehouse.com\\\/de\\\/#organization\"},\"potentialAction\":[{\"@type\":\"SearchAction\",\"target\":{\"@type\":\"EntryPoint\",\"urlTemplate\":\"https:\\\/\\\/www.barista-warehouse.com\\\/de\\\/?s={search_term_string}\"},\"query-input\":{\"@type\":\"PropertyValueSpecification\",\"valueRequired\":true,\"valueName\":\"search_term_string\"}}],\"inLanguage\":\"de\"},{\"@type\":\"Organization\",\"@id\":\"https:\\\/\\\/www.barista-warehouse.com\\\/de\\\/#organization\",\"name\":\"Baristawarehouse\",\"url\":\"https:\\\/\\\/www.barista-warehouse.com\\\/de\\\/\",\"logo\":{\"@type\":\"ImageObject\",\"inLanguage\":\"de\",\"@id\":\"https:\\\/\\\/www.barista-warehouse.com\\\/de\\\/#\\\/schema\\\/logo\\\/image\\\/\",\"url\":\"https:\\\/\\\/i0.wp.com\\\/www.barista-warehouse.com\\\/wp-content\\\/uploads\\\/2019\\\/05\\\/logo-barista-final.png?fit=479%2C273&ssl=1\",\"contentUrl\":\"https:\\\/\\\/i0.wp.com\\\/www.barista-warehouse.com\\\/wp-content\\\/uploads\\\/2019\\\/05\\\/logo-barista-final.png?fit=479%2C273&ssl=1\",\"width\":479,\"height\":273,\"caption\":\"Baristawarehouse\"},\"image\":{\"@id\":\"https:\\\/\\\/www.barista-warehouse.com\\\/de\\\/#\\\/schema\\\/logo\\\/image\\\/\"},\"sameAs\":[\"https:\\\/\\\/www.facebook.com\\\/Barista-Warehousecom-476441349775216\\\/\"]}]}<\/script>\n<!-- \/ Yoast SEO plugin. -->","yoast_head_json":{"title":"WMF Milchsysteme - WMF, \u039c\u03b7\u03c7\u03b1\u03bd\u03ad\u03c2 Espresso, \u03c0\u03bb\u03ae\u03c1\u03c9\u03c2 \u03b1\u03c5\u03c4\u03cc\u03bc\u03b1\u03c4\u03b1 \u03c3\u03c5\u03c3\u03c4\u03ae\u03bc\u03b1\u03c4\u03b1, MADE IN GERMANY","robots":{"index":"index","follow":"follow","max-snippet":"max-snippet:-1","max-image-preview":"max-image-preview:large","max-video-preview":"max-video-preview:-1"},"canonical":"https:\/\/www.barista-warehouse.com\/de\/milchsysteme\/","og_locale":"de_DE","og_type":"article","og_title":"WMF Milchsysteme - WMF, \u039c\u03b7\u03c7\u03b1\u03bd\u03ad\u03c2 Espresso, \u03c0\u03bb\u03ae\u03c1\u03c9\u03c2 \u03b1\u03c5\u03c4\u03cc\u03bc\u03b1\u03c4\u03b1 \u03c3\u03c5\u03c3\u03c4\u03ae\u03bc\u03b1\u03c4\u03b1, MADE IN GERMANY","og_description":"[vc_row][vc_column width=&#8221;1\/12&#8243;][\/vc_column][vc_column width=&#8221;1\/4&#8243;][vc_wp_custommenu nav_menu=&#8221;439&#8243; el_id=&#8221;SideMenu&#8221;][\/vc_column][vc_column width=&#8221;7\/12&#8243;][vc_single_image image=&#8221;5742&#8243; img_size=&#8221;full&#8221; alignment=&#8221;center&#8221;][vc_custom_heading text=&#8221;WMF Milchsysteme&#8221; font_container=&#8221;tag:h4|text_align:left&#8221;][vc_column_text] Mit den WMF Milchsystemen k\u00f6nnen Sie professionelle Kaffeekreationen ohne besondere Vorkenntnisse innerhalb kurzer Zeit zubereiten! Basic Milk\u00a0f\u00fcr Kaffeeklassiker und\u00a0Easy Milk\u00a0f\u00fcr warme und kalte Milchmixgetr\u00e4nke. Mit unserem neuen Dynamic Milk system\u00a0gelingen Ihnen sogar hei\u00dfe und kalte Getr\u00e4nke mit Milchschaum in verschiedenen Konsistenz: fl\u00fcssig, cremig, [&hellip;]","og_url":"https:\/\/www.barista-warehouse.com\/de\/milchsysteme\/","og_site_name":"WMF, \u039c\u03b7\u03c7\u03b1\u03bd\u03ad\u03c2 Espresso, \u03c0\u03bb\u03ae\u03c1\u03c9\u03c2 \u03b1\u03c5\u03c4\u03cc\u03bc\u03b1\u03c4\u03b1 \u03c3\u03c5\u03c3\u03c4\u03ae\u03bc\u03b1\u03c4\u03b1, MADE IN GERMANY","article_publisher":"https:\/\/www.facebook.com\/Barista-Warehousecom-476441349775216\/","article_modified_time":"2019-05-06T11:43:28+00:00","twitter_card":"summary_large_image","twitter_misc":{"Gesch\u00e4tzte Lesezeit":"2\u00a0Minuten"},"schema":{"@context":"https:\/\/schema.org","@graph":[{"@type":"WebPage","@id":"https:\/\/www.barista-warehouse.com\/de\/milchsysteme\/","url":"https:\/\/www.barista-warehouse.com\/de\/milchsysteme\/","name":"WMF Milchsysteme - WMF, \u039c\u03b7\u03c7\u03b1\u03bd\u03ad\u03c2 Espresso, \u03c0\u03bb\u03ae\u03c1\u03c9\u03c2 \u03b1\u03c5\u03c4\u03cc\u03bc\u03b1\u03c4\u03b1 \u03c3\u03c5\u03c3\u03c4\u03ae\u03bc\u03b1\u03c4\u03b1, MADE IN GERMANY","isPartOf":{"@id":"https:\/\/www.barista-warehouse.com\/de\/#website"},"datePublished":"2019-04-03T19:25:08+00:00","dateModified":"2019-05-06T11:43:28+00:00","breadcrumb":{"@id":"https:\/\/www.barista-warehouse.com\/de\/milchsysteme\/#breadcrumb"},"inLanguage":"de","potentialAction":[{"@type":"ReadAction","target":["https:\/\/www.barista-warehouse.com\/de\/milchsysteme\/"]}]},{"@type":"BreadcrumbList","@id":"https:\/\/www.barista-warehouse.com\/de\/milchsysteme\/#breadcrumb","itemListElement":[{"@type":"ListItem","position":1,"name":"Startseite","item":"https:\/\/www.barista-warehouse.com\/de\/"},{"@type":"ListItem","position":2,"name":"WMF Milchsysteme"}]},{"@type":"WebSite","@id":"https:\/\/www.barista-warehouse.com\/de\/#website","url":"https:\/\/www.barista-warehouse.com\/de\/","name":"Barista Warehouse","description":"\u0395\u03c0\u03b1\u03b3\u03b3\u03b5\u03bb\u03bc\u03b1\u03c4\u03b9\u03ba\u03ad\u03c2 \u03bc\u03b7\u03c7\u03b1\u03bd\u03ad\u03c2 \u03b5\u03c3\u03c0\u03c1\u03ad\u03c3\u03c3\u03bf \u03b3\u03b9\u03b1 \u03ba\u03b1\u03c6\u03b5\u03c4\u03ad\u03c1\u03b9\u03b1, \u03bc\u03c0\u03b1\u03c1, \u03b1\u03bd\u03b1\u03c8\u03c5\u03ba\u03c4\u03ae\u03c1\u03b9\u03bf, \u03be\u03b5\u03bd\u03bf\u03b4\u03bf\u03c7\u03b5\u03af\u03bf \u03ba\u03b1\u03b9 \u03c0\u03c1\u03b1\u03c4\u03ae\u03c1\u03b9\u03bf \u03ac\u03c1\u03c4\u03bf\u03c5","publisher":{"@id":"https:\/\/www.barista-warehouse.com\/de\/#organization"},"potentialAction":[{"@type":"SearchAction","target":{"@type":"EntryPoint","urlTemplate":"https:\/\/www.barista-warehouse.com\/de\/?s={search_term_string}"},"query-input":{"@type":"PropertyValueSpecification","valueRequired":true,"valueName":"search_term_string"}}],"inLanguage":"de"},{"@type":"Organization","@id":"https:\/\/www.barista-warehouse.com\/de\/#organization","name":"Baristawarehouse","url":"https:\/\/www.barista-warehouse.com\/de\/","logo":{"@type":"ImageObject","inLanguage":"de","@id":"https:\/\/www.barista-warehouse.com\/de\/#\/schema\/logo\/image\/","url":"https:\/\/i0.wp.com\/www.barista-warehouse.com\/wp-content\/uploads\/2019\/05\/logo-barista-final.png?fit=479%2C273&ssl=1","contentUrl":"https:\/\/i0.wp.com\/www.barista-warehouse.com\/wp-content\/uploads\/2019\/05\/logo-barista-final.png?fit=479%2C273&ssl=1","width":479,"height":273,"caption":"Baristawarehouse"},"image":{"@id":"https:\/\/www.barista-warehouse.com\/de\/#\/schema\/logo\/image\/"},"sameAs":["https:\/\/www.facebook.com\/Barista-Warehousecom-476441349775216\/"]}]}},"_links":{"self":[{"href":"https:\/\/www.barista-warehouse.com\/de\/wp-json\/wp\/v2\/pages\/6298","targetHints":{"allow":["GET"]}}],"collection":[{"href":"https:\/\/www.barista-warehouse.com\/de\/wp-json\/wp\/v2\/pages"}],"about":[{"href":"https:\/\/www.barista-warehouse.com\/de\/wp-json\/wp\/v2\/types\/page"}],"author":[{"embeddable":true,"href":"https:\/\/www.barista-warehouse.com\/de\/wp-json\/wp\/v2\/users\/1"}],"replies":[{"embeddable":true,"href":"https:\/\/www.barista-warehouse.com\/de\/wp-json\/wp\/v2\/comments?post=6298"}],"version-history":[{"count":0,"href":"https:\/\/www.barista-warehouse.com\/de\/wp-json\/wp\/v2\/pages\/6298\/revisions"}],"wp:attachment":[{"href":"https:\/\/www.barista-warehouse.com\/de\/wp-json\/wp\/v2\/media?parent=6298"}],"curies":[{"name":"wp","href":"https:\/\/api.w.org\/{rel}","templated":true}]}}