{"id":5549,"date":"2019-03-31T11:27:50","date_gmt":"2019-04-03T08:52:31","guid":{"rendered":"https:\/\/www.barista-warehouse.com\/?post_type=product&#038;p=5549"},"modified":"2019-07-24T16:18:17","modified_gmt":"2019-07-24T14:18:17","slug":"wmf-1500-s","status":"publish","type":"product","link":"https:\/\/www.barista-warehouse.com\/de\/produkt\/wmf-1500-s\/","title":{"rendered":"WMF 1500 S"},"content":{"rendered":"<div class=\"wpb-content-wrapper\"><p>[vc_row][vc_column][vc_tta_tabs][vc_tta_section title=&#8221;\u00dcbersicht&#8221; tab_id=&#8221;1553603705803-c20cbce9-baf1&#8243;][vc_row_inner][vc_column_inner width=&#8221;1\/2&#8243;][vc_single_image image=&#8221;5251&#8243; img_size=&#8221;269&#215;179&#8243; alignment=&#8221;center&#8221;][\/vc_column_inner][vc_column_inner width=&#8221;1\/2&#8243;][vc_column_text]<\/p>\n<h3>Einfache Wartung<\/h3>\n<p style=\"text-align: justify;\">Grundwartungsarbeiten k\u00f6nnen selbst durchgef\u00fchrt werden. F\u00fcr den WMF Servicetechniker ist Ihre Maschine ein seltener Anblick.<\/p>\n<p style=\"text-align: justify;\">[\/vc_column_text][\/vc_column_inner][\/vc_row_inner][vc_row_inner][vc_column_inner width=&#8221;1\/2&#8243;][vc_single_image image=&#8221;5254&#8243; img_size=&#8221;269&#215;179&#8243; alignment=&#8221;center&#8221;][\/vc_column_inner][vc_column_inner width=&#8221;1\/2&#8243;][vc_column_text]<\/p>\n<h3>Acht Getr\u00e4nketasten auf sechs Ebenen<\/h3>\n<p>Es k\u00f6nnen bis zu 48 Getr\u00e4nke in Einzel- oder Doppeltassen einprogrammiert werden. Auch Rezepte und Bilder sind hinterlegbar.[\/vc_column_text][\/vc_column_inner][\/vc_row_inner][vc_row_inner][vc_column_inner width=&#8221;1\/2&#8243;][vc_single_image image=&#8221;5257&#8243; img_size=&#8221;269&#215;179&#8243; alignment=&#8221;center&#8221;][\/vc_column_inner][vc_column_inner width=&#8221;1\/2&#8243;][vc_column_text]<\/p>\n<h3>Small-Medium-Large-Funktion<\/h3>\n<p>Jedem gew\u00fcnschten Getr\u00e4nk wird ganz einfach eine unterschiedliche vordefinierte F\u00fcllmenge zugeordnet.[\/vc_column_text][\/vc_column_inner][\/vc_row_inner][vc_row_inner][vc_column_inner width=&#8221;1\/2&#8243;][vc_single_image image=&#8221;5260&#8243; img_size=&#8221;269&#215;179&#8243; alignment=&#8221;center&#8221;][\/vc_column_inner][vc_column_inner width=&#8221;1\/2&#8243;][vc_column_text]<\/p>\n<h3>Schlanke Bauweise<\/h3>\n<p>Weniger Platz dank besonders schlanker Ma\u00dfe. Das bietet mehr M\u00f6glichkeiten, die Maschine aufzustellen und sie zu kombinieren.[\/vc_column_text][\/vc_column_inner][\/vc_row_inner][vc_row_inner][vc_column_inner width=&#8221;1\/2&#8243;][vc_single_image image=&#8221;5263&#8243; img_size=&#8221;269&#215;179&#8243; alignment=&#8221;center&#8221;][\/vc_column_inner][vc_column_inner width=&#8221;1\/2&#8243;][vc_column_text]<\/p>\n<h3>WMF SteamJet \/ Dampfdusche<\/h3>\n<p>Sekundenschnell wird jede Tasse auf Temperatur gebracht \u2013 f\u00fcr die beste Kaffeequalit\u00e4t.[\/vc_column_text][\/vc_column_inner][\/vc_row_inner][vc_row_inner][vc_column_inner width=&#8221;1\/2&#8243;][vc_single_image image=&#8221;5276&#8243; img_size=&#8221;269&#215;194&#8243; alignment=&#8221;center&#8221;][\/vc_column_inner][vc_column_inner width=&#8221;1\/2&#8243;][vc_column_text]<\/p>\n<h3>Einleuchtende Signale<\/h3>\n<p>Die beleuchteten Seitenteile dienen als visueller Signalgeber.[\/vc_column_text][\/vc_column_inner][\/vc_row_inner][\/vc_tta_section][vc_tta_section title=&#8221;Technische Daten&#8221; tab_id=&#8221;1553603705818-7d6445bf-541a&#8221;][vc_row_inner][vc_column_inner][vc_column_text]<\/p>\n<p>&nbsp;<\/p>\n<table style=\"width: 998px; height: 223px;\">\n<tbody>\n<tr>\n<td>Empfohlene Tages- bzw. max. Stundenleistung*<\/td>\n<td>\n<div class=\"headline-small\">\n<div class=\"content-column\">bis zu 180 Tassen<\/div>\n<\/div>\n<\/td>\n<\/tr>\n<tr>\n<td>Nennleistung \/ Netzanschluss<\/td>\n<td>\n<div class=\"headline-small\">\n<div class=\"content-column\">2,75 &#8211; 3,25 kW \/ 220 &#8211; 240 V<\/div>\n<\/div>\n<\/td>\n<\/tr>\n<tr>\n<td>Stundenleistung nach<br \/>\nDIN 18873-2*<br \/>\nf\u00fcr Espresso<br \/>\nf\u00fcr Caf\u00e9 Cr\u00e8me<br \/>\nf\u00fcr Cappuccino<\/td>\n<td>&nbsp;<\/p>\n<p>124 Tassen<br \/>\n96 Tassen<br \/>\n124 Tassen<\/td>\n<\/tr>\n<tr>\n<td>Hei\u00dfwasserausgabe<\/td>\n<td>143 Tassen<\/td>\n<\/tr>\n<tr>\n<td>Kaltmilchgetr\u00e4nke<\/td>\n<td>Ausstattung Easy Milk oder Dynamic Milk<\/td>\n<\/tr>\n<tr>\n<td>Kaltmilchschaumgetr\u00e4nke<\/td>\n<td>Ausstattung Dynamic Milk<\/td>\n<\/tr>\n<tr>\n<td>Energieverlust pro Tag nach DIN 18873-2<\/td>\n<td>1,29 \/ 1,37 kWh<\/td>\n<\/tr>\n<tr>\n<td>Kaffeebohnenbeh\u00e4lter<\/td>\n<td>rechts ca. 650g, mittig ca. 550g<\/td>\n<\/tr>\n<tr>\n<td>Choc-oder Topping-Beh\u00e4lter (optional)<\/td>\n<td>ca. 1200g<\/td>\n<\/tr>\n<tr>\n<td>Au\u00dfenma\u00dfe (Breite \/ H\u00f6he** \/ Tiefe)<\/td>\n<td>325 \/ 675 \/ 590 mm<\/td>\n<\/tr>\n<tr>\n<td>Wasseranschluss<\/td>\n<td>Wassertank (ca. 4 Liter) oder Festwasser<\/td>\n<\/tr>\n<tr>\n<td>Leergewicht<\/td>\n<td>ca. 35kg<\/td>\n<\/tr>\n<tr>\n<td>Dauerschalldruckpegel (LpA)***<\/td>\n<td>&lt; 70 dB(A)<\/td>\n<\/tr>\n<\/tbody>\n<\/table>\n<p>* Die Leistung wurde mit einer Festwassermaschine ermittelt und ist abh\u00e4ngig von Tassengr\u00f6\u00dfen, Qualit\u00e4tseinstellungen, Auslauf, Ausstattung und Nennleistung. Grundlage f\u00fcr die empfohlene max. Leistung ist das jeweilige hinterlegte Servicekonzept. Diese Durchschnittswerte dienen Ihrer Orientierung &#8211; lassen Sie sich durch unsere geschulten WMF Mitarbeiter Ihre bedarfsgerechte Kaffeemschinenl\u00f6sung zusammenstellen.<br \/>\n** H\u00f6he mit Bohnenbeh\u00e4lter.<br \/>\n*** Der A-bewertete Schalldruckpegel LpA (slow) und LpA (impulse) am Arbeitsplatz des Bedienpersonals liegt in jeder Betriebsart unter 70 dB(A).<\/p>\n<p>Ab 5\u02da dKH (Karbonath\u00e4rte) muss ein WMF Wasserfilter eingesetzt werden.[\/vc_column_text][\/vc_column_inner][\/vc_row_inner][\/vc_tta_section][vc_tta_section title=&#8221;Downloads&#8221; tab_id=&#8221;1553603709331-7d9d892e-b97f&#8221;][vc_row_inner][vc_column_inner][vc_column_text]<strong>PDF Download<\/strong><\/p>\n<p><a class=\"filetype-pdf\" title=\"WMF 1500 S CLASSIC brochure\" href=\"https:\/\/www.wmf-coffeemachines.com\/media\/wysiwyg\/downloads\/PDF\/Downloadbereich\/EN\/WMF_Coffee_Machines_1500S_CLASSIC_brochure_en_2019_03.pdf\">WMF 1500 S CLASSIC brochure<\/a>\u00a0<span class=\"fileinfo\">(<span class=\"attachment-filetype\">PDF<\/span>,\u00a0<span class=\"attachment-size\">1.90 MB<\/span>)<\/span><\/p>\n<p><a class=\"filetype-pdf\" title=\"WMF 1500 S brochure\" href=\"https:\/\/www.wmf-coffeemachines.com\/media\/wysiwyg\/downloads\/PDF\/Downloadbereich\/EN\/WMF_1500_S_Brochure_EN-EN.pdf\">WMF 1500 S brochure<\/a>\u00a0<span class=\"fileinfo\">(<span class=\"attachment-filetype\">PDF<\/span>,\u00a0<span class=\"attachment-size\">2.20 MB<\/span>)<\/span><\/p>\n<p><a class=\"filetype-pdf\" title=\"WMF 1500 S poster\" href=\"https:\/\/www.wmf-coffeemachines.com\/media\/wysiwyg\/downloads\/PDF\/Downloadbereich\/EN\/WMF_1500_S_Poster_EN-En.pdf\">WMF 1500 S poster<\/a>\u00a0<span class=\"fileinfo\">(<span class=\"attachment-filetype\">PDF<\/span>,\u00a0<span class=\"attachment-size\">1.16 MB<\/span>)<\/span>[\/vc_column_text][\/vc_column_inner][\/vc_row_inner][\/vc_tta_section][\/vc_tta_tabs][vc_separator][vc_custom_heading text=&#8221;The WMF 1500 S is compatible with the following milk and steam systems:&#8221;][\/vc_column][\/vc_row][vc_row][vc_column width=&#8221;1\/3&#8243;][vc_single_image image=&#8221;5270&#8243; alignment=&#8221;center&#8221;][vc_column_text]<strong>More information about our systems:<\/strong>[\/vc_column_text][vc_btn title=&#8221;Zu den Milchsystemen&#8221; color=&#8221;orange&#8221;][vc_btn title=&#8221;Zu den Dampfsystemen&#8221; color=&#8221;orange&#8221;][\/vc_column][vc_column width=&#8221;1\/3&#8243;][vc_single_image image=&#8221;5282&#8243;][\/vc_column][vc_column width=&#8221;1\/3&#8243;][vc_single_image image=&#8221;5279&#8243;][\/vc_column][\/vc_row]<\/p>\n<\/div>","protected":false},"excerpt":{"rendered":"<h3>Yummy yourself! \u2013 So teilt man perfekte Genussmomente.<\/h3>\n<p style=\"text-align: justify;\">Die WMF 1500 S ist die kleinste leistungsf\u00e4hige Kaffeemaschine auf Basis der New-Generation Plattform. Sie bietet Spezialit\u00e4tenvielfalt, konstante Qualit\u00e4t, platzsparendes Design, optimale Zuverl\u00e4ssigkeit, einfache Bedienung und ein sehr gutes Preis-Leistungs-Verh\u00e4ltnis. Mit dem Dynamic Milk System wird die Zubereitung der neuesten Kaffeetrends wie zum Beispiel von Kaltmilchschaumgetr\u00e4nken genauso zum Kinderspiel, wie die der Klassiker Latte Macchiato und Cappuccino. Die WMF\u00a01500\u00a0S macht Gastronomie erst so richtig lecker.<\/p>\n<p style=\"text-align: justify;\">\n","protected":false},"featured_media":5250,"comment_status":"closed","ping_status":"closed","template":"","meta":[],"product_brand":[],"product_cat":[442],"product_tag":[],"class_list":{"0":"post-5549","1":"product","2":"type-product","3":"status-publish","4":"has-post-thumbnail","6":"product_cat-wmf-kaffeevollautomaten","8":"first","9":"instock","10":"taxable","11":"shipping-taxable","12":"product-type-simple"},"yoast_head":"<!-- This site is optimized with the Yoast SEO plugin v27.5 - https:\/\/yoast.com\/product\/yoast-seo-wordpress\/ -->\n<title>WMF 1500 S | Kaffeevollautomat | WMF Professionelle Kaffeemaschinen<\/title>\n<meta name=\"description\" content=\"Es k\u00f6nnen bis zu 48 Getr\u00e4nke in Einzel- oder Doppeltassen einprogrammiert werden. Auch Rezepte und Bilder sind hinterlegbar.\" \/>\n<meta name=\"robots\" content=\"index, follow, max-snippet:-1, max-image-preview:large, max-video-preview:-1\" \/>\n<link rel=\"canonical\" href=\"https:\/\/www.barista-warehouse.com\/de\/produkt\/wmf-1500-s\/\" \/>\n<meta property=\"og:locale\" content=\"de_DE\" \/>\n<meta property=\"og:type\" content=\"article\" \/>\n<meta property=\"og:title\" content=\"WMF 1500 S | Kaffeevollautomat | WMF Professionelle Kaffeemaschinen\" \/>\n<meta property=\"og:description\" content=\"Es k\u00f6nnen bis zu 48 Getr\u00e4nke in Einzel- oder Doppeltassen einprogrammiert werden. Auch Rezepte und Bilder sind hinterlegbar.\" \/>\n<meta property=\"og:url\" content=\"https:\/\/www.barista-warehouse.com\/de\/produkt\/wmf-1500-s\/\" \/>\n<meta property=\"og:site_name\" content=\"WMF, \u039c\u03b7\u03c7\u03b1\u03bd\u03ad\u03c2 Espresso, \u03c0\u03bb\u03ae\u03c1\u03c9\u03c2 \u03b1\u03c5\u03c4\u03cc\u03bc\u03b1\u03c4\u03b1 \u03c3\u03c5\u03c3\u03c4\u03ae\u03bc\u03b1\u03c4\u03b1, MADE IN GERMANY\" \/>\n<meta property=\"article:publisher\" content=\"https:\/\/www.facebook.com\/Barista-Warehousecom-476441349775216\/\" \/>\n<meta property=\"article:modified_time\" content=\"2019-07-24T14:18:17+00:00\" \/>\n<meta property=\"og:image\" content=\"https:\/\/www.barista-warehouse.com\/wp-content\/uploads\/2019\/03\/wmf_coffee_machines_1500sclassic_front_en_00-1.jpg\" \/>\n\t<meta property=\"og:image:width\" content=\"442\" \/>\n\t<meta property=\"og:image:height\" content=\"600\" \/>\n\t<meta property=\"og:image:type\" content=\"image\/jpeg\" \/>\n<meta name=\"twitter:card\" content=\"summary_large_image\" \/>\n<meta name=\"twitter:label1\" content=\"Gesch\u00e4tzte Lesezeit\" \/>\n\t<meta name=\"twitter:data1\" content=\"3\u00a0Minuten\" \/>\n<script type=\"application\/ld+json\" class=\"yoast-schema-graph\">{\"@context\":\"https:\\\/\\\/schema.org\",\"@graph\":[{\"@type\":\"WebPage\",\"@id\":\"https:\\\/\\\/www.barista-warehouse.com\\\/de\\\/produkt\\\/wmf-1500-s\\\/\",\"url\":\"https:\\\/\\\/www.barista-warehouse.com\\\/de\\\/produkt\\\/wmf-1500-s\\\/\",\"name\":\"WMF 1500 S | Kaffeevollautomat | WMF Professionelle Kaffeemaschinen\",\"isPartOf\":{\"@id\":\"https:\\\/\\\/www.barista-warehouse.com\\\/de\\\/#website\"},\"primaryImageOfPage\":{\"@id\":\"https:\\\/\\\/www.barista-warehouse.com\\\/de\\\/produkt\\\/wmf-1500-s\\\/#primaryimage\"},\"image\":{\"@id\":\"https:\\\/\\\/www.barista-warehouse.com\\\/de\\\/produkt\\\/wmf-1500-s\\\/#primaryimage\"},\"thumbnailUrl\":\"https:\\\/\\\/www.barista-warehouse.com\\\/wp-content\\\/uploads\\\/2019\\\/03\\\/wmf_coffee_machines_1500sclassic_front_en_00-1.jpg\",\"datePublished\":\"2019-04-03T08:52:31+00:00\",\"dateModified\":\"2019-07-24T14:18:17+00:00\",\"description\":\"Es k\u00f6nnen bis zu 48 Getr\u00e4nke in Einzel- oder Doppeltassen einprogrammiert werden. Auch Rezepte und Bilder sind hinterlegbar.\",\"breadcrumb\":{\"@id\":\"https:\\\/\\\/www.barista-warehouse.com\\\/de\\\/produkt\\\/wmf-1500-s\\\/#breadcrumb\"},\"inLanguage\":\"de\",\"potentialAction\":[{\"@type\":\"ReadAction\",\"target\":[\"https:\\\/\\\/www.barista-warehouse.com\\\/de\\\/produkt\\\/wmf-1500-s\\\/\"]}]},{\"@type\":\"ImageObject\",\"inLanguage\":\"de\",\"@id\":\"https:\\\/\\\/www.barista-warehouse.com\\\/de\\\/produkt\\\/wmf-1500-s\\\/#primaryimage\",\"url\":\"https:\\\/\\\/www.barista-warehouse.com\\\/wp-content\\\/uploads\\\/2019\\\/03\\\/wmf_coffee_machines_1500sclassic_front_en_00-1.jpg\",\"contentUrl\":\"https:\\\/\\\/www.barista-warehouse.com\\\/wp-content\\\/uploads\\\/2019\\\/03\\\/wmf_coffee_machines_1500sclassic_front_en_00-1.jpg\",\"width\":442,\"height\":600,\"caption\":\"WMF 1500 S Classic \\\/ \u03c5\u03c0\u03b5\u03c1\u03b1\u03c5\u03c4\u03cc\u03bc\u03b1\u03c4\u03b7 \u03bc\u03b7\u03c7\u03b1\u03bd\u03ae\"},{\"@type\":\"BreadcrumbList\",\"@id\":\"https:\\\/\\\/www.barista-warehouse.com\\\/de\\\/produkt\\\/wmf-1500-s\\\/#breadcrumb\",\"itemListElement\":[{\"@type\":\"ListItem\",\"position\":1,\"name\":\"Startseite\",\"item\":\"https:\\\/\\\/www.barista-warehouse.com\\\/de\\\/\"},{\"@type\":\"ListItem\",\"position\":2,\"name\":\"Unsere Produkte\",\"item\":\"https:\\\/\\\/www.barista-warehouse.com\\\/de\\\/shop\\\/\"},{\"@type\":\"ListItem\",\"position\":3,\"name\":\"WMF 1500 S\"}]},{\"@type\":\"WebSite\",\"@id\":\"https:\\\/\\\/www.barista-warehouse.com\\\/de\\\/#website\",\"url\":\"https:\\\/\\\/www.barista-warehouse.com\\\/de\\\/\",\"name\":\"Barista Warehouse\",\"description\":\"\u0395\u03c0\u03b1\u03b3\u03b3\u03b5\u03bb\u03bc\u03b1\u03c4\u03b9\u03ba\u03ad\u03c2 \u03bc\u03b7\u03c7\u03b1\u03bd\u03ad\u03c2 \u03b5\u03c3\u03c0\u03c1\u03ad\u03c3\u03c3\u03bf \u03b3\u03b9\u03b1 \u03ba\u03b1\u03c6\u03b5\u03c4\u03ad\u03c1\u03b9\u03b1, \u03bc\u03c0\u03b1\u03c1, \u03b1\u03bd\u03b1\u03c8\u03c5\u03ba\u03c4\u03ae\u03c1\u03b9\u03bf, \u03be\u03b5\u03bd\u03bf\u03b4\u03bf\u03c7\u03b5\u03af\u03bf \u03ba\u03b1\u03b9 \u03c0\u03c1\u03b1\u03c4\u03ae\u03c1\u03b9\u03bf \u03ac\u03c1\u03c4\u03bf\u03c5\",\"publisher\":{\"@id\":\"https:\\\/\\\/www.barista-warehouse.com\\\/de\\\/#organization\"},\"potentialAction\":[{\"@type\":\"SearchAction\",\"target\":{\"@type\":\"EntryPoint\",\"urlTemplate\":\"https:\\\/\\\/www.barista-warehouse.com\\\/de\\\/?s={search_term_string}\"},\"query-input\":{\"@type\":\"PropertyValueSpecification\",\"valueRequired\":true,\"valueName\":\"search_term_string\"}}],\"inLanguage\":\"de\"},{\"@type\":\"Organization\",\"@id\":\"https:\\\/\\\/www.barista-warehouse.com\\\/de\\\/#organization\",\"name\":\"Baristawarehouse\",\"url\":\"https:\\\/\\\/www.barista-warehouse.com\\\/de\\\/\",\"logo\":{\"@type\":\"ImageObject\",\"inLanguage\":\"de\",\"@id\":\"https:\\\/\\\/www.barista-warehouse.com\\\/de\\\/#\\\/schema\\\/logo\\\/image\\\/\",\"url\":\"https:\\\/\\\/i0.wp.com\\\/www.barista-warehouse.com\\\/wp-content\\\/uploads\\\/2019\\\/05\\\/logo-barista-final.png?fit=479%2C273&ssl=1\",\"contentUrl\":\"https:\\\/\\\/i0.wp.com\\\/www.barista-warehouse.com\\\/wp-content\\\/uploads\\\/2019\\\/05\\\/logo-barista-final.png?fit=479%2C273&ssl=1\",\"width\":479,\"height\":273,\"caption\":\"Baristawarehouse\"},\"image\":{\"@id\":\"https:\\\/\\\/www.barista-warehouse.com\\\/de\\\/#\\\/schema\\\/logo\\\/image\\\/\"},\"sameAs\":[\"https:\\\/\\\/www.facebook.com\\\/Barista-Warehousecom-476441349775216\\\/\"]}]}<\/script>\n<!-- \/ Yoast SEO plugin. -->","yoast_head_json":{"title":"WMF 1500 S | Kaffeevollautomat | WMF Professionelle Kaffeemaschinen","description":"Es k\u00f6nnen bis zu 48 Getr\u00e4nke in Einzel- oder Doppeltassen einprogrammiert werden. Auch Rezepte und Bilder sind hinterlegbar.","robots":{"index":"index","follow":"follow","max-snippet":"max-snippet:-1","max-image-preview":"max-image-preview:large","max-video-preview":"max-video-preview:-1"},"canonical":"https:\/\/www.barista-warehouse.com\/de\/produkt\/wmf-1500-s\/","og_locale":"de_DE","og_type":"article","og_title":"WMF 1500 S | Kaffeevollautomat | WMF Professionelle Kaffeemaschinen","og_description":"Es k\u00f6nnen bis zu 48 Getr\u00e4nke in Einzel- oder Doppeltassen einprogrammiert werden. Auch Rezepte und Bilder sind hinterlegbar.","og_url":"https:\/\/www.barista-warehouse.com\/de\/produkt\/wmf-1500-s\/","og_site_name":"WMF, \u039c\u03b7\u03c7\u03b1\u03bd\u03ad\u03c2 Espresso, \u03c0\u03bb\u03ae\u03c1\u03c9\u03c2 \u03b1\u03c5\u03c4\u03cc\u03bc\u03b1\u03c4\u03b1 \u03c3\u03c5\u03c3\u03c4\u03ae\u03bc\u03b1\u03c4\u03b1, MADE IN GERMANY","article_publisher":"https:\/\/www.facebook.com\/Barista-Warehousecom-476441349775216\/","article_modified_time":"2019-07-24T14:18:17+00:00","og_image":[{"width":442,"height":600,"url":"https:\/\/www.barista-warehouse.com\/wp-content\/uploads\/2019\/03\/wmf_coffee_machines_1500sclassic_front_en_00-1.jpg","type":"image\/jpeg"}],"twitter_card":"summary_large_image","twitter_misc":{"Gesch\u00e4tzte Lesezeit":"3\u00a0Minuten"},"schema":{"@context":"https:\/\/schema.org","@graph":[{"@type":"WebPage","@id":"https:\/\/www.barista-warehouse.com\/de\/produkt\/wmf-1500-s\/","url":"https:\/\/www.barista-warehouse.com\/de\/produkt\/wmf-1500-s\/","name":"WMF 1500 S | Kaffeevollautomat | WMF Professionelle Kaffeemaschinen","isPartOf":{"@id":"https:\/\/www.barista-warehouse.com\/de\/#website"},"primaryImageOfPage":{"@id":"https:\/\/www.barista-warehouse.com\/de\/produkt\/wmf-1500-s\/#primaryimage"},"image":{"@id":"https:\/\/www.barista-warehouse.com\/de\/produkt\/wmf-1500-s\/#primaryimage"},"thumbnailUrl":"https:\/\/www.barista-warehouse.com\/wp-content\/uploads\/2019\/03\/wmf_coffee_machines_1500sclassic_front_en_00-1.jpg","datePublished":"2019-04-03T08:52:31+00:00","dateModified":"2019-07-24T14:18:17+00:00","description":"Es k\u00f6nnen bis zu 48 Getr\u00e4nke in Einzel- oder Doppeltassen einprogrammiert werden. Auch Rezepte und Bilder sind hinterlegbar.","breadcrumb":{"@id":"https:\/\/www.barista-warehouse.com\/de\/produkt\/wmf-1500-s\/#breadcrumb"},"inLanguage":"de","potentialAction":[{"@type":"ReadAction","target":["https:\/\/www.barista-warehouse.com\/de\/produkt\/wmf-1500-s\/"]}]},{"@type":"ImageObject","inLanguage":"de","@id":"https:\/\/www.barista-warehouse.com\/de\/produkt\/wmf-1500-s\/#primaryimage","url":"https:\/\/www.barista-warehouse.com\/wp-content\/uploads\/2019\/03\/wmf_coffee_machines_1500sclassic_front_en_00-1.jpg","contentUrl":"https:\/\/www.barista-warehouse.com\/wp-content\/uploads\/2019\/03\/wmf_coffee_machines_1500sclassic_front_en_00-1.jpg","width":442,"height":600,"caption":"WMF 1500 S Classic \/ \u03c5\u03c0\u03b5\u03c1\u03b1\u03c5\u03c4\u03cc\u03bc\u03b1\u03c4\u03b7 \u03bc\u03b7\u03c7\u03b1\u03bd\u03ae"},{"@type":"BreadcrumbList","@id":"https:\/\/www.barista-warehouse.com\/de\/produkt\/wmf-1500-s\/#breadcrumb","itemListElement":[{"@type":"ListItem","position":1,"name":"Startseite","item":"https:\/\/www.barista-warehouse.com\/de\/"},{"@type":"ListItem","position":2,"name":"Unsere Produkte","item":"https:\/\/www.barista-warehouse.com\/de\/shop\/"},{"@type":"ListItem","position":3,"name":"WMF 1500 S"}]},{"@type":"WebSite","@id":"https:\/\/www.barista-warehouse.com\/de\/#website","url":"https:\/\/www.barista-warehouse.com\/de\/","name":"Barista Warehouse","description":"\u0395\u03c0\u03b1\u03b3\u03b3\u03b5\u03bb\u03bc\u03b1\u03c4\u03b9\u03ba\u03ad\u03c2 \u03bc\u03b7\u03c7\u03b1\u03bd\u03ad\u03c2 \u03b5\u03c3\u03c0\u03c1\u03ad\u03c3\u03c3\u03bf \u03b3\u03b9\u03b1 \u03ba\u03b1\u03c6\u03b5\u03c4\u03ad\u03c1\u03b9\u03b1, \u03bc\u03c0\u03b1\u03c1, \u03b1\u03bd\u03b1\u03c8\u03c5\u03ba\u03c4\u03ae\u03c1\u03b9\u03bf, \u03be\u03b5\u03bd\u03bf\u03b4\u03bf\u03c7\u03b5\u03af\u03bf \u03ba\u03b1\u03b9 \u03c0\u03c1\u03b1\u03c4\u03ae\u03c1\u03b9\u03bf \u03ac\u03c1\u03c4\u03bf\u03c5","publisher":{"@id":"https:\/\/www.barista-warehouse.com\/de\/#organization"},"potentialAction":[{"@type":"SearchAction","target":{"@type":"EntryPoint","urlTemplate":"https:\/\/www.barista-warehouse.com\/de\/?s={search_term_string}"},"query-input":{"@type":"PropertyValueSpecification","valueRequired":true,"valueName":"search_term_string"}}],"inLanguage":"de"},{"@type":"Organization","@id":"https:\/\/www.barista-warehouse.com\/de\/#organization","name":"Baristawarehouse","url":"https:\/\/www.barista-warehouse.com\/de\/","logo":{"@type":"ImageObject","inLanguage":"de","@id":"https:\/\/www.barista-warehouse.com\/de\/#\/schema\/logo\/image\/","url":"https:\/\/i0.wp.com\/www.barista-warehouse.com\/wp-content\/uploads\/2019\/05\/logo-barista-final.png?fit=479%2C273&ssl=1","contentUrl":"https:\/\/i0.wp.com\/www.barista-warehouse.com\/wp-content\/uploads\/2019\/05\/logo-barista-final.png?fit=479%2C273&ssl=1","width":479,"height":273,"caption":"Baristawarehouse"},"image":{"@id":"https:\/\/www.barista-warehouse.com\/de\/#\/schema\/logo\/image\/"},"sameAs":["https:\/\/www.facebook.com\/Barista-Warehousecom-476441349775216\/"]}]}},"_links":{"self":[{"href":"https:\/\/www.barista-warehouse.com\/de\/wp-json\/wp\/v2\/product\/5549","targetHints":{"allow":["GET"]}}],"collection":[{"href":"https:\/\/www.barista-warehouse.com\/de\/wp-json\/wp\/v2\/product"}],"about":[{"href":"https:\/\/www.barista-warehouse.com\/de\/wp-json\/wp\/v2\/types\/product"}],"replies":[{"embeddable":true,"href":"https:\/\/www.barista-warehouse.com\/de\/wp-json\/wp\/v2\/comments?post=5549"}],"version-history":[{"count":0,"href":"https:\/\/www.barista-warehouse.com\/de\/wp-json\/wp\/v2\/product\/5549\/revisions"}],"wp:featuredmedia":[{"embeddable":true,"href":"https:\/\/www.barista-warehouse.com\/de\/wp-json\/wp\/v2\/media\/5250"}],"wp:attachment":[{"href":"https:\/\/www.barista-warehouse.com\/de\/wp-json\/wp\/v2\/media?parent=5549"}],"wp:term":[{"taxonomy":"product_brand","embeddable":true,"href":"https:\/\/www.barista-warehouse.com\/de\/wp-json\/wp\/v2\/product_brand?post=5549"},{"taxonomy":"product_cat","embeddable":true,"href":"https:\/\/www.barista-warehouse.com\/de\/wp-json\/wp\/v2\/product_cat?post=5549"},{"taxonomy":"product_tag","embeddable":true,"href":"https:\/\/www.barista-warehouse.com\/de\/wp-json\/wp\/v2\/product_tag?post=5549"}],"curies":[{"name":"wp","href":"https:\/\/api.w.org\/{rel}","templated":true}]}}