{"id":5733,"date":"2019-04-01T21:25:03","date_gmt":"2019-04-01T19:25:03","guid":{"rendered":"https:\/\/www.barista-warehouse.com\/product\/wmf-1200-f\/"},"modified":"2019-06-27T16:58:57","modified_gmt":"2019-06-27T14:58:57","slug":"wmf-1200-f","status":"publish","type":"product","link":"https:\/\/www.barista-warehouse.com\/de\/produkt\/wmf-1200-f\/","title":{"rendered":"WMF 1200 F"},"content":{"rendered":"<div class=\"wpb-content-wrapper\"><p>[vc_row][vc_column][vc_tta_tabs][vc_tta_section title=&#8221;\u00dcbersicht&#8221; tab_id=&#8221;1553603705803-c20cbce9-baf1&#8243;][vc_row_inner][vc_column_inner width=&#8221;1\/2&#8243;][vc_single_image image=&#8221;5470&#8243; img_size=&#8221;269&#215;179&#8243; alignment=&#8221;center&#8221;][\/vc_column_inner][vc_column_inner width=&#8221;1\/2&#8243;][vc_column_text]<\/p>\n<h3>Bis zu sechs Getr\u00e4nketasten<\/h3>\n<p style=\"text-align: justify;\">Die Beschriftung kann einfach gewechselt werden und es k\u00f6nnen Tassen, K\u00e4nnchen oder Kaffeebecher genutzt werden.<\/p>\n<p>[\/vc_column_text][\/vc_column_inner][\/vc_row_inner][vc_row_inner][vc_column_inner width=&#8221;1\/2&#8243;][vc_single_image image=&#8221;5458&#8243; img_size=&#8221;269&#215;179&#8243; alignment=&#8221;center&#8221;][\/vc_column_inner][vc_column_inner width=&#8221;1\/2&#8243;][vc_column_text]<\/p>\n<h3>Frische und Geschwindigkeit<\/h3>\n<p style=\"text-align: justify;\">0,5 Liter Kaffee aus frisch gemahlenen Bohnen werden in nur 65 Sekunden gebr\u00fcht.<\/p>\n<p>[\/vc_column_text][\/vc_column_inner][\/vc_row_inner][vc_row_inner][vc_column_inner width=&#8221;1\/2&#8243;][vc_single_image image=&#8221;5464&#8243; img_size=&#8221;269&#215;179&#8243; alignment=&#8221;center&#8221;][\/vc_column_inner][vc_column_inner width=&#8221;1\/2&#8243;][vc_column_text]<\/p>\n<h3>Hei\u00dfwasser<\/h3>\n<p style=\"text-align: justify;\">Auf Knopfdruck wird, beispielsweise f\u00fcr Tee, hei\u00dfes Wasser perfekt temperiert produziert.<\/p>\n<p>[\/vc_column_text][\/vc_column_inner][\/vc_row_inner][vc_row_inner][vc_column_inner width=&#8221;1\/2&#8243;][vc_single_image image=&#8221;5461&#8243; img_size=&#8221;269&#215;179&#8243; alignment=&#8221;center&#8221;][\/vc_column_inner][vc_column_inner width=&#8221;1\/2&#8243;][vc_column_text]<\/p>\n<h3>H\u00f6henverstellbarer Auslaufhahn<\/h3>\n<p style=\"text-align: justify;\">Erleichtert die Kaffeeausgabe in Tassen, K\u00e4nnchen, Kannen und Kaffeebecher bis zu 165 mm H\u00f6he.<\/p>\n<p>[\/vc_column_text][\/vc_column_inner][\/vc_row_inner][vc_row_inner][vc_column_inner width=&#8221;1\/2&#8243;][vc_single_image image=&#8221;5467&#8243; img_size=&#8221;269&#215;179&#8243; alignment=&#8221;center&#8221;][\/vc_column_inner][vc_column_inner width=&#8221;1\/2&#8243;][vc_column_text]<\/p>\n<h3>Kombination durch schlanke Bauweise<\/h3>\n<p style=\"text-align: justify;\">Dank der schlanken Ma\u00dfe passt die Maschine an jeden Platz. In Kombination mit der WMF 1200S lassen sich s\u00e4mtliche Kaffeespezialit\u00e4ten zubereiten.<\/p>\n<p>[\/vc_column_text][\/vc_column_inner][\/vc_row_inner][vc_row_inner][vc_column_inner width=&#8221;1\/2&#8243;][vc_single_image image=&#8221;5452&#8243; img_size=&#8221;269&#215;194&#8243; alignment=&#8221;center&#8221;][\/vc_column_inner][vc_column_inner width=&#8221;1\/2&#8243;][vc_column_text]<\/p>\n<h3>Zweite Kaffeem\u00fchle<\/h3>\n<p style=\"text-align: justify;\">Bietet beispielsweise zus\u00e4tzlich die M\u00f6glichkeit f\u00fcr entkoffeinierten Kaffee aus der ganzen Bohne.<\/p>\n<p>[\/vc_column_text][\/vc_column_inner][\/vc_row_inner][vc_row_inner][vc_column_inner width=&#8221;1\/2&#8243;][vc_single_image image=&#8221;5455&#8243; img_size=&#8221;269&#215;179&#8243; alignment=&#8221;center&#8221;][\/vc_column_inner][vc_column_inner width=&#8221;1\/2&#8243;][vc_column_text]<\/p>\n<h3>Optional ausziehbarer Mengenbr\u00fcharm<\/h3>\n<p style=\"text-align: justify;\">Erm\u00f6glicht die Ausgabe von gr\u00f6\u00dferen Mengen Kaffee in einen untergestellten Thermobeh\u00e4lter. Kannen bis zu 170 mm Durchmesser und 395 mm H\u00f6he k\u00f6nnen bef\u00fcllt werden.<\/p>\n<p style=\"text-align: justify;\">[\/vc_column_text][\/vc_column_inner][\/vc_row_inner][\/vc_tta_section][vc_tta_section title=&#8221;Technische Daten&#8221; tab_id=&#8221;1553603705818-7d6445bf-541a&#8221;][vc_row_inner][vc_column_inner][vc_column_text]<\/p>\n<table style=\"width: 998px; height: 223px;\">\n<tbody>\n<tr>\n<td>Empfohlene Tages- bzw. max. Stundenleistung*<\/td>\n<td>\n<div class=\"headline-small\">\n<div class=\"content-column\">\n<div class=\"headline-small\">\n<div class=\"content-column\">bis zu 180 Tassen<\/div>\n<\/div>\n<\/div>\n<\/div>\n<\/td>\n<\/tr>\n<tr>\n<td>Nennleistung \/ Netzanschluss<\/td>\n<td>\n<div class=\"headline-small\">\n<div class=\"content-column\">3,1 &#8211; 3,7 kW \/ 220 &#8211; 240 V<\/div>\n<\/div>\n<\/td>\n<\/tr>\n<tr>\n<td>Thermoskanne (Volumen)<\/td>\n<td>2 L<\/td>\n<\/tr>\n<tr>\n<td>Kaffeebohnenbeh\u00e4lter<\/td>\n<td>ca. 1000g<\/td>\n<\/tr>\n<tr>\n<td>Au\u00dfenma\u00dfe (Breite \/ H\u00f6he** \/ Tiefe)<\/td>\n<td>324 (mit Kannentisch = 507) \/ 682 \/ 599 mm<\/td>\n<\/tr>\n<tr>\n<td>Wasseranschluss<\/td>\n<td>Festwasser<\/td>\n<\/tr>\n<tr>\n<td>Leergewicht<\/td>\n<td>\u00a0ca. 33 &#8211; 38kg<\/td>\n<\/tr>\n<tr>\n<td>Dauerschalldruckpegel (LpA) ***<\/td>\n<td>&lt; 70 dB (A)<\/td>\n<\/tr>\n<\/tbody>\n<\/table>\n<p style=\"text-align: justify;\">* Die Leistung wurde mit einer Festwassermaschine ermittelt und ist abh\u00e4ngig von Tassengr\u00f6\u00dfen, Qualit\u00e4tseinstellungen, Auslauf, Ausstattung und Nennleistung. Grundlage f\u00fcr die empfohlene max. Leistung ist das jeweilige hinterlegte Servicekonzept. Diese Durchschnittswerte dienen Ihrer Orientierung &#8211; lassen Sie sich durch unsere geschulten WMF Mitarbeiter Ihre bedarfsgerechte Kaffeemschinenl\u00f6sung zusammenstellen.<\/p>\n<p style=\"text-align: justify;\">\n<p style=\"text-align: justify;\">** H\u00f6he mit Bohnenbeh\u00e4lter.<\/p>\n<p style=\"text-align: justify;\">*** Der A-bewertete Schalldruckpegel LpA (slow) und LpA (impulse) am Arbeitsplatz des Bedienpersonals liegt in jeder Betriebsart unter 70 dB(A).<\/p>\n<p>Ab 5\u02da dKH (Karbonath\u00e4rte) muss ein WMF Wasserfilter eingesetzt werden.[\/vc_column_text][\/vc_column_inner][\/vc_row_inner][\/vc_tta_section][vc_tta_section title=&#8221;Downloads&#8221; tab_id=&#8221;1553603709331-7d9d892e-b97f&#8221;][vc_row_inner][vc_column_inner][vc_column_text]<strong>PDF Download<\/strong><\/p>\n<p><a class=\"filetype-pdf\" title=\"WMF 1200 F brochure\" href=\"https:\/\/www.wmf-coffeemachines.com\/media\/wysiwyg\/downloads\/PDF\/Downloadbereich\/EN\/WMF_1200_F_Brochure-engl.pdf\">WMF 1200 F brochure<\/a>\u00a0<span class=\"fileinfo\">(<span class=\"attachment-filetype\">PDF<\/span>,\u00a0<span class=\"attachment-size\">553.19 KB<\/span>)<\/span>[\/vc_column_text][\/vc_column_inner][\/vc_row_inner][\/vc_tta_section][\/vc_tta_tabs][vc_separator][\/vc_column][\/vc_row]<\/p>\n<\/div>","protected":false},"excerpt":{"rendered":"<h3>Feinster Filterkaffee, zu jeder Gelegenheit!<\/h3>\n<p style=\"text-align: justify;\">Gefilteter Kaffee schmeckt am besten aus frisch gemahlenen Bohnen &#8211; genau das ist die Dom\u00e4ne der WMF 1200 F! Eine perfekte Einzeltasse oder gr\u00f6\u00dfere Mengen gefilterten Kaffees stehen in einer Spitzengeschwindigkeit bereit: 0,5 Liter frisch gemahlener und gefilteter Kaffee werden in nur 65 Sekunden gebr\u00fcht. Egal ob als Zusatzger\u00e4t zu einer Spezialit\u00e4tenmaschine, im Fr\u00fchst\u00fccksbetrieb als Versorgungsstation f\u00fcr gro\u00dfe Meetings und Gesellschaften: die WMF 1200 F sorgt stehts f\u00fcr hervorragenden Kaffeegenuss.<\/p>\n<p style=\"text-align: justify;\">\n","protected":false},"featured_media":13371,"comment_status":"closed","ping_status":"closed","template":"","meta":[],"product_brand":[],"product_cat":[438],"product_tag":[],"class_list":{"0":"post-5733","1":"product","2":"type-product","3":"status-publish","4":"has-post-thumbnail","6":"product_cat-wmf-filterkaffeemaschinen","8":"first","9":"instock","10":"taxable","11":"shipping-taxable","12":"product-type-simple"},"yoast_head":"<!-- This site is optimized with the Yoast SEO plugin v27.5 - https:\/\/yoast.com\/product\/yoast-seo-wordpress\/ -->\n<title>WMF 1200 F - WMF, \u039c\u03b7\u03c7\u03b1\u03bd\u03ad\u03c2 Espresso, \u03c0\u03bb\u03ae\u03c1\u03c9\u03c2 \u03b1\u03c5\u03c4\u03cc\u03bc\u03b1\u03c4\u03b1 \u03c3\u03c5\u03c3\u03c4\u03ae\u03bc\u03b1\u03c4\u03b1, MADE IN GERMANY<\/title>\n<meta name=\"robots\" content=\"index, follow, max-snippet:-1, max-image-preview:large, max-video-preview:-1\" \/>\n<link rel=\"canonical\" href=\"https:\/\/www.barista-warehouse.com\/de\/produkt\/wmf-1200-f\/\" \/>\n<meta property=\"og:locale\" content=\"de_DE\" \/>\n<meta property=\"og:type\" content=\"article\" \/>\n<meta property=\"og:title\" content=\"WMF 1200 F - WMF, \u039c\u03b7\u03c7\u03b1\u03bd\u03ad\u03c2 Espresso, \u03c0\u03bb\u03ae\u03c1\u03c9\u03c2 \u03b1\u03c5\u03c4\u03cc\u03bc\u03b1\u03c4\u03b1 \u03c3\u03c5\u03c3\u03c4\u03ae\u03bc\u03b1\u03c4\u03b1, MADE IN GERMANY\" \/>\n<meta property=\"og:description\" content=\"Feinster Filterkaffee, zu jeder Gelegenheit! Gefilteter Kaffee schmeckt am besten aus frisch gemahlenen Bohnen - genau das ist die Dom\u00e4ne der WMF 1200 F! Eine perfekte Einzeltasse oder gr\u00f6\u00dfere Mengen gefilterten Kaffees stehen in einer Spitzengeschwindigkeit bereit: 0,5 Liter frisch gemahlener und gefilteter Kaffee werden in nur 65 Sekunden gebr\u00fcht. Egal ob als Zusatzger\u00e4t zu einer Spezialit\u00e4tenmaschine, im Fr\u00fchst\u00fccksbetrieb als Versorgungsstation f\u00fcr gro\u00dfe Meetings und Gesellschaften: die WMF 1200 F sorgt stehts f\u00fcr hervorragenden Kaffeegenuss.\" \/>\n<meta property=\"og:url\" content=\"https:\/\/www.barista-warehouse.com\/de\/produkt\/wmf-1200-f\/\" \/>\n<meta property=\"og:site_name\" content=\"WMF, \u039c\u03b7\u03c7\u03b1\u03bd\u03ad\u03c2 Espresso, \u03c0\u03bb\u03ae\u03c1\u03c9\u03c2 \u03b1\u03c5\u03c4\u03cc\u03bc\u03b1\u03c4\u03b1 \u03c3\u03c5\u03c3\u03c4\u03ae\u03bc\u03b1\u03c4\u03b1, MADE IN GERMANY\" \/>\n<meta property=\"article:publisher\" content=\"https:\/\/www.facebook.com\/Barista-Warehousecom-476441349775216\/\" \/>\n<meta property=\"article:modified_time\" content=\"2019-06-27T14:58:57+00:00\" \/>\n<meta property=\"og:image\" content=\"https:\/\/www.barista-warehouse.com\/wp-content\/uploads\/2019\/04\/wmf_coffee_machines_1200f_front_en_00.jpg\" \/>\n\t<meta property=\"og:image:width\" content=\"442\" \/>\n\t<meta property=\"og:image:height\" content=\"600\" \/>\n\t<meta property=\"og:image:type\" content=\"image\/jpeg\" \/>\n<meta name=\"twitter:card\" content=\"summary_large_image\" \/>\n<meta name=\"twitter:label1\" content=\"Gesch\u00e4tzte Lesezeit\" \/>\n\t<meta name=\"twitter:data1\" content=\"3\u00a0Minuten\" \/>\n<script type=\"application\/ld+json\" class=\"yoast-schema-graph\">{\"@context\":\"https:\\\/\\\/schema.org\",\"@graph\":[{\"@type\":\"WebPage\",\"@id\":\"https:\\\/\\\/www.barista-warehouse.com\\\/de\\\/produkt\\\/wmf-1200-f\\\/\",\"url\":\"https:\\\/\\\/www.barista-warehouse.com\\\/de\\\/produkt\\\/wmf-1200-f\\\/\",\"name\":\"WMF 1200 F - WMF, \u039c\u03b7\u03c7\u03b1\u03bd\u03ad\u03c2 Espresso, \u03c0\u03bb\u03ae\u03c1\u03c9\u03c2 \u03b1\u03c5\u03c4\u03cc\u03bc\u03b1\u03c4\u03b1 \u03c3\u03c5\u03c3\u03c4\u03ae\u03bc\u03b1\u03c4\u03b1, MADE IN GERMANY\",\"isPartOf\":{\"@id\":\"https:\\\/\\\/www.barista-warehouse.com\\\/de\\\/#website\"},\"primaryImageOfPage\":{\"@id\":\"https:\\\/\\\/www.barista-warehouse.com\\\/de\\\/produkt\\\/wmf-1200-f\\\/#primaryimage\"},\"image\":{\"@id\":\"https:\\\/\\\/www.barista-warehouse.com\\\/de\\\/produkt\\\/wmf-1200-f\\\/#primaryimage\"},\"thumbnailUrl\":\"https:\\\/\\\/www.barista-warehouse.com\\\/wp-content\\\/uploads\\\/2019\\\/04\\\/wmf_coffee_machines_1200f_front_en_00.jpg\",\"datePublished\":\"2019-04-01T19:25:03+00:00\",\"dateModified\":\"2019-06-27T14:58:57+00:00\",\"breadcrumb\":{\"@id\":\"https:\\\/\\\/www.barista-warehouse.com\\\/de\\\/produkt\\\/wmf-1200-f\\\/#breadcrumb\"},\"inLanguage\":\"de\",\"potentialAction\":[{\"@type\":\"ReadAction\",\"target\":[\"https:\\\/\\\/www.barista-warehouse.com\\\/de\\\/produkt\\\/wmf-1200-f\\\/\"]}]},{\"@type\":\"ImageObject\",\"inLanguage\":\"de\",\"@id\":\"https:\\\/\\\/www.barista-warehouse.com\\\/de\\\/produkt\\\/wmf-1200-f\\\/#primaryimage\",\"url\":\"https:\\\/\\\/www.barista-warehouse.com\\\/wp-content\\\/uploads\\\/2019\\\/04\\\/wmf_coffee_machines_1200f_front_en_00.jpg\",\"contentUrl\":\"https:\\\/\\\/www.barista-warehouse.com\\\/wp-content\\\/uploads\\\/2019\\\/04\\\/wmf_coffee_machines_1200f_front_en_00.jpg\",\"width\":442,\"height\":600,\"caption\":\"WMF 1200F\"},{\"@type\":\"BreadcrumbList\",\"@id\":\"https:\\\/\\\/www.barista-warehouse.com\\\/de\\\/produkt\\\/wmf-1200-f\\\/#breadcrumb\",\"itemListElement\":[{\"@type\":\"ListItem\",\"position\":1,\"name\":\"Startseite\",\"item\":\"https:\\\/\\\/www.barista-warehouse.com\\\/de\\\/\"},{\"@type\":\"ListItem\",\"position\":2,\"name\":\"Unsere Produkte\",\"item\":\"https:\\\/\\\/www.barista-warehouse.com\\\/de\\\/shop\\\/\"},{\"@type\":\"ListItem\",\"position\":3,\"name\":\"WMF 1200 F\"}]},{\"@type\":\"WebSite\",\"@id\":\"https:\\\/\\\/www.barista-warehouse.com\\\/de\\\/#website\",\"url\":\"https:\\\/\\\/www.barista-warehouse.com\\\/de\\\/\",\"name\":\"Barista Warehouse\",\"description\":\"\u0395\u03c0\u03b1\u03b3\u03b3\u03b5\u03bb\u03bc\u03b1\u03c4\u03b9\u03ba\u03ad\u03c2 \u03bc\u03b7\u03c7\u03b1\u03bd\u03ad\u03c2 \u03b5\u03c3\u03c0\u03c1\u03ad\u03c3\u03c3\u03bf \u03b3\u03b9\u03b1 \u03ba\u03b1\u03c6\u03b5\u03c4\u03ad\u03c1\u03b9\u03b1, \u03bc\u03c0\u03b1\u03c1, \u03b1\u03bd\u03b1\u03c8\u03c5\u03ba\u03c4\u03ae\u03c1\u03b9\u03bf, \u03be\u03b5\u03bd\u03bf\u03b4\u03bf\u03c7\u03b5\u03af\u03bf \u03ba\u03b1\u03b9 \u03c0\u03c1\u03b1\u03c4\u03ae\u03c1\u03b9\u03bf \u03ac\u03c1\u03c4\u03bf\u03c5\",\"publisher\":{\"@id\":\"https:\\\/\\\/www.barista-warehouse.com\\\/de\\\/#organization\"},\"potentialAction\":[{\"@type\":\"SearchAction\",\"target\":{\"@type\":\"EntryPoint\",\"urlTemplate\":\"https:\\\/\\\/www.barista-warehouse.com\\\/de\\\/?s={search_term_string}\"},\"query-input\":{\"@type\":\"PropertyValueSpecification\",\"valueRequired\":true,\"valueName\":\"search_term_string\"}}],\"inLanguage\":\"de\"},{\"@type\":\"Organization\",\"@id\":\"https:\\\/\\\/www.barista-warehouse.com\\\/de\\\/#organization\",\"name\":\"Baristawarehouse\",\"url\":\"https:\\\/\\\/www.barista-warehouse.com\\\/de\\\/\",\"logo\":{\"@type\":\"ImageObject\",\"inLanguage\":\"de\",\"@id\":\"https:\\\/\\\/www.barista-warehouse.com\\\/de\\\/#\\\/schema\\\/logo\\\/image\\\/\",\"url\":\"https:\\\/\\\/i0.wp.com\\\/www.barista-warehouse.com\\\/wp-content\\\/uploads\\\/2019\\\/05\\\/logo-barista-final.png?fit=479%2C273&ssl=1\",\"contentUrl\":\"https:\\\/\\\/i0.wp.com\\\/www.barista-warehouse.com\\\/wp-content\\\/uploads\\\/2019\\\/05\\\/logo-barista-final.png?fit=479%2C273&ssl=1\",\"width\":479,\"height\":273,\"caption\":\"Baristawarehouse\"},\"image\":{\"@id\":\"https:\\\/\\\/www.barista-warehouse.com\\\/de\\\/#\\\/schema\\\/logo\\\/image\\\/\"},\"sameAs\":[\"https:\\\/\\\/www.facebook.com\\\/Barista-Warehousecom-476441349775216\\\/\"]}]}<\/script>\n<!-- \/ Yoast SEO plugin. -->","yoast_head_json":{"title":"WMF 1200 F - WMF, \u039c\u03b7\u03c7\u03b1\u03bd\u03ad\u03c2 Espresso, \u03c0\u03bb\u03ae\u03c1\u03c9\u03c2 \u03b1\u03c5\u03c4\u03cc\u03bc\u03b1\u03c4\u03b1 \u03c3\u03c5\u03c3\u03c4\u03ae\u03bc\u03b1\u03c4\u03b1, MADE IN GERMANY","robots":{"index":"index","follow":"follow","max-snippet":"max-snippet:-1","max-image-preview":"max-image-preview:large","max-video-preview":"max-video-preview:-1"},"canonical":"https:\/\/www.barista-warehouse.com\/de\/produkt\/wmf-1200-f\/","og_locale":"de_DE","og_type":"article","og_title":"WMF 1200 F - WMF, \u039c\u03b7\u03c7\u03b1\u03bd\u03ad\u03c2 Espresso, \u03c0\u03bb\u03ae\u03c1\u03c9\u03c2 \u03b1\u03c5\u03c4\u03cc\u03bc\u03b1\u03c4\u03b1 \u03c3\u03c5\u03c3\u03c4\u03ae\u03bc\u03b1\u03c4\u03b1, MADE IN GERMANY","og_description":"Feinster Filterkaffee, zu jeder Gelegenheit! Gefilteter Kaffee schmeckt am besten aus frisch gemahlenen Bohnen - genau das ist die Dom\u00e4ne der WMF 1200 F! Eine perfekte Einzeltasse oder gr\u00f6\u00dfere Mengen gefilterten Kaffees stehen in einer Spitzengeschwindigkeit bereit: 0,5 Liter frisch gemahlener und gefilteter Kaffee werden in nur 65 Sekunden gebr\u00fcht. Egal ob als Zusatzger\u00e4t zu einer Spezialit\u00e4tenmaschine, im Fr\u00fchst\u00fccksbetrieb als Versorgungsstation f\u00fcr gro\u00dfe Meetings und Gesellschaften: die WMF 1200 F sorgt stehts f\u00fcr hervorragenden Kaffeegenuss.","og_url":"https:\/\/www.barista-warehouse.com\/de\/produkt\/wmf-1200-f\/","og_site_name":"WMF, \u039c\u03b7\u03c7\u03b1\u03bd\u03ad\u03c2 Espresso, \u03c0\u03bb\u03ae\u03c1\u03c9\u03c2 \u03b1\u03c5\u03c4\u03cc\u03bc\u03b1\u03c4\u03b1 \u03c3\u03c5\u03c3\u03c4\u03ae\u03bc\u03b1\u03c4\u03b1, MADE IN GERMANY","article_publisher":"https:\/\/www.facebook.com\/Barista-Warehousecom-476441349775216\/","article_modified_time":"2019-06-27T14:58:57+00:00","og_image":[{"width":442,"height":600,"url":"https:\/\/www.barista-warehouse.com\/wp-content\/uploads\/2019\/04\/wmf_coffee_machines_1200f_front_en_00.jpg","type":"image\/jpeg"}],"twitter_card":"summary_large_image","twitter_misc":{"Gesch\u00e4tzte Lesezeit":"3\u00a0Minuten"},"schema":{"@context":"https:\/\/schema.org","@graph":[{"@type":"WebPage","@id":"https:\/\/www.barista-warehouse.com\/de\/produkt\/wmf-1200-f\/","url":"https:\/\/www.barista-warehouse.com\/de\/produkt\/wmf-1200-f\/","name":"WMF 1200 F - WMF, \u039c\u03b7\u03c7\u03b1\u03bd\u03ad\u03c2 Espresso, \u03c0\u03bb\u03ae\u03c1\u03c9\u03c2 \u03b1\u03c5\u03c4\u03cc\u03bc\u03b1\u03c4\u03b1 \u03c3\u03c5\u03c3\u03c4\u03ae\u03bc\u03b1\u03c4\u03b1, MADE IN GERMANY","isPartOf":{"@id":"https:\/\/www.barista-warehouse.com\/de\/#website"},"primaryImageOfPage":{"@id":"https:\/\/www.barista-warehouse.com\/de\/produkt\/wmf-1200-f\/#primaryimage"},"image":{"@id":"https:\/\/www.barista-warehouse.com\/de\/produkt\/wmf-1200-f\/#primaryimage"},"thumbnailUrl":"https:\/\/www.barista-warehouse.com\/wp-content\/uploads\/2019\/04\/wmf_coffee_machines_1200f_front_en_00.jpg","datePublished":"2019-04-01T19:25:03+00:00","dateModified":"2019-06-27T14:58:57+00:00","breadcrumb":{"@id":"https:\/\/www.barista-warehouse.com\/de\/produkt\/wmf-1200-f\/#breadcrumb"},"inLanguage":"de","potentialAction":[{"@type":"ReadAction","target":["https:\/\/www.barista-warehouse.com\/de\/produkt\/wmf-1200-f\/"]}]},{"@type":"ImageObject","inLanguage":"de","@id":"https:\/\/www.barista-warehouse.com\/de\/produkt\/wmf-1200-f\/#primaryimage","url":"https:\/\/www.barista-warehouse.com\/wp-content\/uploads\/2019\/04\/wmf_coffee_machines_1200f_front_en_00.jpg","contentUrl":"https:\/\/www.barista-warehouse.com\/wp-content\/uploads\/2019\/04\/wmf_coffee_machines_1200f_front_en_00.jpg","width":442,"height":600,"caption":"WMF 1200F"},{"@type":"BreadcrumbList","@id":"https:\/\/www.barista-warehouse.com\/de\/produkt\/wmf-1200-f\/#breadcrumb","itemListElement":[{"@type":"ListItem","position":1,"name":"Startseite","item":"https:\/\/www.barista-warehouse.com\/de\/"},{"@type":"ListItem","position":2,"name":"Unsere Produkte","item":"https:\/\/www.barista-warehouse.com\/de\/shop\/"},{"@type":"ListItem","position":3,"name":"WMF 1200 F"}]},{"@type":"WebSite","@id":"https:\/\/www.barista-warehouse.com\/de\/#website","url":"https:\/\/www.barista-warehouse.com\/de\/","name":"Barista Warehouse","description":"\u0395\u03c0\u03b1\u03b3\u03b3\u03b5\u03bb\u03bc\u03b1\u03c4\u03b9\u03ba\u03ad\u03c2 \u03bc\u03b7\u03c7\u03b1\u03bd\u03ad\u03c2 \u03b5\u03c3\u03c0\u03c1\u03ad\u03c3\u03c3\u03bf \u03b3\u03b9\u03b1 \u03ba\u03b1\u03c6\u03b5\u03c4\u03ad\u03c1\u03b9\u03b1, \u03bc\u03c0\u03b1\u03c1, \u03b1\u03bd\u03b1\u03c8\u03c5\u03ba\u03c4\u03ae\u03c1\u03b9\u03bf, \u03be\u03b5\u03bd\u03bf\u03b4\u03bf\u03c7\u03b5\u03af\u03bf \u03ba\u03b1\u03b9 \u03c0\u03c1\u03b1\u03c4\u03ae\u03c1\u03b9\u03bf \u03ac\u03c1\u03c4\u03bf\u03c5","publisher":{"@id":"https:\/\/www.barista-warehouse.com\/de\/#organization"},"potentialAction":[{"@type":"SearchAction","target":{"@type":"EntryPoint","urlTemplate":"https:\/\/www.barista-warehouse.com\/de\/?s={search_term_string}"},"query-input":{"@type":"PropertyValueSpecification","valueRequired":true,"valueName":"search_term_string"}}],"inLanguage":"de"},{"@type":"Organization","@id":"https:\/\/www.barista-warehouse.com\/de\/#organization","name":"Baristawarehouse","url":"https:\/\/www.barista-warehouse.com\/de\/","logo":{"@type":"ImageObject","inLanguage":"de","@id":"https:\/\/www.barista-warehouse.com\/de\/#\/schema\/logo\/image\/","url":"https:\/\/i0.wp.com\/www.barista-warehouse.com\/wp-content\/uploads\/2019\/05\/logo-barista-final.png?fit=479%2C273&ssl=1","contentUrl":"https:\/\/i0.wp.com\/www.barista-warehouse.com\/wp-content\/uploads\/2019\/05\/logo-barista-final.png?fit=479%2C273&ssl=1","width":479,"height":273,"caption":"Baristawarehouse"},"image":{"@id":"https:\/\/www.barista-warehouse.com\/de\/#\/schema\/logo\/image\/"},"sameAs":["https:\/\/www.facebook.com\/Barista-Warehousecom-476441349775216\/"]}]}},"_links":{"self":[{"href":"https:\/\/www.barista-warehouse.com\/de\/wp-json\/wp\/v2\/product\/5733","targetHints":{"allow":["GET"]}}],"collection":[{"href":"https:\/\/www.barista-warehouse.com\/de\/wp-json\/wp\/v2\/product"}],"about":[{"href":"https:\/\/www.barista-warehouse.com\/de\/wp-json\/wp\/v2\/types\/product"}],"replies":[{"embeddable":true,"href":"https:\/\/www.barista-warehouse.com\/de\/wp-json\/wp\/v2\/comments?post=5733"}],"version-history":[{"count":0,"href":"https:\/\/www.barista-warehouse.com\/de\/wp-json\/wp\/v2\/product\/5733\/revisions"}],"wp:featuredmedia":[{"embeddable":true,"href":"https:\/\/www.barista-warehouse.com\/de\/wp-json\/wp\/v2\/media\/13371"}],"wp:attachment":[{"href":"https:\/\/www.barista-warehouse.com\/de\/wp-json\/wp\/v2\/media?parent=5733"}],"wp:term":[{"taxonomy":"product_brand","embeddable":true,"href":"https:\/\/www.barista-warehouse.com\/de\/wp-json\/wp\/v2\/product_brand?post=5733"},{"taxonomy":"product_cat","embeddable":true,"href":"https:\/\/www.barista-warehouse.com\/de\/wp-json\/wp\/v2\/product_cat?post=5733"},{"taxonomy":"product_tag","embeddable":true,"href":"https:\/\/www.barista-warehouse.com\/de\/wp-json\/wp\/v2\/product_tag?post=5733"}],"curies":[{"name":"wp","href":"https:\/\/api.w.org\/{rel}","templated":true}]}}