{"id":5772,"date":"2019-04-03T18:53:01","date_gmt":"2019-04-03T16:53:01","guid":{"rendered":"https:\/\/www.barista-warehouse.com\/product\/syrup-station\/"},"modified":"2019-08-01T08:37:14","modified_gmt":"2019-08-01T06:37:14","slug":"syrup-station","status":"publish","type":"product","link":"https:\/\/www.barista-warehouse.com\/de\/produkt\/syrup-station\/","title":{"rendered":"Syrup Station"},"content":{"rendered":"<div class=\"wpb-content-wrapper\"><p>[vc_row][vc_column][vc_tta_tabs][vc_tta_section title=&#8221;Technical Specifications&#8221; tab_id=&#8221;1553603705818-7d6445bf-541a&#8221;][vc_row_inner][vc_column_inner][vc_column_text]<\/p>\n<table style=\"width: 998px; height: 223px;\">\n<tbody>\n<tr>\n<td>Artikelnummer<\/td>\n<td>\n<div class=\"headline-small\">\n<div class=\"content-column\">03.9023.0001<\/div>\n<\/div>\n<\/td>\n<\/tr>\n<tr>\n<td>Flaschenkapazit\u00e4t<\/td>\n<td>\n<div class=\"headline-small\">\n<div class=\"content-column\">1 &#8211; 4<\/div>\n<\/div>\n<\/td>\n<\/tr>\n<tr>\n<td>Au\u00dfenma\u00dfe (Breite \/ H\u00f6he \/ Tiefe)<\/td>\n<td>261 \/ 530.5 \/ 469 mm<\/td>\n<\/tr>\n<tr>\n<td>Leergewicht<\/td>\n<td>Ca. 16 kg<\/td>\n<\/tr>\n<tr>\n<td>Abschlie\u00dfbar<\/td>\n<td>Ja<\/td>\n<\/tr>\n<tr>\n<td>Entnehmbare Dichtung<\/td>\n<td>Ja<\/td>\n<\/tr>\n<tr>\n<td>Einsetzbarkeit<\/td>\n<td>WMF 5000 S+ \/ WMF 9000 S+ \/ WMF 5000 S<\/td>\n<\/tr>\n<\/tbody>\n<\/table>\n<p>[\/vc_column_text][\/vc_column_inner][\/vc_row_inner][\/vc_tta_section][\/vc_tta_tabs][vc_separator][\/vc_column][\/vc_row]<\/p>\n<\/div>","protected":false},"excerpt":{"rendered":"<h3>Die k\u00f6stliche Erg\u00e4nzung f\u00fcr ausgezeichneten Kaffeegenuss.<\/h3>\n<p style=\"text-align: justify;\">Die neue WMF Sirupstation sorgt in jeder Getr\u00e4nkekarte f\u00fcr ein au\u00dfergew\u00f6hnliches Geschmackserlebnis. Durch die direkte Anbindung an einen geeigneten WMF Kaffeevollautomaten k\u00f6nnen diese Kaffee-Mix-Spezialit\u00e4ten mit wenigen Handgriffen als Standardgetr\u00e4nke im Display der Kaffeemaschine hinterlegt werden. Hierzu stehen \u00fcber 20 verschiedene Standard-Icons zur Verf\u00fcgung. Der Kreativit\u00e4t sind dabei keine Grenzen gesetzt: Mit der Variation von bis zu vier Sirupsorten, Fruchtp\u00fcrees oder Spirituosen in drei verschiedenen Dosiermengen kann der Anwender seine individuellen Rezeptideen ohne Einschr\u00e4nkungen umsetzen.<\/p>\n<p style=\"text-align: justify;\">Dank des perfekt auf die WMF Kaffeevollautomaten abgestimmten New-Generation-Designs sind Center Cooler und Sirupstation das perfekte Paar und verleihen \u201eKaffeestra\u00dfen\u201c ein glanzvolles Erscheinungsbild.<\/p>\n","protected":false},"featured_media":5598,"comment_status":"closed","ping_status":"closed","template":"","meta":[],"product_brand":[],"product_cat":[441],"product_tag":[],"class_list":{"0":"post-5772","1":"product","2":"type-product","3":"status-publish","4":"has-post-thumbnail","6":"product_cat-wmf-zusatzgeraete","8":"first","9":"instock","10":"taxable","11":"shipping-taxable","12":"product-type-simple"},"yoast_head":"<!-- This site is optimized with the Yoast SEO plugin v27.5 - https:\/\/yoast.com\/product\/yoast-seo-wordpress\/ -->\n<title>Syrup Station - WMF, \u039c\u03b7\u03c7\u03b1\u03bd\u03ad\u03c2 Espresso, \u03c0\u03bb\u03ae\u03c1\u03c9\u03c2 \u03b1\u03c5\u03c4\u03cc\u03bc\u03b1\u03c4\u03b1 \u03c3\u03c5\u03c3\u03c4\u03ae\u03bc\u03b1\u03c4\u03b1, MADE IN GERMANY<\/title>\n<meta name=\"robots\" content=\"index, follow, max-snippet:-1, max-image-preview:large, max-video-preview:-1\" \/>\n<link rel=\"canonical\" href=\"https:\/\/www.barista-warehouse.com\/de\/produkt\/syrup-station\/\" \/>\n<meta property=\"og:locale\" content=\"de_DE\" \/>\n<meta property=\"og:type\" content=\"article\" \/>\n<meta property=\"og:title\" content=\"Syrup Station - WMF, \u039c\u03b7\u03c7\u03b1\u03bd\u03ad\u03c2 Espresso, \u03c0\u03bb\u03ae\u03c1\u03c9\u03c2 \u03b1\u03c5\u03c4\u03cc\u03bc\u03b1\u03c4\u03b1 \u03c3\u03c5\u03c3\u03c4\u03ae\u03bc\u03b1\u03c4\u03b1, MADE IN GERMANY\" \/>\n<meta property=\"og:description\" content=\"Die k\u00f6stliche Erg\u00e4nzung f\u00fcr ausgezeichneten Kaffeegenuss. Die neue WMF Sirupstation sorgt in jeder Getr\u00e4nkekarte f\u00fcr ein au\u00dfergew\u00f6hnliches Geschmackserlebnis. Durch die direkte Anbindung an einen geeigneten WMF Kaffeevollautomaten k\u00f6nnen diese Kaffee-Mix-Spezialit\u00e4ten mit wenigen Handgriffen als Standardgetr\u00e4nke im Display der Kaffeemaschine hinterlegt werden. Hierzu stehen \u00fcber 20 verschiedene Standard-Icons zur Verf\u00fcgung. Der Kreativit\u00e4t sind dabei keine Grenzen gesetzt: Mit der Variation von bis zu vier Sirupsorten, Fruchtp\u00fcrees oder Spirituosen in drei verschiedenen Dosiermengen kann der Anwender seine individuellen Rezeptideen ohne Einschr\u00e4nkungen umsetzen.  Dank des perfekt auf die WMF Kaffeevollautomaten abgestimmten New-Generation-Designs sind Center Cooler und Sirupstation das perfekte Paar und verleihen \u201eKaffeestra\u00dfen\u201c ein glanzvolles Erscheinungsbild.\" \/>\n<meta property=\"og:url\" content=\"https:\/\/www.barista-warehouse.com\/de\/produkt\/syrup-station\/\" \/>\n<meta property=\"og:site_name\" content=\"WMF, \u039c\u03b7\u03c7\u03b1\u03bd\u03ad\u03c2 Espresso, \u03c0\u03bb\u03ae\u03c1\u03c9\u03c2 \u03b1\u03c5\u03c4\u03cc\u03bc\u03b1\u03c4\u03b1 \u03c3\u03c5\u03c3\u03c4\u03ae\u03bc\u03b1\u03c4\u03b1, MADE IN GERMANY\" \/>\n<meta property=\"article:publisher\" content=\"https:\/\/www.facebook.com\/Barista-Warehousecom-476441349775216\/\" \/>\n<meta property=\"article:modified_time\" content=\"2019-08-01T06:37:14+00:00\" \/>\n<meta property=\"og:image\" content=\"https:\/\/www.barista-warehouse.com\/wp-content\/uploads\/2019\/04\/sirupstation.jpg\" \/>\n\t<meta property=\"og:image:width\" content=\"400\" \/>\n\t<meta property=\"og:image:height\" content=\"600\" \/>\n\t<meta property=\"og:image:type\" content=\"image\/jpeg\" \/>\n<meta name=\"twitter:card\" content=\"summary_large_image\" \/>\n<script type=\"application\/ld+json\" class=\"yoast-schema-graph\">{\"@context\":\"https:\\\/\\\/schema.org\",\"@graph\":[{\"@type\":\"WebPage\",\"@id\":\"https:\\\/\\\/www.barista-warehouse.com\\\/de\\\/produkt\\\/syrup-station\\\/\",\"url\":\"https:\\\/\\\/www.barista-warehouse.com\\\/de\\\/produkt\\\/syrup-station\\\/\",\"name\":\"Syrup Station - WMF, \u039c\u03b7\u03c7\u03b1\u03bd\u03ad\u03c2 Espresso, \u03c0\u03bb\u03ae\u03c1\u03c9\u03c2 \u03b1\u03c5\u03c4\u03cc\u03bc\u03b1\u03c4\u03b1 \u03c3\u03c5\u03c3\u03c4\u03ae\u03bc\u03b1\u03c4\u03b1, MADE IN GERMANY\",\"isPartOf\":{\"@id\":\"https:\\\/\\\/www.barista-warehouse.com\\\/de\\\/#website\"},\"primaryImageOfPage\":{\"@id\":\"https:\\\/\\\/www.barista-warehouse.com\\\/de\\\/produkt\\\/syrup-station\\\/#primaryimage\"},\"image\":{\"@id\":\"https:\\\/\\\/www.barista-warehouse.com\\\/de\\\/produkt\\\/syrup-station\\\/#primaryimage\"},\"thumbnailUrl\":\"https:\\\/\\\/www.barista-warehouse.com\\\/wp-content\\\/uploads\\\/2019\\\/04\\\/sirupstation.jpg\",\"datePublished\":\"2019-04-03T16:53:01+00:00\",\"dateModified\":\"2019-08-01T06:37:14+00:00\",\"breadcrumb\":{\"@id\":\"https:\\\/\\\/www.barista-warehouse.com\\\/de\\\/produkt\\\/syrup-station\\\/#breadcrumb\"},\"inLanguage\":\"de\",\"potentialAction\":[{\"@type\":\"ReadAction\",\"target\":[\"https:\\\/\\\/www.barista-warehouse.com\\\/de\\\/produkt\\\/syrup-station\\\/\"]}]},{\"@type\":\"ImageObject\",\"inLanguage\":\"de\",\"@id\":\"https:\\\/\\\/www.barista-warehouse.com\\\/de\\\/produkt\\\/syrup-station\\\/#primaryimage\",\"url\":\"https:\\\/\\\/www.barista-warehouse.com\\\/wp-content\\\/uploads\\\/2019\\\/04\\\/sirupstation.jpg\",\"contentUrl\":\"https:\\\/\\\/www.barista-warehouse.com\\\/wp-content\\\/uploads\\\/2019\\\/04\\\/sirupstation.jpg\",\"width\":400,\"height\":600},{\"@type\":\"BreadcrumbList\",\"@id\":\"https:\\\/\\\/www.barista-warehouse.com\\\/de\\\/produkt\\\/syrup-station\\\/#breadcrumb\",\"itemListElement\":[{\"@type\":\"ListItem\",\"position\":1,\"name\":\"Startseite\",\"item\":\"https:\\\/\\\/www.barista-warehouse.com\\\/de\\\/\"},{\"@type\":\"ListItem\",\"position\":2,\"name\":\"Unsere Produkte\",\"item\":\"https:\\\/\\\/www.barista-warehouse.com\\\/de\\\/shop\\\/\"},{\"@type\":\"ListItem\",\"position\":3,\"name\":\"Syrup Station\"}]},{\"@type\":\"WebSite\",\"@id\":\"https:\\\/\\\/www.barista-warehouse.com\\\/de\\\/#website\",\"url\":\"https:\\\/\\\/www.barista-warehouse.com\\\/de\\\/\",\"name\":\"Barista Warehouse\",\"description\":\"\u0395\u03c0\u03b1\u03b3\u03b3\u03b5\u03bb\u03bc\u03b1\u03c4\u03b9\u03ba\u03ad\u03c2 \u03bc\u03b7\u03c7\u03b1\u03bd\u03ad\u03c2 \u03b5\u03c3\u03c0\u03c1\u03ad\u03c3\u03c3\u03bf \u03b3\u03b9\u03b1 \u03ba\u03b1\u03c6\u03b5\u03c4\u03ad\u03c1\u03b9\u03b1, \u03bc\u03c0\u03b1\u03c1, \u03b1\u03bd\u03b1\u03c8\u03c5\u03ba\u03c4\u03ae\u03c1\u03b9\u03bf, \u03be\u03b5\u03bd\u03bf\u03b4\u03bf\u03c7\u03b5\u03af\u03bf \u03ba\u03b1\u03b9 \u03c0\u03c1\u03b1\u03c4\u03ae\u03c1\u03b9\u03bf \u03ac\u03c1\u03c4\u03bf\u03c5\",\"publisher\":{\"@id\":\"https:\\\/\\\/www.barista-warehouse.com\\\/de\\\/#organization\"},\"potentialAction\":[{\"@type\":\"SearchAction\",\"target\":{\"@type\":\"EntryPoint\",\"urlTemplate\":\"https:\\\/\\\/www.barista-warehouse.com\\\/de\\\/?s={search_term_string}\"},\"query-input\":{\"@type\":\"PropertyValueSpecification\",\"valueRequired\":true,\"valueName\":\"search_term_string\"}}],\"inLanguage\":\"de\"},{\"@type\":\"Organization\",\"@id\":\"https:\\\/\\\/www.barista-warehouse.com\\\/de\\\/#organization\",\"name\":\"Baristawarehouse\",\"url\":\"https:\\\/\\\/www.barista-warehouse.com\\\/de\\\/\",\"logo\":{\"@type\":\"ImageObject\",\"inLanguage\":\"de\",\"@id\":\"https:\\\/\\\/www.barista-warehouse.com\\\/de\\\/#\\\/schema\\\/logo\\\/image\\\/\",\"url\":\"https:\\\/\\\/i0.wp.com\\\/www.barista-warehouse.com\\\/wp-content\\\/uploads\\\/2019\\\/05\\\/logo-barista-final.png?fit=479%2C273&ssl=1\",\"contentUrl\":\"https:\\\/\\\/i0.wp.com\\\/www.barista-warehouse.com\\\/wp-content\\\/uploads\\\/2019\\\/05\\\/logo-barista-final.png?fit=479%2C273&ssl=1\",\"width\":479,\"height\":273,\"caption\":\"Baristawarehouse\"},\"image\":{\"@id\":\"https:\\\/\\\/www.barista-warehouse.com\\\/de\\\/#\\\/schema\\\/logo\\\/image\\\/\"},\"sameAs\":[\"https:\\\/\\\/www.facebook.com\\\/Barista-Warehousecom-476441349775216\\\/\"]}]}<\/script>\n<!-- \/ Yoast SEO plugin. -->","yoast_head_json":{"title":"Syrup Station - WMF, \u039c\u03b7\u03c7\u03b1\u03bd\u03ad\u03c2 Espresso, \u03c0\u03bb\u03ae\u03c1\u03c9\u03c2 \u03b1\u03c5\u03c4\u03cc\u03bc\u03b1\u03c4\u03b1 \u03c3\u03c5\u03c3\u03c4\u03ae\u03bc\u03b1\u03c4\u03b1, MADE IN GERMANY","robots":{"index":"index","follow":"follow","max-snippet":"max-snippet:-1","max-image-preview":"max-image-preview:large","max-video-preview":"max-video-preview:-1"},"canonical":"https:\/\/www.barista-warehouse.com\/de\/produkt\/syrup-station\/","og_locale":"de_DE","og_type":"article","og_title":"Syrup Station - WMF, \u039c\u03b7\u03c7\u03b1\u03bd\u03ad\u03c2 Espresso, \u03c0\u03bb\u03ae\u03c1\u03c9\u03c2 \u03b1\u03c5\u03c4\u03cc\u03bc\u03b1\u03c4\u03b1 \u03c3\u03c5\u03c3\u03c4\u03ae\u03bc\u03b1\u03c4\u03b1, MADE IN GERMANY","og_description":"Die k\u00f6stliche Erg\u00e4nzung f\u00fcr ausgezeichneten Kaffeegenuss. Die neue WMF Sirupstation sorgt in jeder Getr\u00e4nkekarte f\u00fcr ein au\u00dfergew\u00f6hnliches Geschmackserlebnis. Durch die direkte Anbindung an einen geeigneten WMF Kaffeevollautomaten k\u00f6nnen diese Kaffee-Mix-Spezialit\u00e4ten mit wenigen Handgriffen als Standardgetr\u00e4nke im Display der Kaffeemaschine hinterlegt werden. Hierzu stehen \u00fcber 20 verschiedene Standard-Icons zur Verf\u00fcgung. Der Kreativit\u00e4t sind dabei keine Grenzen gesetzt: Mit der Variation von bis zu vier Sirupsorten, Fruchtp\u00fcrees oder Spirituosen in drei verschiedenen Dosiermengen kann der Anwender seine individuellen Rezeptideen ohne Einschr\u00e4nkungen umsetzen.  Dank des perfekt auf die WMF Kaffeevollautomaten abgestimmten New-Generation-Designs sind Center Cooler und Sirupstation das perfekte Paar und verleihen \u201eKaffeestra\u00dfen\u201c ein glanzvolles Erscheinungsbild.","og_url":"https:\/\/www.barista-warehouse.com\/de\/produkt\/syrup-station\/","og_site_name":"WMF, \u039c\u03b7\u03c7\u03b1\u03bd\u03ad\u03c2 Espresso, \u03c0\u03bb\u03ae\u03c1\u03c9\u03c2 \u03b1\u03c5\u03c4\u03cc\u03bc\u03b1\u03c4\u03b1 \u03c3\u03c5\u03c3\u03c4\u03ae\u03bc\u03b1\u03c4\u03b1, MADE IN GERMANY","article_publisher":"https:\/\/www.facebook.com\/Barista-Warehousecom-476441349775216\/","article_modified_time":"2019-08-01T06:37:14+00:00","og_image":[{"width":400,"height":600,"url":"https:\/\/www.barista-warehouse.com\/wp-content\/uploads\/2019\/04\/sirupstation.jpg","type":"image\/jpeg"}],"twitter_card":"summary_large_image","schema":{"@context":"https:\/\/schema.org","@graph":[{"@type":"WebPage","@id":"https:\/\/www.barista-warehouse.com\/de\/produkt\/syrup-station\/","url":"https:\/\/www.barista-warehouse.com\/de\/produkt\/syrup-station\/","name":"Syrup Station - WMF, \u039c\u03b7\u03c7\u03b1\u03bd\u03ad\u03c2 Espresso, \u03c0\u03bb\u03ae\u03c1\u03c9\u03c2 \u03b1\u03c5\u03c4\u03cc\u03bc\u03b1\u03c4\u03b1 \u03c3\u03c5\u03c3\u03c4\u03ae\u03bc\u03b1\u03c4\u03b1, MADE IN GERMANY","isPartOf":{"@id":"https:\/\/www.barista-warehouse.com\/de\/#website"},"primaryImageOfPage":{"@id":"https:\/\/www.barista-warehouse.com\/de\/produkt\/syrup-station\/#primaryimage"},"image":{"@id":"https:\/\/www.barista-warehouse.com\/de\/produkt\/syrup-station\/#primaryimage"},"thumbnailUrl":"https:\/\/www.barista-warehouse.com\/wp-content\/uploads\/2019\/04\/sirupstation.jpg","datePublished":"2019-04-03T16:53:01+00:00","dateModified":"2019-08-01T06:37:14+00:00","breadcrumb":{"@id":"https:\/\/www.barista-warehouse.com\/de\/produkt\/syrup-station\/#breadcrumb"},"inLanguage":"de","potentialAction":[{"@type":"ReadAction","target":["https:\/\/www.barista-warehouse.com\/de\/produkt\/syrup-station\/"]}]},{"@type":"ImageObject","inLanguage":"de","@id":"https:\/\/www.barista-warehouse.com\/de\/produkt\/syrup-station\/#primaryimage","url":"https:\/\/www.barista-warehouse.com\/wp-content\/uploads\/2019\/04\/sirupstation.jpg","contentUrl":"https:\/\/www.barista-warehouse.com\/wp-content\/uploads\/2019\/04\/sirupstation.jpg","width":400,"height":600},{"@type":"BreadcrumbList","@id":"https:\/\/www.barista-warehouse.com\/de\/produkt\/syrup-station\/#breadcrumb","itemListElement":[{"@type":"ListItem","position":1,"name":"Startseite","item":"https:\/\/www.barista-warehouse.com\/de\/"},{"@type":"ListItem","position":2,"name":"Unsere Produkte","item":"https:\/\/www.barista-warehouse.com\/de\/shop\/"},{"@type":"ListItem","position":3,"name":"Syrup Station"}]},{"@type":"WebSite","@id":"https:\/\/www.barista-warehouse.com\/de\/#website","url":"https:\/\/www.barista-warehouse.com\/de\/","name":"Barista Warehouse","description":"\u0395\u03c0\u03b1\u03b3\u03b3\u03b5\u03bb\u03bc\u03b1\u03c4\u03b9\u03ba\u03ad\u03c2 \u03bc\u03b7\u03c7\u03b1\u03bd\u03ad\u03c2 \u03b5\u03c3\u03c0\u03c1\u03ad\u03c3\u03c3\u03bf \u03b3\u03b9\u03b1 \u03ba\u03b1\u03c6\u03b5\u03c4\u03ad\u03c1\u03b9\u03b1, \u03bc\u03c0\u03b1\u03c1, \u03b1\u03bd\u03b1\u03c8\u03c5\u03ba\u03c4\u03ae\u03c1\u03b9\u03bf, \u03be\u03b5\u03bd\u03bf\u03b4\u03bf\u03c7\u03b5\u03af\u03bf \u03ba\u03b1\u03b9 \u03c0\u03c1\u03b1\u03c4\u03ae\u03c1\u03b9\u03bf \u03ac\u03c1\u03c4\u03bf\u03c5","publisher":{"@id":"https:\/\/www.barista-warehouse.com\/de\/#organization"},"potentialAction":[{"@type":"SearchAction","target":{"@type":"EntryPoint","urlTemplate":"https:\/\/www.barista-warehouse.com\/de\/?s={search_term_string}"},"query-input":{"@type":"PropertyValueSpecification","valueRequired":true,"valueName":"search_term_string"}}],"inLanguage":"de"},{"@type":"Organization","@id":"https:\/\/www.barista-warehouse.com\/de\/#organization","name":"Baristawarehouse","url":"https:\/\/www.barista-warehouse.com\/de\/","logo":{"@type":"ImageObject","inLanguage":"de","@id":"https:\/\/www.barista-warehouse.com\/de\/#\/schema\/logo\/image\/","url":"https:\/\/i0.wp.com\/www.barista-warehouse.com\/wp-content\/uploads\/2019\/05\/logo-barista-final.png?fit=479%2C273&ssl=1","contentUrl":"https:\/\/i0.wp.com\/www.barista-warehouse.com\/wp-content\/uploads\/2019\/05\/logo-barista-final.png?fit=479%2C273&ssl=1","width":479,"height":273,"caption":"Baristawarehouse"},"image":{"@id":"https:\/\/www.barista-warehouse.com\/de\/#\/schema\/logo\/image\/"},"sameAs":["https:\/\/www.facebook.com\/Barista-Warehousecom-476441349775216\/"]}]}},"_links":{"self":[{"href":"https:\/\/www.barista-warehouse.com\/de\/wp-json\/wp\/v2\/product\/5772","targetHints":{"allow":["GET"]}}],"collection":[{"href":"https:\/\/www.barista-warehouse.com\/de\/wp-json\/wp\/v2\/product"}],"about":[{"href":"https:\/\/www.barista-warehouse.com\/de\/wp-json\/wp\/v2\/types\/product"}],"replies":[{"embeddable":true,"href":"https:\/\/www.barista-warehouse.com\/de\/wp-json\/wp\/v2\/comments?post=5772"}],"version-history":[{"count":0,"href":"https:\/\/www.barista-warehouse.com\/de\/wp-json\/wp\/v2\/product\/5772\/revisions"}],"wp:featuredmedia":[{"embeddable":true,"href":"https:\/\/www.barista-warehouse.com\/de\/wp-json\/wp\/v2\/media\/5598"}],"wp:attachment":[{"href":"https:\/\/www.barista-warehouse.com\/de\/wp-json\/wp\/v2\/media?parent=5772"}],"wp:term":[{"taxonomy":"product_brand","embeddable":true,"href":"https:\/\/www.barista-warehouse.com\/de\/wp-json\/wp\/v2\/product_brand?post=5772"},{"taxonomy":"product_cat","embeddable":true,"href":"https:\/\/www.barista-warehouse.com\/de\/wp-json\/wp\/v2\/product_cat?post=5772"},{"taxonomy":"product_tag","embeddable":true,"href":"https:\/\/www.barista-warehouse.com\/de\/wp-json\/wp\/v2\/product_tag?post=5772"}],"curies":[{"name":"wp","href":"https:\/\/api.w.org\/{rel}","templated":true}]}}