{"id":5784,"date":"2019-04-03T20:24:35","date_gmt":"2019-04-03T18:24:35","guid":{"rendered":"https:\/\/www.barista-warehouse.com\/product\/vending-devices\/"},"modified":"2019-07-31T15:12:44","modified_gmt":"2019-07-31T13:12:44","slug":"vending-devices","status":"publish","type":"product","link":"https:\/\/www.barista-warehouse.com\/de\/produkt\/vending-devices\/","title":{"rendered":"Verkaufsger\u00e4te"},"content":{"rendered":"<div class=\"wpb-content-wrapper\"><p>[vc_row][vc_column][vc_tta_tabs][vc_tta_section title=&#8221;\u00dcbersicht&#8221; tab_id=&#8221;1553603705803-c20cbce9-baf1&#8243;][vc_column_text]<strong>M\u00fcnzpr\u00fcfer<\/strong><strong><br \/>\n<\/strong>WMF 1100 S, WMF 1200 F, WMF 1200 S, WMF 1500 S, WMF 1500 S+, WMF 5000 S, WMF 5000 S+, WMF 9000 S+, WMF 9000 F[\/vc_column_text][vc_row_inner][vc_column_inner width=&#8221;1\/2&#8243;][vc_single_image image=&#8221;5667&#8243; img_size=&#8221;medium&#8221; alignment=&#8221;center&#8221;][\/vc_column_inner][vc_column_inner width=&#8221;1\/2&#8243;][vc_column_text]<strong>Daten<\/strong><strong>:<\/strong><\/p>\n<ul>\n<li>Breite\u00a0105 mm<\/li>\n<li>H\u00f6he\u00a0502 mm<\/li>\n<li>Tiefe\u00a0350 mm<\/li>\n<\/ul>\n<p>[\/vc_column_text][\/vc_column_inner][\/vc_row_inner][vc_column_text]<strong>Ausstattung<\/strong><strong>:<\/strong><\/p>\n<ul>\n<li>Individuelle Preise f\u00fcr jedes Getr\u00e4nk einstellbar<\/li>\n<li>Bis zu 99 Verkaufspreise einstellbar (au\u00dfer bei WMF 1200 S, WMF 1200 F und WMF combiNation F, Einstellung erfolgt auf 2 Verkaufspreise)<\/li>\n<li>Mehrfachverkauf m\u00f6glich<\/li>\n<li>WMF 1200 F und WMF 1200 S k\u00f6nnen nur mit einem Zweipreis-M\u00fcnzpr\u00fcfer eingesetzt werden, WMF 1200 F nur ohne Br\u00fcharmauszug<\/li>\n<li>EIm Display auf \u201eAlles gratis\u201c schaltbar. Ausnahme WMF 1200 S und WMF 1200 F mit Gratisschalter<\/li>\n<\/ul>\n<p>*WMF 1200 F\/WMF 1200 S is only compatible with a double-price coin checker, WMF 1200 F only without optional side brewing arm.[\/vc_column_text][vc_separator][vc_column_text]<strong>M\u00fcnzwechsler<\/strong><strong><br \/>\n<\/strong>WMF 1100 S, WMF 1500 S, WMF 1500 S+, WMF 5000 S, WMF 5000 S+, WMF 9000 S+, WMF 9000 F[\/vc_column_text][vc_row_inner][vc_column_inner width=&#8221;1\/2&#8243;][vc_single_image image=&#8221;5670&#8243; img_size=&#8221;medium&#8221; alignment=&#8221;center&#8221;][\/vc_column_inner][vc_column_inner width=&#8221;1\/2&#8243;][vc_column_text]<strong>Daten<\/strong><strong>:<\/strong><\/p>\n<ul>\n<li>Breite\u00a0105 mm<\/li>\n<li>H\u00f6he\u00a0500 mm<\/li>\n<li>Tiefe\u00a0350 mm<\/li>\n<\/ul>\n<p>[\/vc_column_text][\/vc_column_inner][\/vc_row_inner][vc_column_text]<strong>Ausstattung<\/strong><strong>:<\/strong><\/p>\n<ul>\n<li>Anschluss f\u00fcr 1 WMF Kaffeemaschine<\/li>\n<li>Anbau immer rechts an der Maschine<\/li>\n<li>Annahme von M\u00fcnzen (5 Cent bis 2 Euro) und WMF Wertmarken<\/li>\n<li>R\u00fcckgabe von Wechselgeld (entspricht der Differenz zwischen eingestelltem Preis und eingeworfenen M\u00fcnzen)<\/li>\n<li>Individuelle Preise f\u00fcr jedes Getr\u00e4nk einstellbar<\/li>\n<li>Bis zu 99 Verkaufspreise einstellbar<\/li>\n<li>Alle Ger\u00e4te mit Gratisschalter oder im Display auf \u201eAlles gratis\u201c schaltbar<\/li>\n<\/ul>\n<p>[\/vc_column_text][vc_separator][vc_column_text]<strong>Kartenlesergeh\u00e4use<\/strong><br \/>\nWMF 1100 S, WMF 1500 S, WMF 1500 S+, WMF 5000 S, WMF 5000 S+, WMF 9000 S+, WMF 9000 F[\/vc_column_text][vc_row_inner][vc_column_inner width=&#8221;1\/2&#8243;][vc_single_image image=&#8221;5664&#8243; img_size=&#8221;medium&#8221; alignment=&#8221;center&#8221;][\/vc_column_inner][vc_column_inner width=&#8221;1\/2&#8243;][vc_column_text]<strong>Daten<\/strong><strong>:<\/strong><\/p>\n<ul>\n<li>Breite\u00a0 130 mm<\/li>\n<li>H\u00f6he\u00a0500 mm<\/li>\n<li>Tiefe\u00a0350 mm<\/li>\n<\/ul>\n<p>[\/vc_column_text][\/vc_column_inner][\/vc_row_inner][vc_column_text]<strong>Ausstattung<\/strong><strong>:<\/strong><\/p>\n<ul>\n<li>Anschluss f\u00fcr 1 WMF Kaffeemaschine<\/li>\n<li>Anbau immer rechts an der Maschine<\/li>\n<li>Anbindung erfolgt \u00fcber MDB-Schnittstelle<\/li>\n<li>Individuelle Preise f\u00fcr jedes Getr\u00e4nk einstellbar<\/li>\n<li>Im Display auf \u201eAlles gratis\u201c schaltbar<\/li>\n<li>Kontaktloses Bezahlverfahren \u201eTap&amp;GoTM\u201c m\u00f6glich, abh\u00e4ngig vom Kartenleser (selection first im Gegensatz zu normalerweise credit first)<\/li>\n<\/ul>\n<p>&nbsp;<\/p>\n<p><strong>Wichtige Information:<\/strong><\/p>\n<ul>\n<li>Der Kartenleser wird vom Kunden beschafft und zum Einbau an das WMF Werk am Standort Geislingen geschickt.<\/li>\n<li>Dazu alle vorhandenen Informationen \u00fcber den Kartenleser an WMF weiterleiten<\/li>\n<li>WMF bindet MDB-Kartenleser an: Dazu werden die Kartenleser von WMF auf Kompatibilit\u00e4t gepr\u00fcft und freigegeben. Hersteller auf Anfrage.<\/li>\n<\/ul>\n<p>[\/vc_column_text][vc_separator][vc_column_text]<\/p>\n<h3><strong>Verkaufsger\u00e4te\u00a0<\/strong><br \/>\nf\u00fcr WMF combiNation F<\/h3>\n<p>[\/vc_column_text][vc_row_inner][vc_column_inner width=&#8221;1\/2&#8243;][vc_single_image image=&#8221;5655&#8243; img_size=&#8221;medium&#8221; alignment=&#8221;center&#8221;][\/vc_column_inner][vc_column_inner width=&#8221;1\/2&#8243;][vc_column_text]<strong>Daten<\/strong><strong>:<\/strong><\/p>\n<ul>\n<li>Breite\u00a0 170 mm<\/li>\n<li>H\u00f6he 604 mm<\/li>\n<li>Tiefe\u00a0496 mm<\/li>\n<\/ul>\n<p>[\/vc_column_text][\/vc_column_inner][\/vc_row_inner][vc_column_text]<strong>Ausstattung<\/strong><strong>:<\/strong><\/p>\n<ul>\n<li>Anschluss f\u00fcr 1 WMF Kaffeemaschine<\/li>\n<li>Anbau immer rechts an der Maschine<\/li>\n<li>Annahme von Mu\u0308nzen (5 Cent bis 2 Euro) und WMF Wertmarken, Einstellung erfolgt auf 2 Verkaufspreise<\/li>\n<li>Keine Wechselgeldr\u00fcckgabe<\/li>\n<\/ul>\n<p>[\/vc_column_text][vc_separator][vc_column_text]<strong>M\u00fcnzwechsler<\/strong>[\/vc_column_text][vc_row_inner][vc_column_inner width=&#8221;1\/2&#8243;][vc_single_image image=&#8221;5661&#8243; img_size=&#8221;medium&#8221; alignment=&#8221;center&#8221;][\/vc_column_inner][vc_column_inner width=&#8221;1\/2&#8243;][vc_column_text]<strong>Daten<\/strong><strong>:<\/strong><\/p>\n<ul>\n<li>Breite\u00a0 170 mm<\/li>\n<li>H\u00f6he\u00a0604 mm<\/li>\n<li>Tiefe 496 mm<\/li>\n<\/ul>\n<p>[\/vc_column_text][\/vc_column_inner][\/vc_row_inner][vc_column_text]<strong>Ausstattung<\/strong><strong>:<\/strong><\/p>\n<ul>\n<li>Anschluss f\u00fcr 1 WMF Kaffeemaschine<\/li>\n<li>Anbau immer rechts an der Maschine<\/li>\n<li>Annahme von M\u00fcnzen (5 Cent bis 2 Euro) und WMF Wertmarken<\/li>\n<li>R\u00fcckgabe von Wechselgeld (entspricht der Differenz zwischen eingestelltem Preis und eingeworfenen M\u00fcnzen)<\/li>\n<li>Individuelle Preise f\u00fcr jedes Getr\u00e4nk einstellbar<\/li>\n<li>Bis zu 99 Verkaufspreise einstellbar<\/li>\n<li>Alle Ger\u00e4te mit Gratisschalter oder im Display auf \u201eAlles gratis\u201c schaltbar<\/li>\n<\/ul>\n<p>[\/vc_column_text][vc_separator][vc_column_text]<strong>Kartenlesergeh\u00e4use<\/strong>[\/vc_column_text][vc_row_inner][vc_column_inner width=&#8221;1\/2&#8243;][vc_single_image image=&#8221;5658&#8243; img_size=&#8221;medium&#8221; alignment=&#8221;center&#8221;][\/vc_column_inner][vc_column_inner width=&#8221;1\/2&#8243;][vc_column_text]<strong>Daten<\/strong><strong>:<\/strong><\/p>\n<ul>\n<li>Breite\u00a0 170 mm<\/li>\n<li>H\u00f6he\u00a0604 mm<\/li>\n<li>Tiefe 496 mm<\/li>\n<\/ul>\n<p>[\/vc_column_text][\/vc_column_inner][\/vc_row_inner][vc_column_text]<strong>Ausstattung<\/strong><strong>:<\/strong><\/p>\n<ul>\n<li>Anschluss f\u00fcr 1 WMF Kaffeemaschine<\/li>\n<li>Anbau immer rechts an der Maschine<\/li>\n<li>Anbindung erfolgt \u00fcber MDB-Schnittstelle<\/li>\n<li>Individuelle Preise f\u00fcr jedes Getr\u00e4nk einstellbar<\/li>\n<li>Im Display auf \u201eAlles gratis\u201c schaltbar<\/li>\n<li>Kontaktloses Bezahlverfahren \u201eTap&amp;GoTM\u201c m\u00f6glich, abh\u00e4ngig vom Kartenleser (selection first im Gegensatz zu normalerweise credit first)<\/li>\n<\/ul>\n<p><strong>Wichtige Information:<\/strong><\/p>\n<ul>\n<li>Der Kartenleser wird vom Kunden beschafft und zum Einbau an das WMF Werk am Standort Geislingen geschickt.<\/li>\n<li>Dazu alle vorhandenen Informationen \u00fcber den Kartenleser an WMF weiterleiten<\/li>\n<li>WMF bindet Kartenleser an: Dazu werden die Kartenleser von WMF auf Kompatibilit\u00e4t gepr\u00fcft und freigegeben. Hersteller auf Anfrage.<\/li>\n<\/ul>\n<p>[\/vc_column_text][vc_separator][\/vc_tta_section][\/vc_tta_tabs][\/vc_column][\/vc_row]<\/p>\n<\/div>","protected":false},"excerpt":{"rendered":"<h3>Verkaufsger\u00e4te<\/h3>\n<p>Ob M\u00fcnzpr\u00fcfer,\u00a0 M\u00fcnzwechsler oder Kartenleseger\u00e4t \u2013 mit den WMF Verkaufsger\u00e4ten sind Sie der Seller! Unterst\u00fctzen Sie Ihre Abwicklung im SB-Bereich und profitieren Sie davon.<\/p>\n","protected":false},"featured_media":5675,"comment_status":"closed","ping_status":"closed","template":"","meta":[],"product_brand":[],"product_cat":[441],"product_tag":[],"class_list":{"0":"post-5784","1":"product","2":"type-product","3":"status-publish","4":"has-post-thumbnail","6":"product_cat-wmf-zusatzgeraete","8":"first","9":"instock","10":"taxable","11":"shipping-taxable","12":"product-type-simple"},"yoast_head":"<!-- This site is optimized with the Yoast SEO plugin v27.4 - https:\/\/yoast.com\/product\/yoast-seo-wordpress\/ -->\n<title>Verkaufsger\u00e4te - WMF, \u039c\u03b7\u03c7\u03b1\u03bd\u03ad\u03c2 Espresso, \u03c0\u03bb\u03ae\u03c1\u03c9\u03c2 \u03b1\u03c5\u03c4\u03cc\u03bc\u03b1\u03c4\u03b1 \u03c3\u03c5\u03c3\u03c4\u03ae\u03bc\u03b1\u03c4\u03b1, MADE IN GERMANY<\/title>\n<meta name=\"robots\" content=\"index, follow, max-snippet:-1, max-image-preview:large, max-video-preview:-1\" \/>\n<link rel=\"canonical\" href=\"https:\/\/www.barista-warehouse.com\/de\/produkt\/vending-devices\/\" \/>\n<meta property=\"og:locale\" content=\"de_DE\" \/>\n<meta property=\"og:type\" content=\"article\" \/>\n<meta property=\"og:title\" content=\"Verkaufsger\u00e4te - WMF, \u039c\u03b7\u03c7\u03b1\u03bd\u03ad\u03c2 Espresso, \u03c0\u03bb\u03ae\u03c1\u03c9\u03c2 \u03b1\u03c5\u03c4\u03cc\u03bc\u03b1\u03c4\u03b1 \u03c3\u03c5\u03c3\u03c4\u03ae\u03bc\u03b1\u03c4\u03b1, MADE IN GERMANY\" \/>\n<meta property=\"og:description\" content=\"Verkaufsger\u00e4te Ob M\u00fcnzpr\u00fcfer,\u00a0 M\u00fcnzwechsler oder Kartenleseger\u00e4t \u2013 mit den WMF Verkaufsger\u00e4ten sind Sie der Seller! Unterst\u00fctzen Sie Ihre Abwicklung im SB-Bereich und profitieren Sie davon.\" \/>\n<meta property=\"og:url\" content=\"https:\/\/www.barista-warehouse.com\/de\/produkt\/vending-devices\/\" \/>\n<meta property=\"og:site_name\" content=\"WMF, \u039c\u03b7\u03c7\u03b1\u03bd\u03ad\u03c2 Espresso, \u03c0\u03bb\u03ae\u03c1\u03c9\u03c2 \u03b1\u03c5\u03c4\u03cc\u03bc\u03b1\u03c4\u03b1 \u03c3\u03c5\u03c3\u03c4\u03ae\u03bc\u03b1\u03c4\u03b1, MADE IN GERMANY\" \/>\n<meta property=\"article:publisher\" content=\"https:\/\/www.facebook.com\/Barista-Warehousecom-476441349775216\/\" \/>\n<meta property=\"article:modified_time\" content=\"2019-07-31T13:12:44+00:00\" \/>\n<meta property=\"og:image\" content=\"https:\/\/www.barista-warehouse.com\/wp-content\/uploads\/2019\/04\/wmf_coffee_machines_verkaufsgeraete_01.jpg\" \/>\n\t<meta property=\"og:image:width\" content=\"320\" \/>\n\t<meta property=\"og:image:height\" content=\"412\" \/>\n\t<meta property=\"og:image:type\" content=\"image\/jpeg\" \/>\n<meta name=\"twitter:card\" content=\"summary_large_image\" \/>\n<meta name=\"twitter:label1\" content=\"Gesch\u00e4tzte Lesezeit\" \/>\n\t<meta name=\"twitter:data1\" content=\"4\u00a0Minuten\" \/>\n<script type=\"application\/ld+json\" class=\"yoast-schema-graph\">{\"@context\":\"https:\\\/\\\/schema.org\",\"@graph\":[{\"@type\":\"WebPage\",\"@id\":\"https:\\\/\\\/www.barista-warehouse.com\\\/de\\\/produkt\\\/vending-devices\\\/\",\"url\":\"https:\\\/\\\/www.barista-warehouse.com\\\/de\\\/produkt\\\/vending-devices\\\/\",\"name\":\"Verkaufsger\u00e4te - WMF, \u039c\u03b7\u03c7\u03b1\u03bd\u03ad\u03c2 Espresso, \u03c0\u03bb\u03ae\u03c1\u03c9\u03c2 \u03b1\u03c5\u03c4\u03cc\u03bc\u03b1\u03c4\u03b1 \u03c3\u03c5\u03c3\u03c4\u03ae\u03bc\u03b1\u03c4\u03b1, MADE IN GERMANY\",\"isPartOf\":{\"@id\":\"https:\\\/\\\/www.barista-warehouse.com\\\/de\\\/#website\"},\"primaryImageOfPage\":{\"@id\":\"https:\\\/\\\/www.barista-warehouse.com\\\/de\\\/produkt\\\/vending-devices\\\/#primaryimage\"},\"image\":{\"@id\":\"https:\\\/\\\/www.barista-warehouse.com\\\/de\\\/produkt\\\/vending-devices\\\/#primaryimage\"},\"thumbnailUrl\":\"https:\\\/\\\/www.barista-warehouse.com\\\/wp-content\\\/uploads\\\/2019\\\/04\\\/wmf_coffee_machines_verkaufsgeraete_01.jpg\",\"datePublished\":\"2019-04-03T18:24:35+00:00\",\"dateModified\":\"2019-07-31T13:12:44+00:00\",\"breadcrumb\":{\"@id\":\"https:\\\/\\\/www.barista-warehouse.com\\\/de\\\/produkt\\\/vending-devices\\\/#breadcrumb\"},\"inLanguage\":\"de\",\"potentialAction\":[{\"@type\":\"ReadAction\",\"target\":[\"https:\\\/\\\/www.barista-warehouse.com\\\/de\\\/produkt\\\/vending-devices\\\/\"]}]},{\"@type\":\"ImageObject\",\"inLanguage\":\"de\",\"@id\":\"https:\\\/\\\/www.barista-warehouse.com\\\/de\\\/produkt\\\/vending-devices\\\/#primaryimage\",\"url\":\"https:\\\/\\\/www.barista-warehouse.com\\\/wp-content\\\/uploads\\\/2019\\\/04\\\/wmf_coffee_machines_verkaufsgeraete_01.jpg\",\"contentUrl\":\"https:\\\/\\\/www.barista-warehouse.com\\\/wp-content\\\/uploads\\\/2019\\\/04\\\/wmf_coffee_machines_verkaufsgeraete_01.jpg\",\"width\":320,\"height\":412},{\"@type\":\"BreadcrumbList\",\"@id\":\"https:\\\/\\\/www.barista-warehouse.com\\\/de\\\/produkt\\\/vending-devices\\\/#breadcrumb\",\"itemListElement\":[{\"@type\":\"ListItem\",\"position\":1,\"name\":\"Startseite\",\"item\":\"https:\\\/\\\/www.barista-warehouse.com\\\/de\\\/\"},{\"@type\":\"ListItem\",\"position\":2,\"name\":\"Unsere Produkte\",\"item\":\"https:\\\/\\\/www.barista-warehouse.com\\\/de\\\/shop\\\/\"},{\"@type\":\"ListItem\",\"position\":3,\"name\":\"Verkaufsger\u00e4te\"}]},{\"@type\":\"WebSite\",\"@id\":\"https:\\\/\\\/www.barista-warehouse.com\\\/de\\\/#website\",\"url\":\"https:\\\/\\\/www.barista-warehouse.com\\\/de\\\/\",\"name\":\"Barista Warehouse\",\"description\":\"\u0395\u03c0\u03b1\u03b3\u03b3\u03b5\u03bb\u03bc\u03b1\u03c4\u03b9\u03ba\u03ad\u03c2 \u03bc\u03b7\u03c7\u03b1\u03bd\u03ad\u03c2 \u03b5\u03c3\u03c0\u03c1\u03ad\u03c3\u03c3\u03bf \u03b3\u03b9\u03b1 \u03ba\u03b1\u03c6\u03b5\u03c4\u03ad\u03c1\u03b9\u03b1, \u03bc\u03c0\u03b1\u03c1, \u03b1\u03bd\u03b1\u03c8\u03c5\u03ba\u03c4\u03ae\u03c1\u03b9\u03bf, \u03be\u03b5\u03bd\u03bf\u03b4\u03bf\u03c7\u03b5\u03af\u03bf \u03ba\u03b1\u03b9 \u03c0\u03c1\u03b1\u03c4\u03ae\u03c1\u03b9\u03bf \u03ac\u03c1\u03c4\u03bf\u03c5\",\"publisher\":{\"@id\":\"https:\\\/\\\/www.barista-warehouse.com\\\/de\\\/#organization\"},\"potentialAction\":[{\"@type\":\"SearchAction\",\"target\":{\"@type\":\"EntryPoint\",\"urlTemplate\":\"https:\\\/\\\/www.barista-warehouse.com\\\/de\\\/?s={search_term_string}\"},\"query-input\":{\"@type\":\"PropertyValueSpecification\",\"valueRequired\":true,\"valueName\":\"search_term_string\"}}],\"inLanguage\":\"de\"},{\"@type\":\"Organization\",\"@id\":\"https:\\\/\\\/www.barista-warehouse.com\\\/de\\\/#organization\",\"name\":\"Baristawarehouse\",\"url\":\"https:\\\/\\\/www.barista-warehouse.com\\\/de\\\/\",\"logo\":{\"@type\":\"ImageObject\",\"inLanguage\":\"de\",\"@id\":\"https:\\\/\\\/www.barista-warehouse.com\\\/de\\\/#\\\/schema\\\/logo\\\/image\\\/\",\"url\":\"https:\\\/\\\/i0.wp.com\\\/www.barista-warehouse.com\\\/wp-content\\\/uploads\\\/2019\\\/05\\\/logo-barista-final.png?fit=479%2C273&ssl=1\",\"contentUrl\":\"https:\\\/\\\/i0.wp.com\\\/www.barista-warehouse.com\\\/wp-content\\\/uploads\\\/2019\\\/05\\\/logo-barista-final.png?fit=479%2C273&ssl=1\",\"width\":479,\"height\":273,\"caption\":\"Baristawarehouse\"},\"image\":{\"@id\":\"https:\\\/\\\/www.barista-warehouse.com\\\/de\\\/#\\\/schema\\\/logo\\\/image\\\/\"},\"sameAs\":[\"https:\\\/\\\/www.facebook.com\\\/Barista-Warehousecom-476441349775216\\\/\"]}]}<\/script>\n<!-- \/ Yoast SEO plugin. -->","yoast_head_json":{"title":"Verkaufsger\u00e4te - WMF, \u039c\u03b7\u03c7\u03b1\u03bd\u03ad\u03c2 Espresso, \u03c0\u03bb\u03ae\u03c1\u03c9\u03c2 \u03b1\u03c5\u03c4\u03cc\u03bc\u03b1\u03c4\u03b1 \u03c3\u03c5\u03c3\u03c4\u03ae\u03bc\u03b1\u03c4\u03b1, MADE IN GERMANY","robots":{"index":"index","follow":"follow","max-snippet":"max-snippet:-1","max-image-preview":"max-image-preview:large","max-video-preview":"max-video-preview:-1"},"canonical":"https:\/\/www.barista-warehouse.com\/de\/produkt\/vending-devices\/","og_locale":"de_DE","og_type":"article","og_title":"Verkaufsger\u00e4te - WMF, \u039c\u03b7\u03c7\u03b1\u03bd\u03ad\u03c2 Espresso, \u03c0\u03bb\u03ae\u03c1\u03c9\u03c2 \u03b1\u03c5\u03c4\u03cc\u03bc\u03b1\u03c4\u03b1 \u03c3\u03c5\u03c3\u03c4\u03ae\u03bc\u03b1\u03c4\u03b1, MADE IN GERMANY","og_description":"Verkaufsger\u00e4te Ob M\u00fcnzpr\u00fcfer,\u00a0 M\u00fcnzwechsler oder Kartenleseger\u00e4t \u2013 mit den WMF Verkaufsger\u00e4ten sind Sie der Seller! Unterst\u00fctzen Sie Ihre Abwicklung im SB-Bereich und profitieren Sie davon.","og_url":"https:\/\/www.barista-warehouse.com\/de\/produkt\/vending-devices\/","og_site_name":"WMF, \u039c\u03b7\u03c7\u03b1\u03bd\u03ad\u03c2 Espresso, \u03c0\u03bb\u03ae\u03c1\u03c9\u03c2 \u03b1\u03c5\u03c4\u03cc\u03bc\u03b1\u03c4\u03b1 \u03c3\u03c5\u03c3\u03c4\u03ae\u03bc\u03b1\u03c4\u03b1, MADE IN GERMANY","article_publisher":"https:\/\/www.facebook.com\/Barista-Warehousecom-476441349775216\/","article_modified_time":"2019-07-31T13:12:44+00:00","og_image":[{"width":320,"height":412,"url":"https:\/\/www.barista-warehouse.com\/wp-content\/uploads\/2019\/04\/wmf_coffee_machines_verkaufsgeraete_01.jpg","type":"image\/jpeg"}],"twitter_card":"summary_large_image","twitter_misc":{"Gesch\u00e4tzte Lesezeit":"4\u00a0Minuten"},"schema":{"@context":"https:\/\/schema.org","@graph":[{"@type":"WebPage","@id":"https:\/\/www.barista-warehouse.com\/de\/produkt\/vending-devices\/","url":"https:\/\/www.barista-warehouse.com\/de\/produkt\/vending-devices\/","name":"Verkaufsger\u00e4te - WMF, \u039c\u03b7\u03c7\u03b1\u03bd\u03ad\u03c2 Espresso, \u03c0\u03bb\u03ae\u03c1\u03c9\u03c2 \u03b1\u03c5\u03c4\u03cc\u03bc\u03b1\u03c4\u03b1 \u03c3\u03c5\u03c3\u03c4\u03ae\u03bc\u03b1\u03c4\u03b1, MADE IN GERMANY","isPartOf":{"@id":"https:\/\/www.barista-warehouse.com\/de\/#website"},"primaryImageOfPage":{"@id":"https:\/\/www.barista-warehouse.com\/de\/produkt\/vending-devices\/#primaryimage"},"image":{"@id":"https:\/\/www.barista-warehouse.com\/de\/produkt\/vending-devices\/#primaryimage"},"thumbnailUrl":"https:\/\/www.barista-warehouse.com\/wp-content\/uploads\/2019\/04\/wmf_coffee_machines_verkaufsgeraete_01.jpg","datePublished":"2019-04-03T18:24:35+00:00","dateModified":"2019-07-31T13:12:44+00:00","breadcrumb":{"@id":"https:\/\/www.barista-warehouse.com\/de\/produkt\/vending-devices\/#breadcrumb"},"inLanguage":"de","potentialAction":[{"@type":"ReadAction","target":["https:\/\/www.barista-warehouse.com\/de\/produkt\/vending-devices\/"]}]},{"@type":"ImageObject","inLanguage":"de","@id":"https:\/\/www.barista-warehouse.com\/de\/produkt\/vending-devices\/#primaryimage","url":"https:\/\/www.barista-warehouse.com\/wp-content\/uploads\/2019\/04\/wmf_coffee_machines_verkaufsgeraete_01.jpg","contentUrl":"https:\/\/www.barista-warehouse.com\/wp-content\/uploads\/2019\/04\/wmf_coffee_machines_verkaufsgeraete_01.jpg","width":320,"height":412},{"@type":"BreadcrumbList","@id":"https:\/\/www.barista-warehouse.com\/de\/produkt\/vending-devices\/#breadcrumb","itemListElement":[{"@type":"ListItem","position":1,"name":"Startseite","item":"https:\/\/www.barista-warehouse.com\/de\/"},{"@type":"ListItem","position":2,"name":"Unsere Produkte","item":"https:\/\/www.barista-warehouse.com\/de\/shop\/"},{"@type":"ListItem","position":3,"name":"Verkaufsger\u00e4te"}]},{"@type":"WebSite","@id":"https:\/\/www.barista-warehouse.com\/de\/#website","url":"https:\/\/www.barista-warehouse.com\/de\/","name":"Barista Warehouse","description":"\u0395\u03c0\u03b1\u03b3\u03b3\u03b5\u03bb\u03bc\u03b1\u03c4\u03b9\u03ba\u03ad\u03c2 \u03bc\u03b7\u03c7\u03b1\u03bd\u03ad\u03c2 \u03b5\u03c3\u03c0\u03c1\u03ad\u03c3\u03c3\u03bf \u03b3\u03b9\u03b1 \u03ba\u03b1\u03c6\u03b5\u03c4\u03ad\u03c1\u03b9\u03b1, \u03bc\u03c0\u03b1\u03c1, \u03b1\u03bd\u03b1\u03c8\u03c5\u03ba\u03c4\u03ae\u03c1\u03b9\u03bf, \u03be\u03b5\u03bd\u03bf\u03b4\u03bf\u03c7\u03b5\u03af\u03bf \u03ba\u03b1\u03b9 \u03c0\u03c1\u03b1\u03c4\u03ae\u03c1\u03b9\u03bf \u03ac\u03c1\u03c4\u03bf\u03c5","publisher":{"@id":"https:\/\/www.barista-warehouse.com\/de\/#organization"},"potentialAction":[{"@type":"SearchAction","target":{"@type":"EntryPoint","urlTemplate":"https:\/\/www.barista-warehouse.com\/de\/?s={search_term_string}"},"query-input":{"@type":"PropertyValueSpecification","valueRequired":true,"valueName":"search_term_string"}}],"inLanguage":"de"},{"@type":"Organization","@id":"https:\/\/www.barista-warehouse.com\/de\/#organization","name":"Baristawarehouse","url":"https:\/\/www.barista-warehouse.com\/de\/","logo":{"@type":"ImageObject","inLanguage":"de","@id":"https:\/\/www.barista-warehouse.com\/de\/#\/schema\/logo\/image\/","url":"https:\/\/i0.wp.com\/www.barista-warehouse.com\/wp-content\/uploads\/2019\/05\/logo-barista-final.png?fit=479%2C273&ssl=1","contentUrl":"https:\/\/i0.wp.com\/www.barista-warehouse.com\/wp-content\/uploads\/2019\/05\/logo-barista-final.png?fit=479%2C273&ssl=1","width":479,"height":273,"caption":"Baristawarehouse"},"image":{"@id":"https:\/\/www.barista-warehouse.com\/de\/#\/schema\/logo\/image\/"},"sameAs":["https:\/\/www.facebook.com\/Barista-Warehousecom-476441349775216\/"]}]}},"_links":{"self":[{"href":"https:\/\/www.barista-warehouse.com\/de\/wp-json\/wp\/v2\/product\/5784","targetHints":{"allow":["GET"]}}],"collection":[{"href":"https:\/\/www.barista-warehouse.com\/de\/wp-json\/wp\/v2\/product"}],"about":[{"href":"https:\/\/www.barista-warehouse.com\/de\/wp-json\/wp\/v2\/types\/product"}],"replies":[{"embeddable":true,"href":"https:\/\/www.barista-warehouse.com\/de\/wp-json\/wp\/v2\/comments?post=5784"}],"version-history":[{"count":0,"href":"https:\/\/www.barista-warehouse.com\/de\/wp-json\/wp\/v2\/product\/5784\/revisions"}],"wp:featuredmedia":[{"embeddable":true,"href":"https:\/\/www.barista-warehouse.com\/de\/wp-json\/wp\/v2\/media\/5675"}],"wp:attachment":[{"href":"https:\/\/www.barista-warehouse.com\/de\/wp-json\/wp\/v2\/media?parent=5784"}],"wp:term":[{"taxonomy":"product_brand","embeddable":true,"href":"https:\/\/www.barista-warehouse.com\/de\/wp-json\/wp\/v2\/product_brand?post=5784"},{"taxonomy":"product_cat","embeddable":true,"href":"https:\/\/www.barista-warehouse.com\/de\/wp-json\/wp\/v2\/product_cat?post=5784"},{"taxonomy":"product_tag","embeddable":true,"href":"https:\/\/www.barista-warehouse.com\/de\/wp-json\/wp\/v2\/product_tag?post=5784"}],"curies":[{"name":"wp","href":"https:\/\/api.w.org\/{rel}","templated":true}]}}