{"id":5827,"date":"2019-04-03T20:37:42","date_gmt":"2019-04-03T18:37:42","guid":{"rendered":"https:\/\/www.barista-warehouse.com\/product\/mobile-coffee-stations\/"},"modified":"2019-08-13T15:15:36","modified_gmt":"2019-08-13T13:15:36","slug":"mobile-coffee-stations","status":"publish","type":"product","link":"https:\/\/www.barista-warehouse.com\/de\/produkt\/mobile-coffee-stations\/","title":{"rendered":"Mobile Kaffeestationen"},"content":{"rendered":"<div class=\"wpb-content-wrapper\"><p>[vc_row][vc_column][vc_tta_tabs][vc_tta_section title=&#8221;\u00dcbersicht&#8221; tab_id=&#8221;1553603705803-c20cbce9-baf1&#8243;][vc_column_text]<strong>Kaffeestation\u00a0<\/strong><strong> 58 \/ Kaffeestation\u00a0 58+<\/strong><\/p>\n<p>Die geschickte Lo\u0308sung f\u00fcr die flexible Kaffeezubereitung.<\/p>\n<p>F\u00fcr die WMF 1100 S.[\/vc_column_text][vc_row_inner][vc_column_inner width=&#8221;1\/2&#8243;][vc_single_image image=&#8221;5986&#8243; img_size=&#8221;medium&#8221; alignment=&#8221;center&#8221;][\/vc_column_inner][vc_column_inner width=&#8221;1\/2&#8243;][vc_column_text]Artikelnummer Kaffeestation 58: 03.9494.1001<\/p>\n<p>Artikelnummer Kaffeestation 58+: 03.9494.1101<\/p>\n<p>&nbsp;<\/p>\n<p><strong>Daten:<\/strong><\/p>\n<ul>\n<li>Au\u00dfenma\u00dfe (Breite \/ Ho\u0308he \/ Tiefe): 580 \/ 900 \/ 600 mm<\/li>\n<li>1 Einlegeboden: Alle 32 mm Lo\u0308cher vorhanden zum Versetzen des Bodens (nur bei Kaffeestation 58)<\/li>\n<li>Tisch- und Bodenplatte mit einem Kabeldurchlass: \u00d8 80 mm<\/li>\n<li>2 Doppel-Lenkrollen: \u00d8 50 mm<\/li>\n<li>2 Doppel-Lenkrollen mit Sperre: \u00d8 50 mm<\/li>\n<li>Tragkraft: Max. 150 kg<\/li>\n<li>Leergewicht: ca. 33 kg<\/li>\n<li>Farbe: Anthrazit<\/li>\n<\/ul>\n<p style=\"text-align: justify;\">[\/vc_column_text][\/vc_column_inner][\/vc_row_inner][vc_column_text]Die perfekte Maschine gefunden, aber keinen Platz in Konferenzraum, K\u00fcche oder B\u00fcro? Hier schafft die Kaffeestation 58 von WMF gekonnt Abhilfe. Mit einer kompakten Tischbreite von 58 Zentimetern, einem optionalen Technikeinsatz und integriertem Satzbeha\u0308lter bietet das stationa\u0308re Mo\u0308bel ausreichend Platz f\u00fcr Kaffeemaschine plus Beistellgera\u0308t. Unabha\u0308ngig von Wasserzulauf und -ablauf einsetzbar, kann der Anwender die Station flexibel im Raum platzieren. Durch den enthaltenen Einlegeboden ko\u0308nnen auch Tassen, Besteck und Zubeho\u0308r einfach und sicher in der Kaffeestation verstaut werden.<\/p>\n<p>[\/vc_column_text][vc_separator][vc_column_text]<strong>Mobile Kaffeestation 125+ (breit<\/strong><strong>)<\/strong>[\/vc_column_text][vc_row_inner][vc_column_inner width=&#8221;1\/2&#8243;][vc_single_image image=&#8221;5704&#8243; img_size=&#8221;medium&#8221; alignment=&#8221;center&#8221;][\/vc_column_inner][vc_column_inner width=&#8221;1\/2&#8243;][vc_column_text]Artikelnummer: 03.9491.0215 *<\/p>\n<p>&nbsp;<\/p>\n<p><strong>Daten:<\/strong><\/p>\n<ul>\n<li>Nennleistung 3.3 kW<\/li>\n<li>Netzanschluss 230 V<\/li>\n<li>Frischwassertank ca. 25 Liter Fassungsverm\u00f6gen<\/li>\n<li>Abwassertank ca. 13 Liter Fassungsverm\u00f6gen<\/li>\n<li>Breite\u00a01250 mm<\/li>\n<li>H\u00f6he\u00a0900 mm<\/li>\n<li>Tiefe\u00a0780 mm<\/li>\n<li>Leergewicht ca. 103 kg<\/li>\n<\/ul>\n<p>[\/vc_column_text][\/vc_column_inner][\/vc_row_inner][vc_column_text]<strong> Ausstattung<\/strong><strong>:<\/strong><\/p>\n<ul>\n<li>F\u00fcr WMF 1200 F, WMF 1200 S, WMF 1500 S+, WMF 1500 S, WMF 5000 S, WMF 5000 S+ und WMF 9000 S+<\/li>\n<li>Platz f\u00fcr eine Kaffeemaschine mit Zusatzger\u00e4ten wie Beistellk\u00fchler und Tassenschrank oder ein Verkaufsger\u00e4t (z.B. M\u00fcnzpr\u00fcfer) und je nach Ausstattung der Kaffeemaschine mit unterschiedlicher Wasserversorgung<\/li>\n<li>2 Feststellrollen, 3 Stromanschl\u00fcsse, 2 Stauf\u00e4cher zur Aufbewahrung von zum Beispiel Kaffee, Tassen, uvm.<\/li>\n<\/ul>\n<p>&nbsp;<\/p>\n<p>* Inkl. Technikeinsatz 03.9493.0002 f\u00fcr WMF 1200 F, WMF 1200 S, WMF 1500 S+, WMF 1500 S, WMF 5000 S, WMF 5000 S+ und WMF 9000 S+[\/vc_column_text][vc_separator][vc_column_text]<strong>Mobile Kaffeestation<\/strong><strong> 85+ (schmal)<\/strong>[\/vc_column_text][vc_row_inner][vc_column_inner width=&#8221;1\/2&#8243;][vc_single_image image=&#8221;5701&#8243; img_size=&#8221;medium&#8221; alignment=&#8221;center&#8221;][\/vc_column_inner][vc_column_inner width=&#8221;1\/2&#8243;][vc_column_text]Artikelnummer: 03.9491.0201 *<\/p>\n<p>&nbsp;<\/p>\n<p><strong>Daten:<\/strong><\/p>\n<ul>\n<li>Nennleistung\u00a0 3.3 kW<\/li>\n<li>Netzanschluss 230 V<\/li>\n<li>Frischwassertank ca. 25 Liter Fassungsverm\u00f6gen<\/li>\n<li>Abwassertank ca. 13 Liter Fassungsverm\u00f6gen<\/li>\n<li>Breite\u00a0850 mm<\/li>\n<li>H\u00f6he\u00a0900 mm<\/li>\n<li>Tiefe\u00a0780 mm<\/li>\n<li>Leergewicht ca. 93 kg<\/li>\n<\/ul>\n<p>[\/vc_column_text][\/vc_column_inner][\/vc_row_inner][vc_column_text]<strong>Ausstattung<\/strong><strong>:<\/strong><\/p>\n<ul>\n<li>F\u00fcr WMF 1200 F, WMF 1200 S, WMF 1500 S+, WMF 1500 S, WMF 5000 S, WMF 5000 S+ und WMF 9000 S+<\/li>\n<li>Platz f\u00fcr eine Kaffeemaschine mit Zusatzger\u00e4ten wie Beistellk\u00fchler und Tassenschrank oder ein Verkaufsger\u00e4t (z.B. M\u00fcnzpr\u00fcfer) und je nach Ausstattung der Kaffeemaschine mit unterschiedlicher Wasserversorgung<\/li>\n<li>2 Feststellrollen, 3 Stromanschl\u00fcsse, 2 Stauf\u00e4cher zur Aufbewahrung von zum Beispiel Kaffee, Tassen, uvm<\/li>\n<\/ul>\n<p>&nbsp;<\/p>\n<p>* Inkl. Technikeinsatz 03.9493.0002 f\u00fcr WMF 1200 F, WMF 1200 S, WMF 1500 S+, WMF 1500 S, WMF 5000 S, WMF 5000 S+ und WMF 9000 S+[\/vc_column_text][vc_separator][vc_column_text]<\/p>\n<h3>Zusatzkomfort<\/h3>\n<p>[\/vc_column_text][vc_row_inner][vc_column_inner width=&#8221;1\/2&#8243;][vc_single_image image=&#8221;5655&#8243; img_size=&#8221;medium&#8221; alignment=&#8221;center&#8221;][\/vc_column_inner][vc_column_inner width=&#8221;1\/2&#8243;][vc_column_text]<strong>Daten:<\/strong><\/p>\n<ul>\n<li>Breite 170 mm<\/li>\n<li>H\u00f6he\u00a0604 mm<\/li>\n<li>Tiefe\u00a0 496 mm<\/li>\n<\/ul>\n<p>[\/vc_column_text][\/vc_column_inner][\/vc_row_inner][vc_column_text]<strong>Technikeinsatz f\u00fcr WMF combiNation F<\/strong><\/p>\n<p>Artikelnummer: 03.9490.1000<\/p>\n<p>&nbsp;<\/p>\n<p><strong>Daten:<\/strong><\/p>\n<ul>\n<li>Nennleistung\u00a0 2.0 kW<\/li>\n<li>Netzanschluss\u00a0 230 V<\/li>\n<li>Frischwassertank ca. litres<\/li>\n<li>Abwassertank ca. 13 Liter<\/li>\n<li>Breite\u00a0540 mm<\/li>\n<li>H\u00f6he\u00a0600 mm<\/li>\n<li>Tiefe 600 mm<\/li>\n<li>Maximal 3 Ger\u00e4te<\/li>\n<\/ul>\n<p>&nbsp;<\/p>\n<p><strong>Technikeinsatz\u00a0mit externer Druckerh\u00f6hungspumpe<\/strong><\/p>\n<p>F\u00fcr WMF 1100 S, WMF 1200 F, WMF 1200 S, WMF 1500 S+, WMF 1500 S, WMF 5000 S, WMF 5000 S+, WMF 8000 S, WMF 9000 S+ und WMF espresso<\/p>\n<p>Artikelnummer: 03.9493.0002<\/p>\n<p>&nbsp;<\/p>\n<p><strong>Daten:<\/strong><\/p>\n<ul>\n<li>Frischwassertank ca. 25 Liter Fassungsverm\u00f6gen<\/li>\n<li>Abwassertank ca. 13 Liter Fassungsverm\u00f6gen<\/li>\n<li>Breite 525 mm<\/li>\n<li>H\u00f6he 620 mm<\/li>\n<li>Tiefe 540 mm<\/li>\n<\/ul>\n<p>[\/vc_column_text][vc_separator][\/vc_tta_section][\/vc_tta_tabs][\/vc_column][\/vc_row]<\/p>\n<\/div>","protected":false},"excerpt":{"rendered":"<h3>Mobile coffee stations<\/h3>\n<p style=\"text-align: justify;\">Nutzen Sie die Vorteile einer mobilen Kaffeestation und bestimmen Sie ihren Standort individuell und dort, wo Sie es wollen \u2013 unabh\u00e4ngig von einem festen Wasseranschluss oder Wasserauslauf. Sie ben\u00f6tigen nur einen Stromanschluss.<\/p>\n","protected":false},"featured_media":5703,"comment_status":"closed","ping_status":"closed","template":"","meta":[],"product_brand":[],"product_cat":[441],"product_tag":[],"class_list":{"0":"post-5827","1":"product","2":"type-product","3":"status-publish","4":"has-post-thumbnail","6":"product_cat-wmf-zusatzgeraete","8":"first","9":"instock","10":"taxable","11":"shipping-taxable","12":"product-type-simple"},"yoast_head":"<!-- This site is optimized with the Yoast SEO plugin v27.4 - https:\/\/yoast.com\/product\/yoast-seo-wordpress\/ -->\n<title>Mobile Kaffeestationen - WMF, \u039c\u03b7\u03c7\u03b1\u03bd\u03ad\u03c2 Espresso, \u03c0\u03bb\u03ae\u03c1\u03c9\u03c2 \u03b1\u03c5\u03c4\u03cc\u03bc\u03b1\u03c4\u03b1 \u03c3\u03c5\u03c3\u03c4\u03ae\u03bc\u03b1\u03c4\u03b1, MADE IN GERMANY<\/title>\n<meta name=\"robots\" content=\"index, follow, max-snippet:-1, max-image-preview:large, max-video-preview:-1\" \/>\n<link rel=\"canonical\" href=\"https:\/\/www.barista-warehouse.com\/de\/produkt\/mobile-coffee-stations\/\" \/>\n<meta property=\"og:locale\" content=\"de_DE\" \/>\n<meta property=\"og:type\" content=\"article\" \/>\n<meta property=\"og:title\" content=\"Mobile Kaffeestationen - WMF, \u039c\u03b7\u03c7\u03b1\u03bd\u03ad\u03c2 Espresso, \u03c0\u03bb\u03ae\u03c1\u03c9\u03c2 \u03b1\u03c5\u03c4\u03cc\u03bc\u03b1\u03c4\u03b1 \u03c3\u03c5\u03c3\u03c4\u03ae\u03bc\u03b1\u03c4\u03b1, MADE IN GERMANY\" \/>\n<meta property=\"og:description\" content=\"Mobile coffee stations Nutzen Sie die Vorteile einer mobilen Kaffeestation und bestimmen Sie ihren Standort individuell und dort, wo Sie es wollen \u2013 unabh\u00e4ngig von einem festen Wasseranschluss oder Wasserauslauf. Sie ben\u00f6tigen nur einen Stromanschluss.\" \/>\n<meta property=\"og:url\" content=\"https:\/\/www.barista-warehouse.com\/de\/produkt\/mobile-coffee-stations\/\" \/>\n<meta property=\"og:site_name\" content=\"WMF, \u039c\u03b7\u03c7\u03b1\u03bd\u03ad\u03c2 Espresso, \u03c0\u03bb\u03ae\u03c1\u03c9\u03c2 \u03b1\u03c5\u03c4\u03cc\u03bc\u03b1\u03c4\u03b1 \u03c3\u03c5\u03c3\u03c4\u03ae\u03bc\u03b1\u03c4\u03b1, MADE IN GERMANY\" \/>\n<meta property=\"article:publisher\" content=\"https:\/\/www.facebook.com\/Barista-Warehousecom-476441349775216\/\" \/>\n<meta property=\"article:modified_time\" content=\"2019-08-13T13:15:36+00:00\" \/>\n<meta property=\"og:image\" content=\"https:\/\/www.barista-warehouse.com\/wp-content\/uploads\/2019\/04\/WMF_Coffee_Machines_Mobile_station_85.jpg\" \/>\n\t<meta property=\"og:image:width\" content=\"500\" \/>\n\t<meta property=\"og:image:height\" content=\"400\" \/>\n\t<meta property=\"og:image:type\" content=\"image\/jpeg\" \/>\n<meta name=\"twitter:card\" content=\"summary_large_image\" \/>\n<meta name=\"twitter:label1\" content=\"Gesch\u00e4tzte Lesezeit\" \/>\n\t<meta name=\"twitter:data1\" content=\"3\u00a0Minuten\" \/>\n<script type=\"application\/ld+json\" class=\"yoast-schema-graph\">{\"@context\":\"https:\\\/\\\/schema.org\",\"@graph\":[{\"@type\":\"WebPage\",\"@id\":\"https:\\\/\\\/www.barista-warehouse.com\\\/de\\\/produkt\\\/mobile-coffee-stations\\\/\",\"url\":\"https:\\\/\\\/www.barista-warehouse.com\\\/de\\\/produkt\\\/mobile-coffee-stations\\\/\",\"name\":\"Mobile Kaffeestationen - WMF, \u039c\u03b7\u03c7\u03b1\u03bd\u03ad\u03c2 Espresso, \u03c0\u03bb\u03ae\u03c1\u03c9\u03c2 \u03b1\u03c5\u03c4\u03cc\u03bc\u03b1\u03c4\u03b1 \u03c3\u03c5\u03c3\u03c4\u03ae\u03bc\u03b1\u03c4\u03b1, MADE IN GERMANY\",\"isPartOf\":{\"@id\":\"https:\\\/\\\/www.barista-warehouse.com\\\/de\\\/#website\"},\"primaryImageOfPage\":{\"@id\":\"https:\\\/\\\/www.barista-warehouse.com\\\/de\\\/produkt\\\/mobile-coffee-stations\\\/#primaryimage\"},\"image\":{\"@id\":\"https:\\\/\\\/www.barista-warehouse.com\\\/de\\\/produkt\\\/mobile-coffee-stations\\\/#primaryimage\"},\"thumbnailUrl\":\"https:\\\/\\\/www.barista-warehouse.com\\\/wp-content\\\/uploads\\\/2019\\\/04\\\/WMF_Coffee_Machines_Mobile_station_85.jpg\",\"datePublished\":\"2019-04-03T18:37:42+00:00\",\"dateModified\":\"2019-08-13T13:15:36+00:00\",\"breadcrumb\":{\"@id\":\"https:\\\/\\\/www.barista-warehouse.com\\\/de\\\/produkt\\\/mobile-coffee-stations\\\/#breadcrumb\"},\"inLanguage\":\"de\",\"potentialAction\":[{\"@type\":\"ReadAction\",\"target\":[\"https:\\\/\\\/www.barista-warehouse.com\\\/de\\\/produkt\\\/mobile-coffee-stations\\\/\"]}]},{\"@type\":\"ImageObject\",\"inLanguage\":\"de\",\"@id\":\"https:\\\/\\\/www.barista-warehouse.com\\\/de\\\/produkt\\\/mobile-coffee-stations\\\/#primaryimage\",\"url\":\"https:\\\/\\\/www.barista-warehouse.com\\\/wp-content\\\/uploads\\\/2019\\\/04\\\/WMF_Coffee_Machines_Mobile_station_85.jpg\",\"contentUrl\":\"https:\\\/\\\/www.barista-warehouse.com\\\/wp-content\\\/uploads\\\/2019\\\/04\\\/WMF_Coffee_Machines_Mobile_station_85.jpg\",\"width\":500,\"height\":400,\"caption\":\"WMF Coffee Machines Mobile station\"},{\"@type\":\"BreadcrumbList\",\"@id\":\"https:\\\/\\\/www.barista-warehouse.com\\\/de\\\/produkt\\\/mobile-coffee-stations\\\/#breadcrumb\",\"itemListElement\":[{\"@type\":\"ListItem\",\"position\":1,\"name\":\"Startseite\",\"item\":\"https:\\\/\\\/www.barista-warehouse.com\\\/de\\\/\"},{\"@type\":\"ListItem\",\"position\":2,\"name\":\"Unsere Produkte\",\"item\":\"https:\\\/\\\/www.barista-warehouse.com\\\/de\\\/shop\\\/\"},{\"@type\":\"ListItem\",\"position\":3,\"name\":\"Mobile Kaffeestationen\"}]},{\"@type\":\"WebSite\",\"@id\":\"https:\\\/\\\/www.barista-warehouse.com\\\/de\\\/#website\",\"url\":\"https:\\\/\\\/www.barista-warehouse.com\\\/de\\\/\",\"name\":\"Barista Warehouse\",\"description\":\"\u0395\u03c0\u03b1\u03b3\u03b3\u03b5\u03bb\u03bc\u03b1\u03c4\u03b9\u03ba\u03ad\u03c2 \u03bc\u03b7\u03c7\u03b1\u03bd\u03ad\u03c2 \u03b5\u03c3\u03c0\u03c1\u03ad\u03c3\u03c3\u03bf \u03b3\u03b9\u03b1 \u03ba\u03b1\u03c6\u03b5\u03c4\u03ad\u03c1\u03b9\u03b1, \u03bc\u03c0\u03b1\u03c1, \u03b1\u03bd\u03b1\u03c8\u03c5\u03ba\u03c4\u03ae\u03c1\u03b9\u03bf, \u03be\u03b5\u03bd\u03bf\u03b4\u03bf\u03c7\u03b5\u03af\u03bf \u03ba\u03b1\u03b9 \u03c0\u03c1\u03b1\u03c4\u03ae\u03c1\u03b9\u03bf \u03ac\u03c1\u03c4\u03bf\u03c5\",\"publisher\":{\"@id\":\"https:\\\/\\\/www.barista-warehouse.com\\\/de\\\/#organization\"},\"potentialAction\":[{\"@type\":\"SearchAction\",\"target\":{\"@type\":\"EntryPoint\",\"urlTemplate\":\"https:\\\/\\\/www.barista-warehouse.com\\\/de\\\/?s={search_term_string}\"},\"query-input\":{\"@type\":\"PropertyValueSpecification\",\"valueRequired\":true,\"valueName\":\"search_term_string\"}}],\"inLanguage\":\"de\"},{\"@type\":\"Organization\",\"@id\":\"https:\\\/\\\/www.barista-warehouse.com\\\/de\\\/#organization\",\"name\":\"Baristawarehouse\",\"url\":\"https:\\\/\\\/www.barista-warehouse.com\\\/de\\\/\",\"logo\":{\"@type\":\"ImageObject\",\"inLanguage\":\"de\",\"@id\":\"https:\\\/\\\/www.barista-warehouse.com\\\/de\\\/#\\\/schema\\\/logo\\\/image\\\/\",\"url\":\"https:\\\/\\\/i0.wp.com\\\/www.barista-warehouse.com\\\/wp-content\\\/uploads\\\/2019\\\/05\\\/logo-barista-final.png?fit=479%2C273&ssl=1\",\"contentUrl\":\"https:\\\/\\\/i0.wp.com\\\/www.barista-warehouse.com\\\/wp-content\\\/uploads\\\/2019\\\/05\\\/logo-barista-final.png?fit=479%2C273&ssl=1\",\"width\":479,\"height\":273,\"caption\":\"Baristawarehouse\"},\"image\":{\"@id\":\"https:\\\/\\\/www.barista-warehouse.com\\\/de\\\/#\\\/schema\\\/logo\\\/image\\\/\"},\"sameAs\":[\"https:\\\/\\\/www.facebook.com\\\/Barista-Warehousecom-476441349775216\\\/\"]}]}<\/script>\n<!-- \/ Yoast SEO plugin. -->","yoast_head_json":{"title":"Mobile Kaffeestationen - WMF, \u039c\u03b7\u03c7\u03b1\u03bd\u03ad\u03c2 Espresso, \u03c0\u03bb\u03ae\u03c1\u03c9\u03c2 \u03b1\u03c5\u03c4\u03cc\u03bc\u03b1\u03c4\u03b1 \u03c3\u03c5\u03c3\u03c4\u03ae\u03bc\u03b1\u03c4\u03b1, MADE IN GERMANY","robots":{"index":"index","follow":"follow","max-snippet":"max-snippet:-1","max-image-preview":"max-image-preview:large","max-video-preview":"max-video-preview:-1"},"canonical":"https:\/\/www.barista-warehouse.com\/de\/produkt\/mobile-coffee-stations\/","og_locale":"de_DE","og_type":"article","og_title":"Mobile Kaffeestationen - WMF, \u039c\u03b7\u03c7\u03b1\u03bd\u03ad\u03c2 Espresso, \u03c0\u03bb\u03ae\u03c1\u03c9\u03c2 \u03b1\u03c5\u03c4\u03cc\u03bc\u03b1\u03c4\u03b1 \u03c3\u03c5\u03c3\u03c4\u03ae\u03bc\u03b1\u03c4\u03b1, MADE IN GERMANY","og_description":"Mobile coffee stations Nutzen Sie die Vorteile einer mobilen Kaffeestation und bestimmen Sie ihren Standort individuell und dort, wo Sie es wollen \u2013 unabh\u00e4ngig von einem festen Wasseranschluss oder Wasserauslauf. Sie ben\u00f6tigen nur einen Stromanschluss.","og_url":"https:\/\/www.barista-warehouse.com\/de\/produkt\/mobile-coffee-stations\/","og_site_name":"WMF, \u039c\u03b7\u03c7\u03b1\u03bd\u03ad\u03c2 Espresso, \u03c0\u03bb\u03ae\u03c1\u03c9\u03c2 \u03b1\u03c5\u03c4\u03cc\u03bc\u03b1\u03c4\u03b1 \u03c3\u03c5\u03c3\u03c4\u03ae\u03bc\u03b1\u03c4\u03b1, MADE IN GERMANY","article_publisher":"https:\/\/www.facebook.com\/Barista-Warehousecom-476441349775216\/","article_modified_time":"2019-08-13T13:15:36+00:00","og_image":[{"width":500,"height":400,"url":"https:\/\/www.barista-warehouse.com\/wp-content\/uploads\/2019\/04\/WMF_Coffee_Machines_Mobile_station_85.jpg","type":"image\/jpeg"}],"twitter_card":"summary_large_image","twitter_misc":{"Gesch\u00e4tzte Lesezeit":"3\u00a0Minuten"},"schema":{"@context":"https:\/\/schema.org","@graph":[{"@type":"WebPage","@id":"https:\/\/www.barista-warehouse.com\/de\/produkt\/mobile-coffee-stations\/","url":"https:\/\/www.barista-warehouse.com\/de\/produkt\/mobile-coffee-stations\/","name":"Mobile Kaffeestationen - WMF, \u039c\u03b7\u03c7\u03b1\u03bd\u03ad\u03c2 Espresso, \u03c0\u03bb\u03ae\u03c1\u03c9\u03c2 \u03b1\u03c5\u03c4\u03cc\u03bc\u03b1\u03c4\u03b1 \u03c3\u03c5\u03c3\u03c4\u03ae\u03bc\u03b1\u03c4\u03b1, MADE IN GERMANY","isPartOf":{"@id":"https:\/\/www.barista-warehouse.com\/de\/#website"},"primaryImageOfPage":{"@id":"https:\/\/www.barista-warehouse.com\/de\/produkt\/mobile-coffee-stations\/#primaryimage"},"image":{"@id":"https:\/\/www.barista-warehouse.com\/de\/produkt\/mobile-coffee-stations\/#primaryimage"},"thumbnailUrl":"https:\/\/www.barista-warehouse.com\/wp-content\/uploads\/2019\/04\/WMF_Coffee_Machines_Mobile_station_85.jpg","datePublished":"2019-04-03T18:37:42+00:00","dateModified":"2019-08-13T13:15:36+00:00","breadcrumb":{"@id":"https:\/\/www.barista-warehouse.com\/de\/produkt\/mobile-coffee-stations\/#breadcrumb"},"inLanguage":"de","potentialAction":[{"@type":"ReadAction","target":["https:\/\/www.barista-warehouse.com\/de\/produkt\/mobile-coffee-stations\/"]}]},{"@type":"ImageObject","inLanguage":"de","@id":"https:\/\/www.barista-warehouse.com\/de\/produkt\/mobile-coffee-stations\/#primaryimage","url":"https:\/\/www.barista-warehouse.com\/wp-content\/uploads\/2019\/04\/WMF_Coffee_Machines_Mobile_station_85.jpg","contentUrl":"https:\/\/www.barista-warehouse.com\/wp-content\/uploads\/2019\/04\/WMF_Coffee_Machines_Mobile_station_85.jpg","width":500,"height":400,"caption":"WMF Coffee Machines Mobile station"},{"@type":"BreadcrumbList","@id":"https:\/\/www.barista-warehouse.com\/de\/produkt\/mobile-coffee-stations\/#breadcrumb","itemListElement":[{"@type":"ListItem","position":1,"name":"Startseite","item":"https:\/\/www.barista-warehouse.com\/de\/"},{"@type":"ListItem","position":2,"name":"Unsere Produkte","item":"https:\/\/www.barista-warehouse.com\/de\/shop\/"},{"@type":"ListItem","position":3,"name":"Mobile Kaffeestationen"}]},{"@type":"WebSite","@id":"https:\/\/www.barista-warehouse.com\/de\/#website","url":"https:\/\/www.barista-warehouse.com\/de\/","name":"Barista Warehouse","description":"\u0395\u03c0\u03b1\u03b3\u03b3\u03b5\u03bb\u03bc\u03b1\u03c4\u03b9\u03ba\u03ad\u03c2 \u03bc\u03b7\u03c7\u03b1\u03bd\u03ad\u03c2 \u03b5\u03c3\u03c0\u03c1\u03ad\u03c3\u03c3\u03bf \u03b3\u03b9\u03b1 \u03ba\u03b1\u03c6\u03b5\u03c4\u03ad\u03c1\u03b9\u03b1, \u03bc\u03c0\u03b1\u03c1, \u03b1\u03bd\u03b1\u03c8\u03c5\u03ba\u03c4\u03ae\u03c1\u03b9\u03bf, \u03be\u03b5\u03bd\u03bf\u03b4\u03bf\u03c7\u03b5\u03af\u03bf \u03ba\u03b1\u03b9 \u03c0\u03c1\u03b1\u03c4\u03ae\u03c1\u03b9\u03bf \u03ac\u03c1\u03c4\u03bf\u03c5","publisher":{"@id":"https:\/\/www.barista-warehouse.com\/de\/#organization"},"potentialAction":[{"@type":"SearchAction","target":{"@type":"EntryPoint","urlTemplate":"https:\/\/www.barista-warehouse.com\/de\/?s={search_term_string}"},"query-input":{"@type":"PropertyValueSpecification","valueRequired":true,"valueName":"search_term_string"}}],"inLanguage":"de"},{"@type":"Organization","@id":"https:\/\/www.barista-warehouse.com\/de\/#organization","name":"Baristawarehouse","url":"https:\/\/www.barista-warehouse.com\/de\/","logo":{"@type":"ImageObject","inLanguage":"de","@id":"https:\/\/www.barista-warehouse.com\/de\/#\/schema\/logo\/image\/","url":"https:\/\/i0.wp.com\/www.barista-warehouse.com\/wp-content\/uploads\/2019\/05\/logo-barista-final.png?fit=479%2C273&ssl=1","contentUrl":"https:\/\/i0.wp.com\/www.barista-warehouse.com\/wp-content\/uploads\/2019\/05\/logo-barista-final.png?fit=479%2C273&ssl=1","width":479,"height":273,"caption":"Baristawarehouse"},"image":{"@id":"https:\/\/www.barista-warehouse.com\/de\/#\/schema\/logo\/image\/"},"sameAs":["https:\/\/www.facebook.com\/Barista-Warehousecom-476441349775216\/"]}]}},"_links":{"self":[{"href":"https:\/\/www.barista-warehouse.com\/de\/wp-json\/wp\/v2\/product\/5827","targetHints":{"allow":["GET"]}}],"collection":[{"href":"https:\/\/www.barista-warehouse.com\/de\/wp-json\/wp\/v2\/product"}],"about":[{"href":"https:\/\/www.barista-warehouse.com\/de\/wp-json\/wp\/v2\/types\/product"}],"replies":[{"embeddable":true,"href":"https:\/\/www.barista-warehouse.com\/de\/wp-json\/wp\/v2\/comments?post=5827"}],"version-history":[{"count":0,"href":"https:\/\/www.barista-warehouse.com\/de\/wp-json\/wp\/v2\/product\/5827\/revisions"}],"wp:featuredmedia":[{"embeddable":true,"href":"https:\/\/www.barista-warehouse.com\/de\/wp-json\/wp\/v2\/media\/5703"}],"wp:attachment":[{"href":"https:\/\/www.barista-warehouse.com\/de\/wp-json\/wp\/v2\/media?parent=5827"}],"wp:term":[{"taxonomy":"product_brand","embeddable":true,"href":"https:\/\/www.barista-warehouse.com\/de\/wp-json\/wp\/v2\/product_brand?post=5827"},{"taxonomy":"product_cat","embeddable":true,"href":"https:\/\/www.barista-warehouse.com\/de\/wp-json\/wp\/v2\/product_cat?post=5827"},{"taxonomy":"product_tag","embeddable":true,"href":"https:\/\/www.barista-warehouse.com\/de\/wp-json\/wp\/v2\/product_tag?post=5827"}],"curies":[{"name":"wp","href":"https:\/\/api.w.org\/{rel}","templated":true}]}}