{"id":8447,"date":"2019-07-03T16:43:08","date_gmt":"2019-07-04T09:24:37","guid":{"rendered":"https:\/\/www.barista-warehouse.com\/?post_type=product&#038;p=8447"},"modified":"2019-07-23T12:39:12","modified_gmt":"2019-07-23T10:39:12","slug":"wmf-aquabasic-wasserfilter-set-v","status":"publish","type":"product","link":"https:\/\/www.barista-warehouse.com\/de\/produkt\/wmf-aquabasic-wasserfilter-set-v\/","title":{"rendered":"WMF AquaBasic Wasserfilter-Set V"},"content":{"rendered":"<p>Bestehend aus:<br \/>\nWMF AquaHead Filterkopf, WMF Filterkerze Gr\u00f6\u00dfe V und Anschluss-Set.<\/p>\n<p>f\u00fcr die WMF Kaffeemaschinen 1100\u00a0S, 1200\u00a0S, 1500\u00a0S, 1500\u00a0S+ und 1200\u00a0F<\/p>\n<p>Reduzierung der Gesamth\u00e4rte des Trinkwassers. Sch\u00fctzt Kaffee- und Espressomaschinen vor sch\u00e4dlichen Kalkablagerungen. Verbessert das Aroma von Getr\u00e4nken durch Entfernen von Geruchs- und Geschmacksstoffen, wie z. B. Chlor. Filtert Partikel aus dem Wasser.<\/p>\n<p>Filterkapazit\u00e4t<br \/>\nbis ca. 3.000 Liter (bei 10\u00b0 dkH)<br \/>\nDurchmesser: 110 mm<br \/>\nH\u00f6he: 420 mm<\/p>\n","protected":false},"excerpt":{"rendered":"<p>Bestehend aus: WMF AquaHead Filterkopf, WMF Filterkerze Gr\u00f6\u00dfe V und Anschluss-Set. f\u00fcr die WMF Kaffeemaschinen 1100\u00a0S, 1200\u00a0S, 1500\u00a0S, 1500\u00a0S+ und 1200\u00a0F Reduzierung der Gesamth\u00e4rte des Trinkwassers. Sch\u00fctzt Kaffee- und Espressomaschinen vor sch\u00e4dlichen Kalkablagerungen. Verbessert das Aroma von Getr\u00e4nken durch Entfernen von Geruchs- und Geschmacksstoffen, wie z. B. Chlor. Filtert Partikel aus dem Wasser. Filterkapazit\u00e4t bis [&hellip;]<\/p>\n","protected":false},"featured_media":8403,"comment_status":"closed","ping_status":"closed","template":"","meta":[],"product_brand":[],"product_cat":[475],"product_tag":[],"class_list":{"0":"post-8447","1":"product","2":"type-product","3":"status-publish","4":"has-post-thumbnail","6":"product_cat-wmf-wasserfilter","8":"first","9":"instock","10":"taxable","11":"shipping-taxable","12":"purchasable","13":"product-type-simple"},"yoast_head":"<!-- This site is optimized with the Yoast SEO plugin v27.4 - https:\/\/yoast.com\/product\/yoast-seo-wordpress\/ -->\n<title>WMF AquaBasic Wasserfilter-Set V<\/title>\n<meta name=\"description\" content=\"WMF AquaHead Filterkopf, WMF Filterkerze Gr\u00f6\u00dfe V und Anschluss-Set.f\u00fcr die WMF Kaffeemaschinen 1100\u00a0S, 1200\u00a0S, 1500\u00a0S, 1500\u00a0S+ und 1200\u00a0F\" \/>\n<meta name=\"robots\" content=\"index, follow, max-snippet:-1, max-image-preview:large, max-video-preview:-1\" \/>\n<link rel=\"canonical\" href=\"https:\/\/www.barista-warehouse.com\/de\/produkt\/wmf-aquabasic-wasserfilter-set-v\/\" \/>\n<meta property=\"og:locale\" content=\"de_DE\" \/>\n<meta property=\"og:type\" content=\"article\" \/>\n<meta property=\"og:title\" content=\"WMF AquaBasic Wasserfilter-Set V\" \/>\n<meta property=\"og:description\" content=\"WMF AquaHead Filterkopf, WMF Filterkerze Gr\u00f6\u00dfe V und Anschluss-Set.f\u00fcr die WMF Kaffeemaschinen 1100\u00a0S, 1200\u00a0S, 1500\u00a0S, 1500\u00a0S+ und 1200\u00a0F\" \/>\n<meta property=\"og:url\" content=\"https:\/\/www.barista-warehouse.com\/de\/produkt\/wmf-aquabasic-wasserfilter-set-v\/\" \/>\n<meta property=\"og:site_name\" content=\"WMF, \u039c\u03b7\u03c7\u03b1\u03bd\u03ad\u03c2 Espresso, \u03c0\u03bb\u03ae\u03c1\u03c9\u03c2 \u03b1\u03c5\u03c4\u03cc\u03bc\u03b1\u03c4\u03b1 \u03c3\u03c5\u03c3\u03c4\u03ae\u03bc\u03b1\u03c4\u03b1, MADE IN GERMANY\" \/>\n<meta property=\"article:publisher\" content=\"https:\/\/www.facebook.com\/Barista-Warehousecom-476441349775216\/\" \/>\n<meta property=\"article:modified_time\" content=\"2019-07-23T10:39:12+00:00\" \/>\n<meta property=\"og:image\" content=\"https:\/\/www.barista-warehouse.com\/wp-content\/uploads\/2019\/07\/WMF_Coffee_Machines_Wasserfilter_V-M_00.jpg\" \/>\n\t<meta property=\"og:image:width\" content=\"212\" \/>\n\t<meta property=\"og:image:height\" content=\"89\" \/>\n\t<meta property=\"og:image:type\" content=\"image\/jpeg\" \/>\n<meta name=\"twitter:card\" content=\"summary_large_image\" \/>\n<script type=\"application\/ld+json\" class=\"yoast-schema-graph\">{\"@context\":\"https:\\\/\\\/schema.org\",\"@graph\":[{\"@type\":\"WebPage\",\"@id\":\"https:\\\/\\\/www.barista-warehouse.com\\\/de\\\/produkt\\\/wmf-aquabasic-wasserfilter-set-v\\\/\",\"url\":\"https:\\\/\\\/www.barista-warehouse.com\\\/de\\\/produkt\\\/wmf-aquabasic-wasserfilter-set-v\\\/\",\"name\":\"WMF AquaBasic Wasserfilter-Set V\",\"isPartOf\":{\"@id\":\"https:\\\/\\\/www.barista-warehouse.com\\\/de\\\/#website\"},\"primaryImageOfPage\":{\"@id\":\"https:\\\/\\\/www.barista-warehouse.com\\\/de\\\/produkt\\\/wmf-aquabasic-wasserfilter-set-v\\\/#primaryimage\"},\"image\":{\"@id\":\"https:\\\/\\\/www.barista-warehouse.com\\\/de\\\/produkt\\\/wmf-aquabasic-wasserfilter-set-v\\\/#primaryimage\"},\"thumbnailUrl\":\"https:\\\/\\\/www.barista-warehouse.com\\\/wp-content\\\/uploads\\\/2019\\\/07\\\/WMF_Coffee_Machines_Wasserfilter_V-M_00.jpg\",\"datePublished\":\"2019-07-04T09:24:37+00:00\",\"dateModified\":\"2019-07-23T10:39:12+00:00\",\"description\":\"WMF AquaHead Filterkopf, WMF Filterkerze Gr\u00f6\u00dfe V und Anschluss-Set.f\u00fcr die WMF Kaffeemaschinen 1100\u00a0S, 1200\u00a0S, 1500\u00a0S, 1500\u00a0S+ und 1200\u00a0F\",\"breadcrumb\":{\"@id\":\"https:\\\/\\\/www.barista-warehouse.com\\\/de\\\/produkt\\\/wmf-aquabasic-wasserfilter-set-v\\\/#breadcrumb\"},\"inLanguage\":\"de\",\"potentialAction\":[{\"@type\":\"ReadAction\",\"target\":[\"https:\\\/\\\/www.barista-warehouse.com\\\/de\\\/produkt\\\/wmf-aquabasic-wasserfilter-set-v\\\/\"]}]},{\"@type\":\"ImageObject\",\"inLanguage\":\"de\",\"@id\":\"https:\\\/\\\/www.barista-warehouse.com\\\/de\\\/produkt\\\/wmf-aquabasic-wasserfilter-set-v\\\/#primaryimage\",\"url\":\"https:\\\/\\\/www.barista-warehouse.com\\\/wp-content\\\/uploads\\\/2019\\\/07\\\/WMF_Coffee_Machines_Wasserfilter_V-M_00.jpg\",\"contentUrl\":\"https:\\\/\\\/www.barista-warehouse.com\\\/wp-content\\\/uploads\\\/2019\\\/07\\\/WMF_Coffee_Machines_Wasserfilter_V-M_00.jpg\",\"width\":212,\"height\":89,\"caption\":\"WMF\"},{\"@type\":\"BreadcrumbList\",\"@id\":\"https:\\\/\\\/www.barista-warehouse.com\\\/de\\\/produkt\\\/wmf-aquabasic-wasserfilter-set-v\\\/#breadcrumb\",\"itemListElement\":[{\"@type\":\"ListItem\",\"position\":1,\"name\":\"Startseite\",\"item\":\"https:\\\/\\\/www.barista-warehouse.com\\\/de\\\/\"},{\"@type\":\"ListItem\",\"position\":2,\"name\":\"Unsere Produkte\",\"item\":\"https:\\\/\\\/www.barista-warehouse.com\\\/de\\\/shop\\\/\"},{\"@type\":\"ListItem\",\"position\":3,\"name\":\"WMF AquaBasic Wasserfilter-Set V\"}]},{\"@type\":\"WebSite\",\"@id\":\"https:\\\/\\\/www.barista-warehouse.com\\\/de\\\/#website\",\"url\":\"https:\\\/\\\/www.barista-warehouse.com\\\/de\\\/\",\"name\":\"Barista Warehouse\",\"description\":\"\u0395\u03c0\u03b1\u03b3\u03b3\u03b5\u03bb\u03bc\u03b1\u03c4\u03b9\u03ba\u03ad\u03c2 \u03bc\u03b7\u03c7\u03b1\u03bd\u03ad\u03c2 \u03b5\u03c3\u03c0\u03c1\u03ad\u03c3\u03c3\u03bf \u03b3\u03b9\u03b1 \u03ba\u03b1\u03c6\u03b5\u03c4\u03ad\u03c1\u03b9\u03b1, \u03bc\u03c0\u03b1\u03c1, \u03b1\u03bd\u03b1\u03c8\u03c5\u03ba\u03c4\u03ae\u03c1\u03b9\u03bf, \u03be\u03b5\u03bd\u03bf\u03b4\u03bf\u03c7\u03b5\u03af\u03bf \u03ba\u03b1\u03b9 \u03c0\u03c1\u03b1\u03c4\u03ae\u03c1\u03b9\u03bf \u03ac\u03c1\u03c4\u03bf\u03c5\",\"publisher\":{\"@id\":\"https:\\\/\\\/www.barista-warehouse.com\\\/de\\\/#organization\"},\"potentialAction\":[{\"@type\":\"SearchAction\",\"target\":{\"@type\":\"EntryPoint\",\"urlTemplate\":\"https:\\\/\\\/www.barista-warehouse.com\\\/de\\\/?s={search_term_string}\"},\"query-input\":{\"@type\":\"PropertyValueSpecification\",\"valueRequired\":true,\"valueName\":\"search_term_string\"}}],\"inLanguage\":\"de\"},{\"@type\":\"Organization\",\"@id\":\"https:\\\/\\\/www.barista-warehouse.com\\\/de\\\/#organization\",\"name\":\"Baristawarehouse\",\"url\":\"https:\\\/\\\/www.barista-warehouse.com\\\/de\\\/\",\"logo\":{\"@type\":\"ImageObject\",\"inLanguage\":\"de\",\"@id\":\"https:\\\/\\\/www.barista-warehouse.com\\\/de\\\/#\\\/schema\\\/logo\\\/image\\\/\",\"url\":\"https:\\\/\\\/i0.wp.com\\\/www.barista-warehouse.com\\\/wp-content\\\/uploads\\\/2019\\\/05\\\/logo-barista-final.png?fit=479%2C273&ssl=1\",\"contentUrl\":\"https:\\\/\\\/i0.wp.com\\\/www.barista-warehouse.com\\\/wp-content\\\/uploads\\\/2019\\\/05\\\/logo-barista-final.png?fit=479%2C273&ssl=1\",\"width\":479,\"height\":273,\"caption\":\"Baristawarehouse\"},\"image\":{\"@id\":\"https:\\\/\\\/www.barista-warehouse.com\\\/de\\\/#\\\/schema\\\/logo\\\/image\\\/\"},\"sameAs\":[\"https:\\\/\\\/www.facebook.com\\\/Barista-Warehousecom-476441349775216\\\/\"]}]}<\/script>\n<!-- \/ Yoast SEO plugin. -->","yoast_head_json":{"title":"WMF AquaBasic Wasserfilter-Set V","description":"WMF AquaHead Filterkopf, WMF Filterkerze Gr\u00f6\u00dfe V und Anschluss-Set.f\u00fcr die WMF Kaffeemaschinen 1100\u00a0S, 1200\u00a0S, 1500\u00a0S, 1500\u00a0S+ und 1200\u00a0F","robots":{"index":"index","follow":"follow","max-snippet":"max-snippet:-1","max-image-preview":"max-image-preview:large","max-video-preview":"max-video-preview:-1"},"canonical":"https:\/\/www.barista-warehouse.com\/de\/produkt\/wmf-aquabasic-wasserfilter-set-v\/","og_locale":"de_DE","og_type":"article","og_title":"WMF AquaBasic Wasserfilter-Set V","og_description":"WMF AquaHead Filterkopf, WMF Filterkerze Gr\u00f6\u00dfe V und Anschluss-Set.f\u00fcr die WMF Kaffeemaschinen 1100\u00a0S, 1200\u00a0S, 1500\u00a0S, 1500\u00a0S+ und 1200\u00a0F","og_url":"https:\/\/www.barista-warehouse.com\/de\/produkt\/wmf-aquabasic-wasserfilter-set-v\/","og_site_name":"WMF, \u039c\u03b7\u03c7\u03b1\u03bd\u03ad\u03c2 Espresso, \u03c0\u03bb\u03ae\u03c1\u03c9\u03c2 \u03b1\u03c5\u03c4\u03cc\u03bc\u03b1\u03c4\u03b1 \u03c3\u03c5\u03c3\u03c4\u03ae\u03bc\u03b1\u03c4\u03b1, MADE IN GERMANY","article_publisher":"https:\/\/www.facebook.com\/Barista-Warehousecom-476441349775216\/","article_modified_time":"2019-07-23T10:39:12+00:00","og_image":[{"width":212,"height":89,"url":"https:\/\/www.barista-warehouse.com\/wp-content\/uploads\/2019\/07\/WMF_Coffee_Machines_Wasserfilter_V-M_00.jpg","type":"image\/jpeg"}],"twitter_card":"summary_large_image","schema":{"@context":"https:\/\/schema.org","@graph":[{"@type":"WebPage","@id":"https:\/\/www.barista-warehouse.com\/de\/produkt\/wmf-aquabasic-wasserfilter-set-v\/","url":"https:\/\/www.barista-warehouse.com\/de\/produkt\/wmf-aquabasic-wasserfilter-set-v\/","name":"WMF AquaBasic Wasserfilter-Set V","isPartOf":{"@id":"https:\/\/www.barista-warehouse.com\/de\/#website"},"primaryImageOfPage":{"@id":"https:\/\/www.barista-warehouse.com\/de\/produkt\/wmf-aquabasic-wasserfilter-set-v\/#primaryimage"},"image":{"@id":"https:\/\/www.barista-warehouse.com\/de\/produkt\/wmf-aquabasic-wasserfilter-set-v\/#primaryimage"},"thumbnailUrl":"https:\/\/www.barista-warehouse.com\/wp-content\/uploads\/2019\/07\/WMF_Coffee_Machines_Wasserfilter_V-M_00.jpg","datePublished":"2019-07-04T09:24:37+00:00","dateModified":"2019-07-23T10:39:12+00:00","description":"WMF AquaHead Filterkopf, WMF Filterkerze Gr\u00f6\u00dfe V und Anschluss-Set.f\u00fcr die WMF Kaffeemaschinen 1100\u00a0S, 1200\u00a0S, 1500\u00a0S, 1500\u00a0S+ und 1200\u00a0F","breadcrumb":{"@id":"https:\/\/www.barista-warehouse.com\/de\/produkt\/wmf-aquabasic-wasserfilter-set-v\/#breadcrumb"},"inLanguage":"de","potentialAction":[{"@type":"ReadAction","target":["https:\/\/www.barista-warehouse.com\/de\/produkt\/wmf-aquabasic-wasserfilter-set-v\/"]}]},{"@type":"ImageObject","inLanguage":"de","@id":"https:\/\/www.barista-warehouse.com\/de\/produkt\/wmf-aquabasic-wasserfilter-set-v\/#primaryimage","url":"https:\/\/www.barista-warehouse.com\/wp-content\/uploads\/2019\/07\/WMF_Coffee_Machines_Wasserfilter_V-M_00.jpg","contentUrl":"https:\/\/www.barista-warehouse.com\/wp-content\/uploads\/2019\/07\/WMF_Coffee_Machines_Wasserfilter_V-M_00.jpg","width":212,"height":89,"caption":"WMF"},{"@type":"BreadcrumbList","@id":"https:\/\/www.barista-warehouse.com\/de\/produkt\/wmf-aquabasic-wasserfilter-set-v\/#breadcrumb","itemListElement":[{"@type":"ListItem","position":1,"name":"Startseite","item":"https:\/\/www.barista-warehouse.com\/de\/"},{"@type":"ListItem","position":2,"name":"Unsere Produkte","item":"https:\/\/www.barista-warehouse.com\/de\/shop\/"},{"@type":"ListItem","position":3,"name":"WMF AquaBasic Wasserfilter-Set V"}]},{"@type":"WebSite","@id":"https:\/\/www.barista-warehouse.com\/de\/#website","url":"https:\/\/www.barista-warehouse.com\/de\/","name":"Barista Warehouse","description":"\u0395\u03c0\u03b1\u03b3\u03b3\u03b5\u03bb\u03bc\u03b1\u03c4\u03b9\u03ba\u03ad\u03c2 \u03bc\u03b7\u03c7\u03b1\u03bd\u03ad\u03c2 \u03b5\u03c3\u03c0\u03c1\u03ad\u03c3\u03c3\u03bf \u03b3\u03b9\u03b1 \u03ba\u03b1\u03c6\u03b5\u03c4\u03ad\u03c1\u03b9\u03b1, \u03bc\u03c0\u03b1\u03c1, \u03b1\u03bd\u03b1\u03c8\u03c5\u03ba\u03c4\u03ae\u03c1\u03b9\u03bf, \u03be\u03b5\u03bd\u03bf\u03b4\u03bf\u03c7\u03b5\u03af\u03bf \u03ba\u03b1\u03b9 \u03c0\u03c1\u03b1\u03c4\u03ae\u03c1\u03b9\u03bf \u03ac\u03c1\u03c4\u03bf\u03c5","publisher":{"@id":"https:\/\/www.barista-warehouse.com\/de\/#organization"},"potentialAction":[{"@type":"SearchAction","target":{"@type":"EntryPoint","urlTemplate":"https:\/\/www.barista-warehouse.com\/de\/?s={search_term_string}"},"query-input":{"@type":"PropertyValueSpecification","valueRequired":true,"valueName":"search_term_string"}}],"inLanguage":"de"},{"@type":"Organization","@id":"https:\/\/www.barista-warehouse.com\/de\/#organization","name":"Baristawarehouse","url":"https:\/\/www.barista-warehouse.com\/de\/","logo":{"@type":"ImageObject","inLanguage":"de","@id":"https:\/\/www.barista-warehouse.com\/de\/#\/schema\/logo\/image\/","url":"https:\/\/i0.wp.com\/www.barista-warehouse.com\/wp-content\/uploads\/2019\/05\/logo-barista-final.png?fit=479%2C273&ssl=1","contentUrl":"https:\/\/i0.wp.com\/www.barista-warehouse.com\/wp-content\/uploads\/2019\/05\/logo-barista-final.png?fit=479%2C273&ssl=1","width":479,"height":273,"caption":"Baristawarehouse"},"image":{"@id":"https:\/\/www.barista-warehouse.com\/de\/#\/schema\/logo\/image\/"},"sameAs":["https:\/\/www.facebook.com\/Barista-Warehousecom-476441349775216\/"]}]}},"_links":{"self":[{"href":"https:\/\/www.barista-warehouse.com\/de\/wp-json\/wp\/v2\/product\/8447","targetHints":{"allow":["GET"]}}],"collection":[{"href":"https:\/\/www.barista-warehouse.com\/de\/wp-json\/wp\/v2\/product"}],"about":[{"href":"https:\/\/www.barista-warehouse.com\/de\/wp-json\/wp\/v2\/types\/product"}],"replies":[{"embeddable":true,"href":"https:\/\/www.barista-warehouse.com\/de\/wp-json\/wp\/v2\/comments?post=8447"}],"version-history":[{"count":0,"href":"https:\/\/www.barista-warehouse.com\/de\/wp-json\/wp\/v2\/product\/8447\/revisions"}],"wp:featuredmedia":[{"embeddable":true,"href":"https:\/\/www.barista-warehouse.com\/de\/wp-json\/wp\/v2\/media\/8403"}],"wp:attachment":[{"href":"https:\/\/www.barista-warehouse.com\/de\/wp-json\/wp\/v2\/media?parent=8447"}],"wp:term":[{"taxonomy":"product_brand","embeddable":true,"href":"https:\/\/www.barista-warehouse.com\/de\/wp-json\/wp\/v2\/product_brand?post=8447"},{"taxonomy":"product_cat","embeddable":true,"href":"https:\/\/www.barista-warehouse.com\/de\/wp-json\/wp\/v2\/product_cat?post=8447"},{"taxonomy":"product_tag","embeddable":true,"href":"https:\/\/www.barista-warehouse.com\/de\/wp-json\/wp\/v2\/product_tag?post=8447"}],"curies":[{"name":"wp","href":"https:\/\/api.w.org\/{rel}","templated":true}]}}