{"id":9666,"date":"2019-07-22T16:40:26","date_gmt":"2019-07-22T14:42:20","guid":{"rendered":"https:\/\/www.barista-warehouse.com\/?post_type=product&#038;p=9666"},"modified":"2019-07-30T14:09:18","modified_gmt":"2019-07-30T12:09:18","slug":"wmf-reinigungstabletten-100-x-13g","status":"publish","type":"product","link":"https:\/\/www.barista-warehouse.com\/de\/produkt\/wmf-reinigungstabletten-100-x-13g\/","title":{"rendered":"WMF Reinigungstabletten 100 x 1,3g"},"content":{"rendered":"<p>Vollautomatische Kaffeemaschinen, insbesondere wenn sie \u00fcber ein Frischmahlverfahren verf\u00fcgen, m\u00fcssen mit Reinigungstabletten von innen gereinigt werden. Dazu wird im Reinigungsprogramm eine Reinigungstablette in die dazu vorgesehen Kammer bzw. das Pulverfach eingeworfen.<br \/>\nDie regelm\u00e4\u00dfige intensive Reinigung ist deshalb so wichtig, weil in den Kaffeebohnen auch Kaffeewachs und vor allem Kaffee\u00f6l enthalten ist. Das Kaffeewachs lagert sich gerne in den Leitungen und Sieben im Innenleben des Vollautomaten ab. Das Kaffee\u00f6l verfestigt diese Ablagerungen und wird, wenn nicht in Intervallen gereinigt wird, mit der Zeit ranzig. Dementsprechend schlecht schmeckt der Kaffee aus einem ungereinigten Kaffeezubereitungssystem und ist obendrei sehr unhygienisch.<\/p>\n<p>Produkteigenschaften<br \/>\nZur perfekten Reinigung ihres Kaffeevollautomaten oder Ihrer Kaffeemaschine sind die Reinigungstabletten von WMF ideal. Sie entfernen alle Ablagerungen, insbesondere das Kaffeewachs und das Kaffee\u00f6l vollst\u00e4ndig. Dabei sind die Inhaltsstoffe materialschonend und besch\u00e4digen weder Kaffeemaschinenkomponenten noch die empfindlichen Dichtungen.<\/p>\n","protected":false},"excerpt":{"rendered":"<p>Vollautomatische Kaffeemaschinen, insbesondere wenn sie \u00fcber ein Frischmahlverfahren verf\u00fcgen, m\u00fcssen mit Reinigungstabletten von innen gereinigt werden. Dazu wird im Reinigungsprogramm eine Reinigungstablette in die dazu vorgesehen Kammer bzw. das Pulverfach eingeworfen. Die regelm\u00e4\u00dfige intensive Reinigung ist deshalb so wichtig, weil in den Kaffeebohnen auch Kaffeewachs und vor allem Kaffee\u00f6l enthalten ist. Das Kaffeewachs lagert sich [&hellip;]<\/p>\n","protected":false},"featured_media":9669,"comment_status":"open","ping_status":"closed","template":"","meta":[],"product_brand":[],"product_cat":[617],"product_tag":[],"class_list":{"0":"post-9666","1":"product","2":"type-product","3":"status-publish","4":"has-post-thumbnail","6":"product_cat-wmf-reinignungsprdukte","8":"first","9":"instock","10":"taxable","11":"shipping-taxable","12":"purchasable","13":"product-type-simple"},"yoast_head":"<!-- This site is optimized with the Yoast SEO plugin v27.4 - https:\/\/yoast.com\/product\/yoast-seo-wordpress\/ -->\n<title>WMF Reinigungstabletten 100 x 1,3g<\/title>\n<meta name=\"description\" content=\"Zur perfekten Reinigung ihres Kaffeevollautomaten oder Ihrer Kaffeemaschine sind die Reinigungstabletten von WMF ideal.\" \/>\n<meta name=\"robots\" content=\"index, follow, max-snippet:-1, max-image-preview:large, max-video-preview:-1\" \/>\n<link rel=\"canonical\" href=\"https:\/\/www.barista-warehouse.com\/de\/produkt\/wmf-reinigungstabletten-100-x-13g\/\" \/>\n<meta property=\"og:locale\" content=\"de_DE\" \/>\n<meta property=\"og:type\" content=\"article\" \/>\n<meta property=\"og:title\" content=\"WMF Reinigungstabletten 100 x 1,3g\" \/>\n<meta property=\"og:description\" content=\"Zur perfekten Reinigung ihres Kaffeevollautomaten oder Ihrer Kaffeemaschine sind die Reinigungstabletten von WMF ideal.\" \/>\n<meta property=\"og:url\" content=\"https:\/\/www.barista-warehouse.com\/de\/produkt\/wmf-reinigungstabletten-100-x-13g\/\" \/>\n<meta property=\"og:site_name\" content=\"WMF, \u039c\u03b7\u03c7\u03b1\u03bd\u03ad\u03c2 Espresso, \u03c0\u03bb\u03ae\u03c1\u03c9\u03c2 \u03b1\u03c5\u03c4\u03cc\u03bc\u03b1\u03c4\u03b1 \u03c3\u03c5\u03c3\u03c4\u03ae\u03bc\u03b1\u03c4\u03b1, MADE IN GERMANY\" \/>\n<meta property=\"article:publisher\" content=\"https:\/\/www.facebook.com\/Barista-Warehousecom-476441349775216\/\" \/>\n<meta property=\"article:modified_time\" content=\"2019-07-30T12:09:18+00:00\" \/>\n<meta property=\"og:image\" content=\"https:\/\/www.barista-warehouse.com\/wp-content\/uploads\/2019\/07\/WMF-Reinigungstabletten.jpg\" \/>\n\t<meta property=\"og:image:width\" content=\"500\" \/>\n\t<meta property=\"og:image:height\" content=\"500\" \/>\n\t<meta property=\"og:image:type\" content=\"image\/jpeg\" \/>\n<meta name=\"twitter:card\" content=\"summary_large_image\" \/>\n<meta name=\"twitter:label1\" content=\"Gesch\u00e4tzte Lesezeit\" \/>\n\t<meta name=\"twitter:data1\" content=\"1\u00a0Minute\" \/>\n<script type=\"application\/ld+json\" class=\"yoast-schema-graph\">{\"@context\":\"https:\\\/\\\/schema.org\",\"@graph\":[{\"@type\":\"WebPage\",\"@id\":\"https:\\\/\\\/www.barista-warehouse.com\\\/de\\\/produkt\\\/wmf-reinigungstabletten-100-x-13g\\\/\",\"url\":\"https:\\\/\\\/www.barista-warehouse.com\\\/de\\\/produkt\\\/wmf-reinigungstabletten-100-x-13g\\\/\",\"name\":\"WMF Reinigungstabletten 100 x 1,3g\",\"isPartOf\":{\"@id\":\"https:\\\/\\\/www.barista-warehouse.com\\\/de\\\/#website\"},\"primaryImageOfPage\":{\"@id\":\"https:\\\/\\\/www.barista-warehouse.com\\\/de\\\/produkt\\\/wmf-reinigungstabletten-100-x-13g\\\/#primaryimage\"},\"image\":{\"@id\":\"https:\\\/\\\/www.barista-warehouse.com\\\/de\\\/produkt\\\/wmf-reinigungstabletten-100-x-13g\\\/#primaryimage\"},\"thumbnailUrl\":\"https:\\\/\\\/www.barista-warehouse.com\\\/wp-content\\\/uploads\\\/2019\\\/07\\\/WMF-Reinigungstabletten.jpg\",\"datePublished\":\"2019-07-22T14:42:20+00:00\",\"dateModified\":\"2019-07-30T12:09:18+00:00\",\"description\":\"Zur perfekten Reinigung ihres Kaffeevollautomaten oder Ihrer Kaffeemaschine sind die Reinigungstabletten von WMF ideal.\",\"breadcrumb\":{\"@id\":\"https:\\\/\\\/www.barista-warehouse.com\\\/de\\\/produkt\\\/wmf-reinigungstabletten-100-x-13g\\\/#breadcrumb\"},\"inLanguage\":\"de\",\"potentialAction\":[{\"@type\":\"ReadAction\",\"target\":[\"https:\\\/\\\/www.barista-warehouse.com\\\/de\\\/produkt\\\/wmf-reinigungstabletten-100-x-13g\\\/\"]}]},{\"@type\":\"ImageObject\",\"inLanguage\":\"de\",\"@id\":\"https:\\\/\\\/www.barista-warehouse.com\\\/de\\\/produkt\\\/wmf-reinigungstabletten-100-x-13g\\\/#primaryimage\",\"url\":\"https:\\\/\\\/www.barista-warehouse.com\\\/wp-content\\\/uploads\\\/2019\\\/07\\\/WMF-Reinigungstabletten.jpg\",\"contentUrl\":\"https:\\\/\\\/www.barista-warehouse.com\\\/wp-content\\\/uploads\\\/2019\\\/07\\\/WMF-Reinigungstabletten.jpg\",\"width\":500,\"height\":500,\"caption\":\"WMF Cleaningtabletts\"},{\"@type\":\"BreadcrumbList\",\"@id\":\"https:\\\/\\\/www.barista-warehouse.com\\\/de\\\/produkt\\\/wmf-reinigungstabletten-100-x-13g\\\/#breadcrumb\",\"itemListElement\":[{\"@type\":\"ListItem\",\"position\":1,\"name\":\"Startseite\",\"item\":\"https:\\\/\\\/www.barista-warehouse.com\\\/de\\\/\"},{\"@type\":\"ListItem\",\"position\":2,\"name\":\"Unsere Produkte\",\"item\":\"https:\\\/\\\/www.barista-warehouse.com\\\/de\\\/shop\\\/\"},{\"@type\":\"ListItem\",\"position\":3,\"name\":\"WMF Reinigungstabletten 100 x 1,3g\"}]},{\"@type\":\"WebSite\",\"@id\":\"https:\\\/\\\/www.barista-warehouse.com\\\/de\\\/#website\",\"url\":\"https:\\\/\\\/www.barista-warehouse.com\\\/de\\\/\",\"name\":\"Barista Warehouse\",\"description\":\"\u0395\u03c0\u03b1\u03b3\u03b3\u03b5\u03bb\u03bc\u03b1\u03c4\u03b9\u03ba\u03ad\u03c2 \u03bc\u03b7\u03c7\u03b1\u03bd\u03ad\u03c2 \u03b5\u03c3\u03c0\u03c1\u03ad\u03c3\u03c3\u03bf \u03b3\u03b9\u03b1 \u03ba\u03b1\u03c6\u03b5\u03c4\u03ad\u03c1\u03b9\u03b1, \u03bc\u03c0\u03b1\u03c1, \u03b1\u03bd\u03b1\u03c8\u03c5\u03ba\u03c4\u03ae\u03c1\u03b9\u03bf, \u03be\u03b5\u03bd\u03bf\u03b4\u03bf\u03c7\u03b5\u03af\u03bf \u03ba\u03b1\u03b9 \u03c0\u03c1\u03b1\u03c4\u03ae\u03c1\u03b9\u03bf \u03ac\u03c1\u03c4\u03bf\u03c5\",\"publisher\":{\"@id\":\"https:\\\/\\\/www.barista-warehouse.com\\\/de\\\/#organization\"},\"potentialAction\":[{\"@type\":\"SearchAction\",\"target\":{\"@type\":\"EntryPoint\",\"urlTemplate\":\"https:\\\/\\\/www.barista-warehouse.com\\\/de\\\/?s={search_term_string}\"},\"query-input\":{\"@type\":\"PropertyValueSpecification\",\"valueRequired\":true,\"valueName\":\"search_term_string\"}}],\"inLanguage\":\"de\"},{\"@type\":\"Organization\",\"@id\":\"https:\\\/\\\/www.barista-warehouse.com\\\/de\\\/#organization\",\"name\":\"Baristawarehouse\",\"url\":\"https:\\\/\\\/www.barista-warehouse.com\\\/de\\\/\",\"logo\":{\"@type\":\"ImageObject\",\"inLanguage\":\"de\",\"@id\":\"https:\\\/\\\/www.barista-warehouse.com\\\/de\\\/#\\\/schema\\\/logo\\\/image\\\/\",\"url\":\"https:\\\/\\\/i0.wp.com\\\/www.barista-warehouse.com\\\/wp-content\\\/uploads\\\/2019\\\/05\\\/logo-barista-final.png?fit=479%2C273&ssl=1\",\"contentUrl\":\"https:\\\/\\\/i0.wp.com\\\/www.barista-warehouse.com\\\/wp-content\\\/uploads\\\/2019\\\/05\\\/logo-barista-final.png?fit=479%2C273&ssl=1\",\"width\":479,\"height\":273,\"caption\":\"Baristawarehouse\"},\"image\":{\"@id\":\"https:\\\/\\\/www.barista-warehouse.com\\\/de\\\/#\\\/schema\\\/logo\\\/image\\\/\"},\"sameAs\":[\"https:\\\/\\\/www.facebook.com\\\/Barista-Warehousecom-476441349775216\\\/\"]}]}<\/script>\n<!-- \/ Yoast SEO plugin. -->","yoast_head_json":{"title":"WMF Reinigungstabletten 100 x 1,3g","description":"Zur perfekten Reinigung ihres Kaffeevollautomaten oder Ihrer Kaffeemaschine sind die Reinigungstabletten von WMF ideal.","robots":{"index":"index","follow":"follow","max-snippet":"max-snippet:-1","max-image-preview":"max-image-preview:large","max-video-preview":"max-video-preview:-1"},"canonical":"https:\/\/www.barista-warehouse.com\/de\/produkt\/wmf-reinigungstabletten-100-x-13g\/","og_locale":"de_DE","og_type":"article","og_title":"WMF Reinigungstabletten 100 x 1,3g","og_description":"Zur perfekten Reinigung ihres Kaffeevollautomaten oder Ihrer Kaffeemaschine sind die Reinigungstabletten von WMF ideal.","og_url":"https:\/\/www.barista-warehouse.com\/de\/produkt\/wmf-reinigungstabletten-100-x-13g\/","og_site_name":"WMF, \u039c\u03b7\u03c7\u03b1\u03bd\u03ad\u03c2 Espresso, \u03c0\u03bb\u03ae\u03c1\u03c9\u03c2 \u03b1\u03c5\u03c4\u03cc\u03bc\u03b1\u03c4\u03b1 \u03c3\u03c5\u03c3\u03c4\u03ae\u03bc\u03b1\u03c4\u03b1, MADE IN GERMANY","article_publisher":"https:\/\/www.facebook.com\/Barista-Warehousecom-476441349775216\/","article_modified_time":"2019-07-30T12:09:18+00:00","og_image":[{"width":500,"height":500,"url":"https:\/\/www.barista-warehouse.com\/wp-content\/uploads\/2019\/07\/WMF-Reinigungstabletten.jpg","type":"image\/jpeg"}],"twitter_card":"summary_large_image","twitter_misc":{"Gesch\u00e4tzte Lesezeit":"1\u00a0Minute"},"schema":{"@context":"https:\/\/schema.org","@graph":[{"@type":"WebPage","@id":"https:\/\/www.barista-warehouse.com\/de\/produkt\/wmf-reinigungstabletten-100-x-13g\/","url":"https:\/\/www.barista-warehouse.com\/de\/produkt\/wmf-reinigungstabletten-100-x-13g\/","name":"WMF Reinigungstabletten 100 x 1,3g","isPartOf":{"@id":"https:\/\/www.barista-warehouse.com\/de\/#website"},"primaryImageOfPage":{"@id":"https:\/\/www.barista-warehouse.com\/de\/produkt\/wmf-reinigungstabletten-100-x-13g\/#primaryimage"},"image":{"@id":"https:\/\/www.barista-warehouse.com\/de\/produkt\/wmf-reinigungstabletten-100-x-13g\/#primaryimage"},"thumbnailUrl":"https:\/\/www.barista-warehouse.com\/wp-content\/uploads\/2019\/07\/WMF-Reinigungstabletten.jpg","datePublished":"2019-07-22T14:42:20+00:00","dateModified":"2019-07-30T12:09:18+00:00","description":"Zur perfekten Reinigung ihres Kaffeevollautomaten oder Ihrer Kaffeemaschine sind die Reinigungstabletten von WMF ideal.","breadcrumb":{"@id":"https:\/\/www.barista-warehouse.com\/de\/produkt\/wmf-reinigungstabletten-100-x-13g\/#breadcrumb"},"inLanguage":"de","potentialAction":[{"@type":"ReadAction","target":["https:\/\/www.barista-warehouse.com\/de\/produkt\/wmf-reinigungstabletten-100-x-13g\/"]}]},{"@type":"ImageObject","inLanguage":"de","@id":"https:\/\/www.barista-warehouse.com\/de\/produkt\/wmf-reinigungstabletten-100-x-13g\/#primaryimage","url":"https:\/\/www.barista-warehouse.com\/wp-content\/uploads\/2019\/07\/WMF-Reinigungstabletten.jpg","contentUrl":"https:\/\/www.barista-warehouse.com\/wp-content\/uploads\/2019\/07\/WMF-Reinigungstabletten.jpg","width":500,"height":500,"caption":"WMF Cleaningtabletts"},{"@type":"BreadcrumbList","@id":"https:\/\/www.barista-warehouse.com\/de\/produkt\/wmf-reinigungstabletten-100-x-13g\/#breadcrumb","itemListElement":[{"@type":"ListItem","position":1,"name":"Startseite","item":"https:\/\/www.barista-warehouse.com\/de\/"},{"@type":"ListItem","position":2,"name":"Unsere Produkte","item":"https:\/\/www.barista-warehouse.com\/de\/shop\/"},{"@type":"ListItem","position":3,"name":"WMF Reinigungstabletten 100 x 1,3g"}]},{"@type":"WebSite","@id":"https:\/\/www.barista-warehouse.com\/de\/#website","url":"https:\/\/www.barista-warehouse.com\/de\/","name":"Barista Warehouse","description":"\u0395\u03c0\u03b1\u03b3\u03b3\u03b5\u03bb\u03bc\u03b1\u03c4\u03b9\u03ba\u03ad\u03c2 \u03bc\u03b7\u03c7\u03b1\u03bd\u03ad\u03c2 \u03b5\u03c3\u03c0\u03c1\u03ad\u03c3\u03c3\u03bf \u03b3\u03b9\u03b1 \u03ba\u03b1\u03c6\u03b5\u03c4\u03ad\u03c1\u03b9\u03b1, \u03bc\u03c0\u03b1\u03c1, \u03b1\u03bd\u03b1\u03c8\u03c5\u03ba\u03c4\u03ae\u03c1\u03b9\u03bf, \u03be\u03b5\u03bd\u03bf\u03b4\u03bf\u03c7\u03b5\u03af\u03bf \u03ba\u03b1\u03b9 \u03c0\u03c1\u03b1\u03c4\u03ae\u03c1\u03b9\u03bf \u03ac\u03c1\u03c4\u03bf\u03c5","publisher":{"@id":"https:\/\/www.barista-warehouse.com\/de\/#organization"},"potentialAction":[{"@type":"SearchAction","target":{"@type":"EntryPoint","urlTemplate":"https:\/\/www.barista-warehouse.com\/de\/?s={search_term_string}"},"query-input":{"@type":"PropertyValueSpecification","valueRequired":true,"valueName":"search_term_string"}}],"inLanguage":"de"},{"@type":"Organization","@id":"https:\/\/www.barista-warehouse.com\/de\/#organization","name":"Baristawarehouse","url":"https:\/\/www.barista-warehouse.com\/de\/","logo":{"@type":"ImageObject","inLanguage":"de","@id":"https:\/\/www.barista-warehouse.com\/de\/#\/schema\/logo\/image\/","url":"https:\/\/i0.wp.com\/www.barista-warehouse.com\/wp-content\/uploads\/2019\/05\/logo-barista-final.png?fit=479%2C273&ssl=1","contentUrl":"https:\/\/i0.wp.com\/www.barista-warehouse.com\/wp-content\/uploads\/2019\/05\/logo-barista-final.png?fit=479%2C273&ssl=1","width":479,"height":273,"caption":"Baristawarehouse"},"image":{"@id":"https:\/\/www.barista-warehouse.com\/de\/#\/schema\/logo\/image\/"},"sameAs":["https:\/\/www.facebook.com\/Barista-Warehousecom-476441349775216\/"]}]}},"_links":{"self":[{"href":"https:\/\/www.barista-warehouse.com\/de\/wp-json\/wp\/v2\/product\/9666","targetHints":{"allow":["GET"]}}],"collection":[{"href":"https:\/\/www.barista-warehouse.com\/de\/wp-json\/wp\/v2\/product"}],"about":[{"href":"https:\/\/www.barista-warehouse.com\/de\/wp-json\/wp\/v2\/types\/product"}],"replies":[{"embeddable":true,"href":"https:\/\/www.barista-warehouse.com\/de\/wp-json\/wp\/v2\/comments?post=9666"}],"version-history":[{"count":0,"href":"https:\/\/www.barista-warehouse.com\/de\/wp-json\/wp\/v2\/product\/9666\/revisions"}],"wp:featuredmedia":[{"embeddable":true,"href":"https:\/\/www.barista-warehouse.com\/de\/wp-json\/wp\/v2\/media\/9669"}],"wp:attachment":[{"href":"https:\/\/www.barista-warehouse.com\/de\/wp-json\/wp\/v2\/media?parent=9666"}],"wp:term":[{"taxonomy":"product_brand","embeddable":true,"href":"https:\/\/www.barista-warehouse.com\/de\/wp-json\/wp\/v2\/product_brand?post=9666"},{"taxonomy":"product_cat","embeddable":true,"href":"https:\/\/www.barista-warehouse.com\/de\/wp-json\/wp\/v2\/product_cat?post=9666"},{"taxonomy":"product_tag","embeddable":true,"href":"https:\/\/www.barista-warehouse.com\/de\/wp-json\/wp\/v2\/product_tag?post=9666"}],"curies":[{"name":"wp","href":"https:\/\/api.w.org\/{rel}","templated":true}]}}